{"id":4477,"date":"2023-11-16T17:34:21","date_gmt":"2023-11-16T09:34:21","guid":{"rendered":"https:\/\/bagmanufacturer.net\/?page_id=4477"},"modified":"2023-11-16T17:43:22","modified_gmt":"2023-11-16T09:43:22","slug":"privacy-policy","status":"publish","type":"page","link":"https:\/\/bagmanufacturer.net\/de\/privacy-policy\/","title":{"rendered":"Datenschutzbestimmungen"},"content":{"rendered":"<div data-elementor-type=\"wp-page\" data-elementor-id=\"4477\" class=\"elementor elementor-4477\" data-elementor-post-type=\"page\">\n\t\t\t\t<div class=\"elementor-element elementor-element-299a454 e-flex e-con-boxed e-con e-parent\" data-id=\"299a454\" data-element_type=\"container\">\n\t\t\t\t\t<div class=\"e-con-inner\">\n\t\t\t\t<div class=\"elementor-element elementor-element-cbe381f elementor-widget elementor-widget-heading\" data-id=\"cbe381f\" data-element_type=\"widget\" data-widget_type=\"heading.default\">\n\t\t\t\t<div class=\"elementor-widget-container\">\n\t\t\t\t\t<h1 class=\"elementor-heading-title elementor-size-default\">Datenschutzbestimmungen<\/h1>\t\t\t\t<\/div>\n\t\t\t\t<\/div>\n\t\t\t\t\t<\/div>\n\t\t\t\t<\/div>\n\t\t<div class=\"elementor-element elementor-element-fb8281c e-flex e-con-boxed e-con e-parent\" data-id=\"fb8281c\" data-element_type=\"container\">\n\t\t\t\t\t<div class=\"e-con-inner\">\n\t\t\t\t<div class=\"elementor-element elementor-element-dfe2397 elementor-widget elementor-widget-text-editor\" data-id=\"dfe2397\" data-element_type=\"widget\" data-widget_type=\"text-editor.default\">\n\t\t\t\t<div class=\"elementor-widget-container\">\n\t\t\t\t\t\t\t\t\t<p data-id=\"df06acf7-3c41-472c-a1ea-13a241d29370\" data-pm-slice=\"1 1 []\">Zuletzt aktualisiert: November 16, 2023<\/p><p data-id=\"5f8c3e6d-defd-4600-8ec9-90283c043e62\">Diese Datenschutzrichtlinie (\"Richtlinie\") beschreibt, wie BagManufacture (im Folgenden als \"BagManufacture\", \"wir\", \"uns\" oder \"unser\" bezeichnet) mit Sitz in China (das \"Unternehmen\") personenbezogene Daten (\"Pers\u00f6nliche Daten\"), die Sie auf der Website https:\/\/bagmanufacturer.net\/ und den dort angebotenen Produkten oder Dienstleistungen (zusammenfassend als \"Website\" oder \"Dienstleistungen\" bezeichnet) zur Verf\u00fcgung stellen, sammelt, sch\u00fctzt und verwendet.<\/p><h2 id=\"7e36bcee-fe98-47dd-9d38-3d488b8d8774\" data-id=\"7e36bcee-fe98-47dd-9d38-3d488b8d8774\"><strong>1. Erhebung personenbezogener Daten<\/strong><\/h2><p data-id=\"158a14fb-7cd6-4e91-812d-a19753dad100\">Wir erfassen und speichern personenbezogene Daten, wenn Sie sich auf unserer Website registrieren, eine Bestellung aufgeben, einen Newsletter abonnieren, auf eine Umfrage antworten, ein Formular ausf\u00fcllen oder in Verbindung mit anderen Aktivit\u00e4ten, Dienstleistungen, Funktionen oder Ressourcen, die wir zur Verf\u00fcgung stellen. Je nach Ihren Aktivit\u00e4ten werden Sie m\u00f6glicherweise nach Ihrem Namen, Ihrer E-Mail-Adresse, Ihrer Postanschrift, Ihrer Telefonnummer, Ihren Kreditkartendaten und anderen relevanten Details gefragt, um Ihnen bei Ihren Aktivit\u00e4ten zu helfen.<\/p><h2 id=\"5d49ffcb-c506-4b15-8593-6f0d7d4f431d\" data-id=\"5d49ffcb-c506-4b15-8593-6f0d7d4f431d\"><strong>2. Verwendung der gesammelten Informationen<\/strong><\/h2><p data-id=\"b982262c-8996-4f6a-8079-993a2cf91f36\">Wir k\u00f6nnen die von Ihnen gesammelten Informationen f\u00fcr die folgenden Hauptgr\u00fcnde verwenden:<\/p><ul class=\"tight\" data-id=\"bd14619e-2434-4350-b573-3e8da0230c23\" data-tight=\"true\"><li class=\"\"><p data-id=\"5f4247b9-b514-4a80-a415-e90dafc1c006\">Zur Personalisierung und Verbesserung Ihrer Benutzererfahrung<\/p><\/li><li class=\"\"><p data-id=\"b59c4b99-c345-4d3a-964e-bfecc34e229d\">Bearbeitung von Auftr\u00e4gen und Transaktionen<\/p><\/li><li class=\"\"><p data-id=\"aee6626a-ae59-4130-8e62-4688c051b3fe\">Unterst\u00fctzung des Kundendienstes<\/p><\/li><li class=\"\"><p data-id=\"aa98e3c1-cbea-4532-b756-25036f8a8203\">Zum Versenden regelm\u00e4\u00dfiger E-Mails \u00fcber Bestellungen, Produkte, Dienstleistungen, Angebote und Aktualisierungen<\/p><\/li><li class=\"\"><p data-id=\"d4f1dd55-70fc-4c05-bc81-6fa164d9d4be\">Zur Verwaltung und zum Betrieb unserer Dienste<\/p><\/li><\/ul><h2 id=\"b1bd91c0-a072-4351-ad57-d8b322cfc718\" data-id=\"b1bd91c0-a072-4351-ad57-d8b322cfc718\"><strong>3. Verarbeitung von personenbezogenen Daten<\/strong><\/h2><p data-id=\"a6de0d4f-a347-4f1e-a93f-9695aa12bb15\">Wir werden Ihre personenbezogenen Daten so lange aufbewahren und verwenden, wie es f\u00fcr die Erf\u00fcllung unserer rechtlichen Verpflichtungen, die Beilegung von Streitigkeiten und die Durchsetzung unserer Vereinbarungen erforderlich ist. Wir handeln in \u00dcbereinstimmung mit der Allgemeinen Datenschutzverordnung (GDPR) (EU) 2016\/679.<\/p><h2 id=\"4cdf494b-aa30-45cc-ab85-634862df19ab\" data-id=\"4cdf494b-aa30-45cc-ab85-634862df19ab\"><strong>4. Informationssicherheit<\/strong><\/h2><p data-id=\"a7cf6fb3-9bb6-48ea-85fb-3d742aa33335\">Wir wenden angemessene Verfahren zur Datenerfassung, -speicherung und -verarbeitung sowie Sicherheitsma\u00dfnahmen an, um Ihre pers\u00f6nlichen Daten vor unbefugtem Zugriff, Ver\u00e4nderung, Offenlegung oder Zerst\u00f6rung zu sch\u00fctzen. Der Austausch sensibler und privater Daten zwischen der Website und ihren Nutzern erfolgt \u00fcber einen SSL-gesicherten Kommunikationskanal, der verschl\u00fcsselt und durch digitale Signaturen gesch\u00fctzt ist.<\/p><h2 id=\"ca63fff4-ff4e-40a6-b661-5aada05d5b87\" data-id=\"ca63fff4-ff4e-40a6-b661-5aada05d5b87\"><strong>5. Websites von Drittanbietern<\/strong><\/h2><p data-id=\"7b02f3f2-2b83-42ed-9710-342f93b15b74\">Unsere Website kann Links zu anderen Websites enthalten, die nicht in unserem Besitz sind oder von uns kontrolliert werden. Bitte beachten Sie, dass wir nicht f\u00fcr die Datenschutzpraktiken dieser anderen Websites verantwortlich sind.<\/p><h2 id=\"2ef442d8-9d53-4a7b-9a8f-e678bce3ed35\" data-id=\"2ef442d8-9d53-4a7b-9a8f-e678bce3ed35\"><strong>6. Die Privatsph\u00e4re der Kinder<\/strong><\/h2><p data-id=\"5d19df63-80cd-43b8-bea5-5e6b5fa66a8d\">Unsere Dienste sind nicht f\u00fcr die Nutzung durch Personen unter 18 Jahren bestimmt. Wir sammeln nicht wissentlich pers\u00f6nliche Daten von Kindern unter 18 Jahren.<\/p><h2 id=\"022e87c9-3a05-4579-bd87-82b99ec90135\" data-id=\"022e87c9-3a05-4579-bd87-82b99ec90135\"><strong>7. \u00c4nderungen der Datenschutzrichtlinie<\/strong><\/h2><p data-id=\"1395c182-c160-4037-8355-3123a1b04942\">Wir behalten uns das Recht vor, diese Richtlinie jederzeit zu \u00e4ndern. Wenn wir uns entscheiden, unsere Datenschutzrichtlinie zu \u00e4ndern, werden wir diese \u00c4nderungen auf dieser Seite ver\u00f6ffentlichen.<\/p><h2 id=\"b70b21cb-e030-42cb-979a-b14f27a4bc91\" data-id=\"b70b21cb-e030-42cb-979a-b14f27a4bc91\"><strong>8. Kontakt<\/strong><\/h2><p data-id=\"2a772b39-cc82-4ea3-8ded-19319ecd14d4\">Wenn Sie Fragen oder Bedenken zu dieser Richtlinie haben, wenden Sie sich bitte an uns.<\/p><p data-id=\"f0dd6d1c-6060-4ab8-b5fe-a348bebd0b73\">E-Mail: <a class=\"text-[#3A7EFF] transition-colors cursor-pointer hover:underline underline-offset-[3px] text-[#3A7EFF] transition-colors cursor-pointer hover:underline underline-offset-[3px]\" href=\"mailto:sales@bagmanufacture.net\" target=\"_blank\" rel=\"noopener noreferrer nofollow\"><strong><u>sales@bagmanufacture.net<\/u><\/strong><\/a> Anschrift: China, 5, Bezirk Huadu, Shiling, Guangzhou<\/p><div class=\"elementor-element elementor-element-59fc7181 e-con-full e-flex e-con e-child\" data-id=\"59fc7181\" data-element_type=\"container\" data-settings=\"{&quot;content_width&quot;:&quot;full&quot;}\"><div class=\"elementor-element elementor-element-bc561f4 elementor-search-form--skin-full_screen elementor-widget elementor-widget-search-form\" data-id=\"bc561f4\" data-element_type=\"widget\" data-settings=\"{&quot;skin&quot;:&quot;full_screen&quot;}\" data-widget_type=\"search-form.default\"><div class=\"elementor-widget-container\">\u00a0<\/div><\/div><\/div><p data-id=\"46db1880-35d1-43ac-b6ee-684306bc3dc6\">Diese Datenschutzrichtlinie gilt ab dem\u00a0<span style=\"color: var( --e-global-color-text ); font-family: var( --e-global-typography-text-font-family ), Sans-serif; font-size: var( --e-global-typography-text-font-size ); font-style: var( --e-global-typography-text-font-style ); font-weight: var( --e-global-typography-text-font-weight ); letter-spacing: var( --e-global-typography-text-letter-spacing ); text-transform: var( --e-global-typography-text-text-transform ); text-align: var(--text-align); background-color: var( --e-global-color-c696dce );\">November 16, 2023<\/span><\/p>\t\t\t\t\t\t\t\t<\/div>\n\t\t\t\t<\/div>\n\t\t\t\t\t<\/div>\n\t\t\t\t<\/div>\n\t\t\t\t<\/div>","protected":false},"excerpt":{"rendered":"<p>Datenschutzrichtlinie Zuletzt aktualisiert: 16. November 2023 Diese Datenschutzrichtlinie (\"Richtlinie\") beschreibt, wie BagManufacture (im Folgenden als \"BagManufacture\", \"wir\", \"uns\" oder \"unser\" bezeichnet) mit Sitz in China (das \"Unternehmen\") personenbezogene Daten (\"Pers\u00f6nliche Daten\"), die Sie auf der Website https:\/\/bagmanufacturer.net\/ und den Produkten oder Dienstleistungen des Unternehmens (zusammenfassend als \"Website\" oder [...]) zur Verf\u00fcgung stellen, erfasst, sch\u00fctzt und verwendet.<\/p>","protected":false},"author":1,"featured_media":0,"parent":0,"menu_order":0,"comment_status":"closed","ping_status":"closed","template":"","meta":{"footnotes":""},"aioseo_notices":[],"_links":{"self":[{"href":"https:\/\/bagmanufacturer.net\/de\/wp-json\/wp\/v2\/pages\/4477"}],"collection":[{"href":"https:\/\/bagmanufacturer.net\/de\/wp-json\/wp\/v2\/pages"}],"about":[{"href":"https:\/\/bagmanufacturer.net\/de\/wp-json\/wp\/v2\/types\/page"}],"author":[{"embeddable":true,"href":"https:\/\/bagmanufacturer.net\/de\/wp-json\/wp\/v2\/users\/1"}],"replies":[{"embeddable":true,"href":"https:\/\/bagmanufacturer.net\/de\/wp-json\/wp\/v2\/comments?post=4477"}],"version-history":[{"count":8,"href":"https:\/\/bagmanufacturer.net\/de\/wp-json\/wp\/v2\/pages\/4477\/revisions"}],"predecessor-version":[{"id":4489,"href":"https:\/\/bagmanufacturer.net\/de\/wp-json\/wp\/v2\/pages\/4477\/revisions\/4489"}],"wp:attachment":[{"href":"https:\/\/bagmanufacturer.net\/de\/wp-json\/wp\/v2\/media?parent=4477"}],"curies":[{"name":"wp","href":"https:\/\/api.w.org\/{rel}","templated":true}]}}