{"id":4490,"date":"2023-11-16T17:49:32","date_gmt":"2023-11-16T09:49:32","guid":{"rendered":"https:\/\/bagmanufacturer.net\/?page_id=4490"},"modified":"2023-11-16T17:54:59","modified_gmt":"2023-11-16T09:54:59","slug":"terms-of-use","status":"publish","type":"page","link":"https:\/\/bagmanufacturer.net\/de\/terms-of-use\/","title":{"rendered":"Bedingungen f\u00fcr die Nutzung"},"content":{"rendered":"<div data-elementor-type=\"wp-page\" data-elementor-id=\"4490\" class=\"elementor elementor-4490\" data-elementor-post-type=\"page\">\n\t\t\t\t<div class=\"elementor-element elementor-element-d5c5c14 e-flex e-con-boxed e-con e-parent\" data-id=\"d5c5c14\" data-element_type=\"container\">\n\t\t\t\t\t<div class=\"e-con-inner\">\n\t\t\t\t<div class=\"elementor-element elementor-element-13d1e16 elementor-widget elementor-widget-heading\" data-id=\"13d1e16\" data-element_type=\"widget\" data-widget_type=\"heading.default\">\n\t\t\t\t<div class=\"elementor-widget-container\">\n\t\t\t\t\t<h1 class=\"elementor-heading-title elementor-size-default\">Bedingungen f\u00fcr die Nutzung<\/h1>\t\t\t\t<\/div>\n\t\t\t\t<\/div>\n\t\t\t\t\t<\/div>\n\t\t\t\t<\/div>\n\t\t<div class=\"elementor-element elementor-element-e137324 e-flex e-con-boxed e-con e-parent\" data-id=\"e137324\" data-element_type=\"container\">\n\t\t\t\t\t<div class=\"e-con-inner\">\n\t\t\t\t<div class=\"elementor-element elementor-element-685cf93 elementor-widget elementor-widget-text-editor\" data-id=\"685cf93\" data-element_type=\"widget\" data-widget_type=\"text-editor.default\">\n\t\t\t\t<div class=\"elementor-widget-container\">\n\t\t\t\t\t\t\t\t\t<p data-id=\"654560c2-04a0-4a25-8d48-343428a371e0\">Zuletzt aktualisiert: November 16, 2023<\/p><p data-id=\"841b077a-9aa0-45df-8bef-0287fbcf1011\">Willkommen bei <a class=\"text-[#3A7EFF] transition-colors cursor-pointer hover:underline underline-offset-[3px] text-[#3A7EFF] transition-colors cursor-pointer hover:underline underline-offset-[3px]\" href=\"https:\/\/bagmanufacturer.net\/de\/\" target=\"_blank\" rel=\"noopener noreferrer nofollow\">https:\/\/bagmanufacturer.net\/<\/a> (die \"Website\"). Diese Website ist Eigentum und wird betrieben von BagManufacture (im Folgenden \"Unternehmen\", \"wir\", \"uns\" oder \"unser\"). Dies ist eine rechtliche Vereinbarung (\"Vereinbarung\") zwischen Ihnen, dem Nutzer (\"Sie\" oder \"Ihr\"), und dem Unternehmen, die Ihre Nutzung dieser Website und der vom Unternehmen angebotenen Produkte und Dienstleistungen regelt.<\/p><h2 id=\"329c370b-7287-49e4-8131-17cf006d88cf\" data-id=\"329c370b-7287-49e4-8131-17cf006d88cf\">1. Akzeptanz der Bedingungen<\/h2><p data-id=\"7051c63d-28ce-45ad-b78d-7b476dd9da70\">Indem Sie auf diese Website zugreifen, sie durchst\u00f6bern oder nutzen, best\u00e4tigen Sie, dass Sie mindestens 18 Jahre alt sind und sich mit den in dieser Vereinbarung enthaltenen Bestimmungen und Bedingungen einverstanden erkl\u00e4ren.<\/p><h2 id=\"4111b0a6-4114-46ed-904e-dccae7fa92b2\" data-id=\"4111b0a6-4114-46ed-904e-dccae7fa92b2\">2. Anmeldung<\/h2><p data-id=\"ce56dae8-a9ee-4297-8cee-907308cf4b0d\">F\u00fcr die Nutzung bestimmter Dienste auf der Website kann eine Registrierung erforderlich sein. Bei der Registrierung verpflichten Sie sich, genaue und aktuelle Informationen anzugeben.<\/p><h2 id=\"e56b658a-82ba-49e8-8b8f-e834f6a47b69\" data-id=\"e56b658a-82ba-49e8-8b8f-e834f6a47b69\">3. Bestellungen und Zahlungen<\/h2><p data-id=\"958e58ca-770b-4960-9592-d1d17055d9f9\">Wenn Sie eine Bestellung aufgeben, verpflichten Sie sich, den auf der Website angegebenen Preis f\u00fcr die Waren zu zahlen. Die Zahlung ist in voller H\u00f6he zum Zeitpunkt der Bestellung f\u00e4llig, es sei denn, es wurden besondere Vereinbarungen zwischen Ihnen und dem Unternehmen getroffen. Sie versichern, dass Sie ein autorisierter Benutzer der verwendeten Zahlungsmethode sind.<\/p><h2 id=\"c9171e3f-eb56-468f-ba84-01980f08ec5e\" data-id=\"c9171e3f-eb56-468f-ba84-01980f08ec5e\">4. Rechte an geistigem Eigentum<\/h2><p data-id=\"7986461b-1161-4e23-aa9c-c0ebd8f6ded4\">Alle Inhalte dieser Website sind das ausschlie\u00dfliche Eigentum des Unternehmens. Sie d\u00fcrfen keinen Teil unserer Dienstleistungen oder der enthaltenen Software kopieren, ver\u00e4ndern, vertreiben, verkaufen oder vermieten, noch d\u00fcrfen Sie den Quellcode dieser Software zur\u00fcckentwickeln oder versuchen, ihn zu extrahieren.<\/p><h2 id=\"ccd02c40-0055-41ee-939b-f5e8df95b0a9\" data-id=\"ccd02c40-0055-41ee-939b-f5e8df95b0a9\">5. Begrenzung der Haftung<\/h2><p data-id=\"eb02ae13-eca9-4558-9489-56dd413bc55f\">Unter keinen Umst\u00e4nden, einschlie\u00dflich, aber nicht beschr\u00e4nkt auf Fahrl\u00e4ssigkeit, haftet das Unternehmen f\u00fcr direkte oder indirekte Sch\u00e4den, die sich aus der Nutzung oder der Unm\u00f6glichkeit der Nutzung der Dienste der Website ergeben.<\/p><h2 id=\"88a3a9ce-fd76-4747-bc4d-0e481d57de61\" data-id=\"88a3a9ce-fd76-4747-bc4d-0e481d57de61\">6. Benutzerverhalten<\/h2><p data-id=\"400ecf4a-3407-445e-8d7c-08c31a97f9a4\">Sie verpflichten sich, keine Handlungen vorzunehmen, die den Diensten oder den Nutzern der Dienste schaden k\u00f6nnten.<\/p><h2 id=\"6fb328e5-7c83-40d9-9d90-3f20f4627cef\" data-id=\"6fb328e5-7c83-40d9-9d90-3f20f4627cef\">7. Datenschutz<\/h2><p data-id=\"e1759404-149f-43f0-93e8-9d27a3ff3222\">Das Unternehmen respektiert Ihre Privatsph\u00e4re und nimmt seine Verpflichtungen zum Schutz Ihrer pers\u00f6nlichen Daten sehr ernst. Unsere Praktiken in Bezug auf die Erhebung und Verarbeitung Ihrer personenbezogenen Daten sind in unserer Datenschutzrichtlinie festgelegt.<\/p><h2 id=\"46882601-2fff-45d4-83b3-bafceb09c185\" data-id=\"46882601-2fff-45d4-83b3-bafceb09c185\">8. \u00c4nderungen der Bedingungen<\/h2><p data-id=\"fc233f06-a5ec-4a08-90e3-be289720e31e\">Das Unternehmen beh\u00e4lt sich das Recht vor, diese Vereinbarung gelegentlich zu \u00e4ndern. Die ge\u00e4nderten Bedingungen werden auf der Website ver\u00f6ffentlicht und treten unmittelbar nach der Ver\u00f6ffentlichung in Kraft.<\/p><h2 id=\"06377f63-2cf9-4a20-a8f7-5cd677d77384\" data-id=\"06377f63-2cf9-4a20-a8f7-5cd677d77384\">9. Kontakt<\/h2><p data-id=\"93721fa8-90ee-4a61-b80c-5667478f2276\">Bei Fragen oder Beschwerden bez\u00fcglich dieser Nutzungsbedingungen wenden Sie sich bitte an uns:<\/p><p data-id=\"a264ef3b-f27e-4279-9372-b68f424508e9\">E-Mail: <a class=\"text-[#3A7EFF] transition-colors cursor-pointer hover:underline underline-offset-[3px] text-[#3A7EFF] transition-colors cursor-pointer hover:underline underline-offset-[3px]\" href=\"mailto:sales@bagmanufacture.com\" target=\"_blank\" rel=\"noopener noreferrer nofollow\">sales@bagmanufacture.com<\/a><br \/>Anschrift: China, 5, Bezirk Huadu, Shiling, Guangzhou<\/p><div class=\"elementor-element elementor-element-59fc7181 e-con-full e-flex e-con e-child\" data-id=\"59fc7181\" data-element_type=\"container\" data-settings=\"{&quot;content_width&quot;:&quot;full&quot;}\"><div class=\"elementor-element elementor-element-bc561f4 elementor-search-form--skin-full_screen elementor-widget elementor-widget-search-form\" data-id=\"bc561f4\" data-element_type=\"widget\" data-settings=\"{&quot;skin&quot;:&quot;full_screen&quot;}\" data-widget_type=\"search-form.default\"><div class=\"elementor-widget-container\">\u00a0<\/div><\/div><\/div><p data-id=\"4960ebda-bcd9-4d95-8d4f-d44ec928987a\">Diese Nutzungsbedingungen sind ab dem 16. November 2023 g\u00fcltig.<\/p>\t\t\t\t\t\t\t\t<\/div>\n\t\t\t\t<\/div>\n\t\t\t\t\t<\/div>\n\t\t\t\t<\/div>\n\t\t\t\t<\/div>","protected":false},"excerpt":{"rendered":"<p>Nutzungsbedingungen Zuletzt aktualisiert: 16. November 2023 Willkommen auf https:\/\/bagmanufacturer.net\/ (die \"Website\"). Diese Website ist im Besitz und wird betrieben von BagManufacture (im Folgenden \"Unternehmen\", \"wir\", \"uns\" oder \"unser\"). Dies ist eine rechtliche Vereinbarung (\"Vereinbarung\") zwischen Ihnen, dem Nutzer (\"Sie\" oder \"Ihr\"), und dem Unternehmen, die Ihre Nutzung dieser Website und der Produkte und Dienstleistungen [...] regelt.<\/p>","protected":false},"author":1,"featured_media":0,"parent":0,"menu_order":0,"comment_status":"closed","ping_status":"closed","template":"","meta":{"footnotes":""},"aioseo_notices":[],"_links":{"self":[{"href":"https:\/\/bagmanufacturer.net\/de\/wp-json\/wp\/v2\/pages\/4490"}],"collection":[{"href":"https:\/\/bagmanufacturer.net\/de\/wp-json\/wp\/v2\/pages"}],"about":[{"href":"https:\/\/bagmanufacturer.net\/de\/wp-json\/wp\/v2\/types\/page"}],"author":[{"embeddable":true,"href":"https:\/\/bagmanufacturer.net\/de\/wp-json\/wp\/v2\/users\/1"}],"replies":[{"embeddable":true,"href":"https:\/\/bagmanufacturer.net\/de\/wp-json\/wp\/v2\/comments?post=4490"}],"version-history":[{"count":5,"href":"https:\/\/bagmanufacturer.net\/de\/wp-json\/wp\/v2\/pages\/4490\/revisions"}],"predecessor-version":[{"id":4495,"href":"https:\/\/bagmanufacturer.net\/de\/wp-json\/wp\/v2\/pages\/4490\/revisions\/4495"}],"wp:attachment":[{"href":"https:\/\/bagmanufacturer.net\/de\/wp-json\/wp\/v2\/media?parent=4490"}],"curies":[{"name":"wp","href":"https:\/\/api.w.org\/{rel}","templated":true}]}}