{"id":4496,"date":"2023-11-16T18:59:45","date_gmt":"2023-11-16T10:59:45","guid":{"rendered":"https:\/\/bagmanufacturer.net\/?page_id=4496"},"modified":"2023-11-16T19:01:29","modified_gmt":"2023-11-16T11:01:29","slug":"editorial-guidelines","status":"publish","type":"page","link":"https:\/\/bagmanufacturer.net\/de\/editorial-guidelines\/","title":{"rendered":"Redaktionelle Leitlinien"},"content":{"rendered":"<div data-elementor-type=\"wp-page\" data-elementor-id=\"4496\" class=\"elementor elementor-4496\" data-elementor-post-type=\"page\">\n\t\t\t\t<div class=\"elementor-element elementor-element-3735346 e-flex e-con-boxed e-con e-parent\" data-id=\"3735346\" data-element_type=\"container\">\n\t\t\t\t\t<div class=\"e-con-inner\">\n\t\t\t\t<div class=\"elementor-element elementor-element-3aadd99 elementor-widget elementor-widget-heading\" data-id=\"3aadd99\" data-element_type=\"widget\" data-widget_type=\"heading.default\">\n\t\t\t\t<div class=\"elementor-widget-container\">\n\t\t\t\t\t<h1 class=\"elementor-heading-title elementor-size-default\">Redaktionelle Leitlinien\n<\/h1>\t\t\t\t<\/div>\n\t\t\t\t<\/div>\n\t\t\t\t\t<\/div>\n\t\t\t\t<\/div>\n\t\t<div class=\"elementor-element elementor-element-ff30a7e e-flex e-con-boxed e-con e-parent\" data-id=\"ff30a7e\" data-element_type=\"container\">\n\t\t\t\t\t<div class=\"e-con-inner\">\n\t\t\t\t<div class=\"elementor-element elementor-element-a6fb0ec elementor-widget elementor-widget-text-editor\" data-id=\"a6fb0ec\" data-element_type=\"widget\" data-widget_type=\"text-editor.default\">\n\t\t\t\t<div class=\"elementor-widget-container\">\n\t\t\t\t\t\t\t\t\t<p dir=\"auto\">Redaktionspolitik f\u00fcr <a href=\"https:\/\/bagmanufacturer.net\/de\/\">BagManufacturer.net<\/a><\/p><ol><li><p dir=\"auto\">Inhaltliche Korrektheit und Integrit\u00e4t:<br \/>Alle auf BagManufacturer.net ver\u00f6ffentlichten Inhalte werden gr\u00fcndlich recherchiert und auf ihre Richtigkeit \u00fcberpr\u00fcft. Wir verpflichten uns, vertrauensw\u00fcrdige, klare und pr\u00e4gnante Informationen \u00fcber unsere Herstellungsprozesse, die verwendeten Materialien und die angebotenen Produkte zu liefern.<\/p><\/li><li><p dir=\"auto\">Unvoreingenommene Berichterstattung:<br \/>Unser prim\u00e4res Ziel ist es, unvoreingenommene Informationen \u00fcber unsere Produktionsverfahren und Produktangebote zu pr\u00e4sentieren. Obwohl wir uns selbst bewerben, bem\u00fchen wir uns, unsere Produkte und Dienstleistungen objektiv darzustellen und sowohl die St\u00e4rken als auch die Bereiche mit Verbesserungspotenzial hervorzuheben.<\/p><\/li><li><p dir=\"auto\">Originalit\u00e4t:<br \/>Alle Inhalte auf BagManufacturer.net sind original. Wir verbieten strikt Plagiate und legen gro\u00dfen Wert auf Einzigartigkeit und Kreativit\u00e4t bei der Erstellung unserer Inhalte.<\/p><\/li><li><p dir=\"auto\">Glaubw\u00fcrdigkeit der Quelle:<br \/>Wenn wir auf externe Quellen verweisen, zitieren wir nur glaubw\u00fcrdige, ma\u00dfgebliche Quellen. Dies hilft uns, den Wahrheitsgehalt und die Zuverl\u00e4ssigkeit der Informationen zu gew\u00e4hrleisten, die wir mit unseren Lesern teilen.<\/p><\/li><li><p dir=\"auto\">Produktbeschreibungen:<br \/>Wir verpflichten uns, vollst\u00e4ndige, genaue und aktuelle Produktbeschreibungen zu liefern. Alle Merkmale, Spezifikationen und Preise werden transparent angegeben, und alle \u00c4nderungen werden umgehend aktualisiert.<\/p><\/li><li><p dir=\"auto\">Kommentare\/Feedback:<br \/>Wir begr\u00fc\u00dfen und ermutigen unsere Leser und Kunden, ihr Feedback und ihre Erfahrungen in Kommentaren auf BagManufacturer.net mitzuteilen. Allerdings werden alle Kommentare, die Beleidigungen, Spam, unangemessene Inhalte oder pers\u00f6nliche Angriffe auf andere Mitglieder enthalten, entfernt.<\/p><\/li><li><p dir=\"auto\">Rechte:<br \/>BagManufacturer.net beh\u00e4lt sich das Recht vor, Inhalte, Kommentare oder Benutzerkonten zu aktualisieren, zu \u00e4ndern oder zu entfernen, wenn dies zur Aufrechterhaltung der Integrit\u00e4t der Website erforderlich ist.<\/p><\/li><li><p dir=\"auto\">Werbeanzeigen und gesponserte Inhalte:<br \/>Wenn wir Werbung oder gesponserte Inhalte hosten, werden diese deutlich gekennzeichnet. Wir w\u00e4hlen die Werbung mit Bedacht aus, um die Beeintr\u00e4chtigung des Nutzererlebnisses zu minimieren.<\/p><\/li><\/ol><p dir=\"auto\">Wir von BagManufacturer.net halten uns strikt an diese redaktionellen Richtlinien, um sicherzustellen, dass wir unseren Benutzern glaubw\u00fcrdige, zuverl\u00e4ssige und genaue Inhalte bieten.<\/p>\t\t\t\t\t\t\t\t<\/div>\n\t\t\t\t<\/div>\n\t\t\t\t\t<\/div>\n\t\t\t\t<\/div>\n\t\t\t\t<\/div>","protected":false},"excerpt":{"rendered":"<p>Redaktionsrichtlinien Redaktionspolitik f\u00fcr BagManufacturer.net Inhaltliche Genauigkeit und Integrit\u00e4t: Alle auf BagManufacturer.net ver\u00f6ffentlichten Inhalte werden gr\u00fcndlich recherchiert und auf ihre Genauigkeit \u00fcberpr\u00fcft. Wir sind bestrebt, vertrauensw\u00fcrdige, klare und pr\u00e4zise Informationen \u00fcber unsere Herstellungsprozesse, die verwendeten Materialien und die angebotenen Produkte zu liefern. Unvoreingenommene Berichterstattung: Unser prim\u00e4res Ziel ist es, unvoreingenommene Informationen \u00fcber unsere Herstellungsprozesse und [...]<\/p>","protected":false},"author":1,"featured_media":0,"parent":0,"menu_order":0,"comment_status":"closed","ping_status":"closed","template":"","meta":{"footnotes":""},"aioseo_notices":[],"_links":{"self":[{"href":"https:\/\/bagmanufacturer.net\/de\/wp-json\/wp\/v2\/pages\/4496"}],"collection":[{"href":"https:\/\/bagmanufacturer.net\/de\/wp-json\/wp\/v2\/pages"}],"about":[{"href":"https:\/\/bagmanufacturer.net\/de\/wp-json\/wp\/v2\/types\/page"}],"author":[{"embeddable":true,"href":"https:\/\/bagmanufacturer.net\/de\/wp-json\/wp\/v2\/users\/1"}],"replies":[{"embeddable":true,"href":"https:\/\/bagmanufacturer.net\/de\/wp-json\/wp\/v2\/comments?post=4496"}],"version-history":[{"count":5,"href":"https:\/\/bagmanufacturer.net\/de\/wp-json\/wp\/v2\/pages\/4496\/revisions"}],"predecessor-version":[{"id":4501,"href":"https:\/\/bagmanufacturer.net\/de\/wp-json\/wp\/v2\/pages\/4496\/revisions\/4501"}],"wp:attachment":[{"href":"https:\/\/bagmanufacturer.net\/de\/wp-json\/wp\/v2\/media?parent=4496"}],"curies":[{"name":"wp","href":"https:\/\/api.w.org\/{rel}","templated":true}]}}