{"id":50,"date":"2023-09-14T14:41:59","date_gmt":"2023-09-14T13:41:59","guid":{"rendered":"https:\/\/bagmanufacturer.net\/our-story\/"},"modified":"2023-11-16T19:15:35","modified_gmt":"2023-11-16T11:15:35","slug":"our-story","status":"publish","type":"page","link":"https:\/\/bagmanufacturer.net\/de\/our-story\/","title":{"rendered":"Unsere Geschichte"},"content":{"rendered":"<div data-elementor-type=\"wp-page\" data-elementor-id=\"50\" class=\"elementor elementor-50\" data-elementor-post-type=\"page\">\n\t\t\t\t<div class=\"elementor-element elementor-element-6dea8247 e-con-full e-flex e-con e-parent\" data-id=\"6dea8247\" data-element_type=\"container\">\n\t\t<div class=\"elementor-element elementor-element-12a5b6c6 e-con-full e-flex e-con e-child\" data-id=\"12a5b6c6\" data-element_type=\"container\">\n\t\t\t\t<div class=\"elementor-element elementor-element-4120a9bf elementor-widget elementor-widget-heading\" data-id=\"4120a9bf\" data-element_type=\"widget\" data-widget_type=\"heading.default\">\n\t\t\t\t<div class=\"elementor-widget-container\">\n\t\t\t\t\t<h1 class=\"elementor-heading-title elementor-size-default\">\u00dcber uns<\/h1>\t\t\t\t<\/div>\n\t\t\t\t<\/div>\n\t\t\t\t<div class=\"elementor-element elementor-element-39315ad elementor-widget elementor-widget-text-editor\" data-id=\"39315ad\" data-element_type=\"widget\" data-widget_type=\"text-editor.default\">\n\t\t\t\t<div class=\"elementor-widget-container\">\n\t\t\t\t\t\t\t\t\t<p>Willkommen bei BagManufacturer, einem f\u00fchrenden Hersteller von ma\u00dfgeschneiderten Taschen mit Sitz in China, 5, Huadu District, Shiling, Guangzhou. Seit unserer Gr\u00fcndung im Jahr 2003 haben wir uns der Herstellung von exquisiten Handtaschen, Rucks\u00e4cken, Tragetaschen und vielem mehr verschrieben. Unsere Leidenschaft f\u00fcr die Herstellung einzigartiger und hochwertiger Taschen ist die treibende Kraft hinter unserem Erfolg.<\/p><p>Wir bei BagManufacturer wissen, dass jeder Mensch seinen eigenen Stil und seine eigenen Vorlieben hat, wenn es um Taschen geht. Deshalb haben wir uns auf die Individualisierung spezialisiert und bieten eine breite Palette von Optionen, um Ihre Vorstellungen zu verwirklichen. Egal, ob Sie ein modebewusster Trendsetter oder ein Gesch\u00e4ftsmann sind, der Wert auf Raffinesse legt, wir haben das Fachwissen, um auf Ihre individuellen Bed\u00fcrfnisse einzugehen.<\/p>\t\t\t\t\t\t\t\t<\/div>\n\t\t\t\t<\/div>\n\t\t\t\t<\/div>\n\t\t<div class=\"elementor-element elementor-element-14c6ed6f e-con-full e-flex e-con e-child\" data-id=\"14c6ed6f\" data-element_type=\"container\" data-settings=\"{&quot;background_background&quot;:&quot;classic&quot;}\">\n\t\t\t\t<div class=\"elementor-element elementor-element-5553a15f elementor-widget elementor-widget-image\" data-id=\"5553a15f\" data-element_type=\"widget\" data-widget_type=\"image.default\">\n\t\t\t\t<div class=\"elementor-widget-container\">\n\t\t\t\t\t\t\t\t\t\t\t\t\t\t\t<img fetchpriority=\"high\" decoding=\"async\" width=\"800\" height=\"534\" src=\"https:\/\/bagmanufacturer.net\/wp-content\/uploads\/2023\/09\/industrial-park-factory-building-warehouse-1024x683.jpg\" class=\"attachment-large size-large wp-image-145\" alt=\"\" srcset=\"https:\/\/bagmanufacturer.net\/wp-content\/uploads\/2023\/09\/industrial-park-factory-building-warehouse-1024x683.jpg 1024w, https:\/\/bagmanufacturer.net\/wp-content\/uploads\/2023\/09\/industrial-park-factory-building-warehouse-300x200.jpg 300w, https:\/\/bagmanufacturer.net\/wp-content\/uploads\/2023\/09\/industrial-park-factory-building-warehouse-768x512.jpg 768w, https:\/\/bagmanufacturer.net\/wp-content\/uploads\/2023\/09\/industrial-park-factory-building-warehouse-1536x1025.jpg 1536w, https:\/\/bagmanufacturer.net\/wp-content\/uploads\/2023\/09\/industrial-park-factory-building-warehouse-2048x1366.jpg 2048w\" sizes=\"(max-width: 800px) 100vw, 800px\" \/>\t\t\t\t\t\t\t\t\t\t\t\t\t\t\t<\/div>\n\t\t\t\t<\/div>\n\t\t\t\t<\/div>\n\t\t\t\t<\/div>\n\t\t<div class=\"elementor-element elementor-element-447a7f0f e-flex e-con-boxed e-con e-parent\" data-id=\"447a7f0f\" data-element_type=\"container\">\n\t\t\t\t\t<div class=\"e-con-inner\">\n\t\t<div class=\"elementor-element elementor-element-4cabd5c8 e-con-full e-flex e-con e-child\" data-id=\"4cabd5c8\" data-element_type=\"container\">\n\t\t\t\t<div class=\"elementor-element elementor-element-7ff33dd6 elementor-widget elementor-widget-image\" data-id=\"7ff33dd6\" data-element_type=\"widget\" data-widget_type=\"image.default\">\n\t\t\t\t<div class=\"elementor-widget-container\">\n\t\t\t\t\t\t\t\t\t\t\t\t\t\t\t<img decoding=\"async\" width=\"800\" height=\"534\" src=\"https:\/\/bagmanufacturer.net\/wp-content\/uploads\/2023\/09\/creative-tailor-working-workshop-1024x683.jpg\" class=\"attachment-large size-large wp-image-242\" alt=\"Arbeitsschneider\" srcset=\"https:\/\/bagmanufacturer.net\/wp-content\/uploads\/2023\/09\/creative-tailor-working-workshop-1024x683.jpg 1024w, https:\/\/bagmanufacturer.net\/wp-content\/uploads\/2023\/09\/creative-tailor-working-workshop-300x200.jpg 300w, https:\/\/bagmanufacturer.net\/wp-content\/uploads\/2023\/09\/creative-tailor-working-workshop-768x512.jpg 768w, https:\/\/bagmanufacturer.net\/wp-content\/uploads\/2023\/09\/creative-tailor-working-workshop-1536x1024.jpg 1536w, https:\/\/bagmanufacturer.net\/wp-content\/uploads\/2023\/09\/creative-tailor-working-workshop-2048x1366.jpg 2048w\" sizes=\"(max-width: 800px) 100vw, 800px\" \/>\t\t\t\t\t\t\t\t\t\t\t\t\t\t\t<\/div>\n\t\t\t\t<\/div>\n\t\t\t\t<\/div>\n\t\t<div class=\"elementor-element elementor-element-43b98f23 e-con-full e-flex e-con e-child\" data-id=\"43b98f23\" data-element_type=\"container\">\n\t\t\t\t<div class=\"elementor-element elementor-element-408e9e80 elementor-widget__width-initial elementor-widget elementor-widget-heading\" data-id=\"408e9e80\" data-element_type=\"widget\" data-widget_type=\"heading.default\">\n\t\t\t\t<div class=\"elementor-widget-container\">\n\t\t\t\t\t<h2 class=\"elementor-heading-title elementor-size-default\">Unser Auftrag<\/h2>\t\t\t\t<\/div>\n\t\t\t\t<\/div>\n\t\t\t\t<div class=\"elementor-element elementor-element-38dc5ac6 elementor-widget elementor-widget-text-editor\" data-id=\"38dc5ac6\" data-element_type=\"widget\" data-widget_type=\"text-editor.default\">\n\t\t\t\t<div class=\"elementor-widget-container\">\n\t\t\t\t\t\t\t\t\t<p>Unsere Aufgabe bei BagManufacturer ist es, eine vielf\u00e4ltige Taschenkollektion zu entwerfen und herzustellen, die von Handtaschen und Rucks\u00e4cken bis hin zu Tragetaschen und Ledertaschen reicht. Wir sind bestrebt, die Bed\u00fcrfnisse und Vorlieben unserer gesch\u00e4tzten Kunden zu erf\u00fcllen, indem wir ihnen hochwertige und stilvolle Taschen anbieten, die ihren Alltag bereichern. Durch unser Engagement f\u00fcr handwerkliches K\u00f6nnen und unsere Liebe zum Detail sind wir bestrebt, stets Produkte zu liefern, die die Erwartungen \u00fcbertreffen. Durch die Kombination von Innovation, Funktionalit\u00e4t und \u00c4sthetik wollen wir die erste Wahl f\u00fcr Menschen sein, die zuverl\u00e4ssige und modische Taschen suchen. Unser oberstes Ziel bei BagManufacturer ist es, Menschen zu inspirieren und zu bef\u00e4higen, ihren einzigartigen Stil auszudr\u00fccken und ihre Erfahrungen durch unser au\u00dfergew\u00f6hnliches Taschensortiment zu verbessern.<\/p>\t\t\t\t\t\t\t\t<\/div>\n\t\t\t\t<\/div>\n\t\t\t\t<\/div>\n\t\t\t\t\t<\/div>\n\t\t\t\t<\/div>\n\t\t<div class=\"elementor-element elementor-element-039cfe0 e-con-full e-flex e-con e-parent\" data-id=\"039cfe0\" data-element_type=\"container\">\n\t\t<div class=\"elementor-element elementor-element-a9f8db4 e-con-full e-flex e-con e-child\" data-id=\"a9f8db4\" data-element_type=\"container\" data-settings=\"{&quot;background_background&quot;:&quot;classic&quot;}\">\n\t\t\t\t<div class=\"elementor-element elementor-element-64e4bb9 elementor-widget elementor-widget-google_maps\" data-id=\"64e4bb9\" data-element_type=\"widget\" data-widget_type=\"google_maps.default\">\n\t\t\t\t<div class=\"elementor-widget-container\">\n\t\t\t\t\t\t\t<div class=\"elementor-custom-embed\">\n\t\t\t<iframe loading=\"lazy\"\n\t\t\t\t\tsrc=\"https:\/\/maps.google.com\/maps?q=China%2C%205%2C%20Huadu%20District%2C%20Shiling%2C%20Guangzhou&#038;t=m&#038;z=17&#038;output=embed&#038;iwloc=near\"\n\t\t\t\t\ttitle=\"China, 5, Bezirk Huadu, Shiling, Guangzhou\"\n\t\t\t\t\taria-label=\"China, 5, Bezirk Huadu, Shiling, Guangzhou\"\n\t\t\t><\/iframe>\n\t\t<\/div>\n\t\t\t\t\t\t<\/div>\n\t\t\t\t<\/div>\n\t\t\t\t<\/div>\n\t\t<div class=\"elementor-element elementor-element-c4d0621 e-con-full e-flex e-con e-child\" data-id=\"c4d0621\" data-element_type=\"container\">\n\t\t\t\t<div class=\"elementor-element elementor-element-2588430 elementor-widget elementor-widget-heading\" data-id=\"2588430\" data-element_type=\"widget\" data-widget_type=\"heading.default\">\n\t\t\t\t<div class=\"elementor-widget-container\">\n\t\t\t\t\t<h2 class=\"elementor-heading-title elementor-size-default\">Besuchen Sie uns<\/h2>\t\t\t\t<\/div>\n\t\t\t\t<\/div>\n\t\t\t\t<div class=\"elementor-element elementor-element-c07d984 elementor-widget elementor-widget-icon-box\" data-id=\"c07d984\" data-element_type=\"widget\" data-widget_type=\"icon-box.default\">\n\t\t\t\t<div class=\"elementor-widget-container\">\n\t\t\t\t\t\t\t<div class=\"elementor-icon-box-wrapper\">\n\n\t\t\t\n\t\t\t\t\t\t<div class=\"elementor-icon-box-content\">\n\n\t\t\t\t\t\t\t\t\t<h4 class=\"elementor-icon-box-title\">\n\t\t\t\t\t\t<span  >\n\t\t\t\t\t\t\tAdresse:\t\t\t\t\t\t<\/span>\n\t\t\t\t\t<\/h4>\n\t\t\t\t\n\t\t\t\t\t\t\t\t\t<p class=\"elementor-icon-box-description\">\n\t\t\t\t\t\tChina, 5, Bezirk Huadu, Shiling, Guangzhou\t\t\t\t\t<\/p>\n\t\t\t\t\n\t\t\t<\/div>\n\t\t\t\n\t\t<\/div>\n\t\t\t\t\t\t<\/div>\n\t\t\t\t<\/div>\n\t\t\t\t<\/div>\n\t\t\t\t<\/div>\n\t\t<div class=\"elementor-element elementor-element-53a85905 e-flex e-con-boxed e-con e-parent\" data-id=\"53a85905\" data-element_type=\"container\">\n\t\t\t\t\t<div class=\"e-con-inner\">\n\t\t\t\t<div class=\"elementor-element elementor-element-761f1c42 elementor-widget__width-initial elementor-widget elementor-widget-heading\" data-id=\"761f1c42\" data-element_type=\"widget\" data-widget_type=\"heading.default\">\n\t\t\t\t<div class=\"elementor-widget-container\">\n\t\t\t\t\t<h2 class=\"elementor-heading-title elementor-size-default\">Bereit f\u00fcr sch\u00f6ne Taschen? Holen Sie sich jetzt ein Angebot!<\/h2>\t\t\t\t<\/div>\n\t\t\t\t<\/div>\n\t\t\t\t<div class=\"elementor-element elementor-element-356102fb elementor-align-center elementor-mobile-align-center elementor-widget elementor-widget-button\" data-id=\"356102fb\" data-element_type=\"widget\" data-widget_type=\"button.default\">\n\t\t\t\t<div class=\"elementor-widget-container\">\n\t\t\t\t\t\t\t\t\t<div class=\"elementor-button-wrapper\">\n\t\t\t\t\t<a class=\"elementor-button elementor-button-link elementor-size-sm\" href=\"https:\/\/bagmanufacturer.net\/de\/contact-us\/\">\n\t\t\t\t\t\t<span class=\"elementor-button-content-wrapper\">\n\t\t\t\t\t\t\t\t\t<span class=\"elementor-button-text\">Kontakt<\/span>\n\t\t\t\t\t<\/span>\n\t\t\t\t\t<\/a>\n\t\t\t\t<\/div>\n\t\t\t\t\t\t\t\t<\/div>\n\t\t\t\t<\/div>\n\t\t\t\t\t<\/div>\n\t\t\t\t<\/div>\n\t\t\t\t<\/div>","protected":false},"excerpt":{"rendered":"<p>\u00dcber uns Willkommen bei BagManufacturer, einem f\u00fchrenden Hersteller von ma\u00dfgeschneiderten Taschen mit Sitz in China, 5, Huadu District, Shiling, Guangzhou. Seit unserer Gr\u00fcndung im Jahr 2003 haben wir uns der Herstellung von exquisiten Handtaschen, Rucks\u00e4cken, Tragetaschen und mehr verschrieben. Unsere Leidenschaft f\u00fcr die Herstellung einzigartiger und hochwertiger Taschen ist die treibende Kraft hinter unserem Erfolg. Bei BagManufacturer, wir [...]<\/p>","protected":false},"author":1,"featured_media":0,"parent":0,"menu_order":0,"comment_status":"closed","ping_status":"closed","template":"","meta":{"footnotes":""},"aioseo_notices":[],"_links":{"self":[{"href":"https:\/\/bagmanufacturer.net\/de\/wp-json\/wp\/v2\/pages\/50"}],"collection":[{"href":"https:\/\/bagmanufacturer.net\/de\/wp-json\/wp\/v2\/pages"}],"about":[{"href":"https:\/\/bagmanufacturer.net\/de\/wp-json\/wp\/v2\/types\/page"}],"author":[{"embeddable":true,"href":"https:\/\/bagmanufacturer.net\/de\/wp-json\/wp\/v2\/users\/1"}],"replies":[{"embeddable":true,"href":"https:\/\/bagmanufacturer.net\/de\/wp-json\/wp\/v2\/comments?post=50"}],"version-history":[{"count":23,"href":"https:\/\/bagmanufacturer.net\/de\/wp-json\/wp\/v2\/pages\/50\/revisions"}],"predecessor-version":[{"id":4651,"href":"https:\/\/bagmanufacturer.net\/de\/wp-json\/wp\/v2\/pages\/50\/revisions\/4651"}],"wp:attachment":[{"href":"https:\/\/bagmanufacturer.net\/de\/wp-json\/wp\/v2\/media?parent=50"}],"curies":[{"name":"wp","href":"https:\/\/api.w.org\/{rel}","templated":true}]}}