{"id":4477,"date":"2023-11-16T17:34:21","date_gmt":"2023-11-16T09:34:21","guid":{"rendered":"https:\/\/bagmanufacturer.net\/?page_id=4477"},"modified":"2023-11-16T17:43:22","modified_gmt":"2023-11-16T09:43:22","slug":"privacy-policy","status":"publish","type":"page","link":"https:\/\/bagmanufacturer.net\/es\/privacy-policy\/","title":{"rendered":"Pol\u00edtica de privacidad"},"content":{"rendered":"<div data-elementor-type=\"wp-page\" data-elementor-id=\"4477\" class=\"elementor elementor-4477\" data-elementor-post-type=\"page\">\n\t\t\t\t<div class=\"elementor-element elementor-element-299a454 e-flex e-con-boxed e-con e-parent\" data-id=\"299a454\" data-element_type=\"container\">\n\t\t\t\t\t<div class=\"e-con-inner\">\n\t\t\t\t<div class=\"elementor-element elementor-element-cbe381f elementor-widget elementor-widget-heading\" data-id=\"cbe381f\" data-element_type=\"widget\" data-widget_type=\"heading.default\">\n\t\t\t\t<div class=\"elementor-widget-container\">\n\t\t\t\t\t<h1 class=\"elementor-heading-title elementor-size-default\">Pol\u00edtica de privacidad<\/h1>\t\t\t\t<\/div>\n\t\t\t\t<\/div>\n\t\t\t\t\t<\/div>\n\t\t\t\t<\/div>\n\t\t<div class=\"elementor-element elementor-element-fb8281c e-flex e-con-boxed e-con e-parent\" data-id=\"fb8281c\" data-element_type=\"container\">\n\t\t\t\t\t<div class=\"e-con-inner\">\n\t\t\t\t<div class=\"elementor-element elementor-element-dfe2397 elementor-widget elementor-widget-text-editor\" data-id=\"dfe2397\" data-element_type=\"widget\" data-widget_type=\"text-editor.default\">\n\t\t\t\t<div class=\"elementor-widget-container\">\n\t\t\t\t\t\t\t\t\t<p data-id=\"df06acf7-3c41-472c-a1ea-13a241d29370\" data-pm-slice=\"1 1 []\">\u00daltima actualizaci\u00f3n: 16 de noviembre de 2023<\/p><p data-id=\"5f8c3e6d-defd-4600-8ec9-90283c043e62\">La presente pol\u00edtica de privacidad (\"Pol\u00edtica\") describe el modo en que BagManufacture (en lo sucesivo, \"BagManufacture\", \"nosotros\", \"nos\" o \"nuestro\"), con sede en China (la \"Empresa\"), recopila, protege y utiliza la informaci\u00f3n de identificaci\u00f3n personal (\"Informaci\u00f3n personal\") que usted pueda facilitar en el sitio web https:\/\/bagmanufacturer.net\/ y en cualquiera de sus productos o servicios (colectivamente, el \"Sitio web\" o los \"Servicios\").<\/p><h2 id=\"7e36bcee-fe98-47dd-9d38-3d488b8d8774\" data-id=\"7e36bcee-fe98-47dd-9d38-3d488b8d8774\"><strong>1. Recogida de datos personales<\/strong><\/h2><p data-id=\"158a14fb-7cd6-4e91-812d-a19753dad100\">Recogemos y almacenamos informaci\u00f3n personal cuando usted se registra en nuestro sitio web, realiza un pedido, se suscribe a un bolet\u00edn, responde a una encuesta, rellena un formulario o en relaci\u00f3n con otras actividades, servicios, funciones o recursos que ponemos a su disposici\u00f3n. Dependiendo de las actividades que realice, es posible que le pidamos su nombre, direcci\u00f3n de correo electr\u00f3nico, direcci\u00f3n postal, n\u00famero de tel\u00e9fono, informaci\u00f3n sobre su tarjeta de cr\u00e9dito y otros datos relevantes para ayudarle en su experiencia.<\/p><h2 id=\"5d49ffcb-c506-4b15-8593-6f0d7d4f431d\" data-id=\"5d49ffcb-c506-4b15-8593-6f0d7d4f431d\"><strong>2. Uso de la informaci\u00f3n recogida<\/strong><\/h2><p data-id=\"b982262c-8996-4f6a-8079-993a2cf91f36\">Podemos utilizar la informaci\u00f3n que recabamos de usted por los siguientes motivos principales:<\/p><ul class=\"tight\" data-id=\"bd14619e-2434-4350-b573-3e8da0230c23\" data-tight=\"true\"><li class=\"\"><p data-id=\"5f4247b9-b514-4a80-a415-e90dafc1c006\">Para personalizar y mejorar su experiencia de usuario<\/p><\/li><li class=\"\"><p data-id=\"b59c4b99-c345-4d3a-964e-bfecc34e229d\">Tramitar pedidos y transacciones<\/p><\/li><li class=\"\"><p data-id=\"aee6626a-ae59-4130-8e62-4688c051b3fe\">Prestar apoyo al servicio de atenci\u00f3n al cliente<\/p><\/li><li class=\"\"><p data-id=\"aa98e3c1-cbea-4532-b756-25036f8a8203\">Para enviar correos electr\u00f3nicos peri\u00f3dicos sobre pedidos, productos, servicios, ofertas y actualizaciones.<\/p><\/li><li class=\"\"><p data-id=\"d4f1dd55-70fc-4c05-bc81-6fa164d9d4be\">Para gestionar y operar nuestros Servicios<\/p><\/li><\/ul><h2 id=\"b1bd91c0-a072-4351-ad57-d8b322cfc718\" data-id=\"b1bd91c0-a072-4351-ad57-d8b322cfc718\"><strong>3. Tratamiento de datos personales<\/strong><\/h2><p data-id=\"a6de0d4f-a347-4f1e-a93f-9695aa12bb15\">Conservaremos y utilizaremos sus Datos Personales durante el periodo necesario para cumplir con nuestras obligaciones legales, resolver litigios y hacer cumplir nuestros acuerdos. Desarrollamos nuestra actividad de conformidad con el Reglamento General de Protecci\u00f3n de Datos (RGPD) (UE) 2016\/679.<\/p><h2 id=\"4cdf494b-aa30-45cc-ab85-634862df19ab\" data-id=\"4cdf494b-aa30-45cc-ab85-634862df19ab\"><strong>4. 4. Seguridad de la informaci\u00f3n<\/strong><\/h2><p data-id=\"a7cf6fb3-9bb6-48ea-85fb-3d742aa33335\">Adoptamos pr\u00e1cticas adecuadas de recogida, almacenamiento y tratamiento de datos, as\u00ed como medidas de seguridad para proteger su informaci\u00f3n personal contra el acceso no autorizado, la alteraci\u00f3n, la divulgaci\u00f3n o la destrucci\u00f3n. Los intercambios de datos sensibles y privados entre el sitio web y sus usuarios se realizan a trav\u00e9s de un canal de comunicaci\u00f3n seguro SSL, cifrado y protegido con firmas digitales.<\/p><h2 id=\"ca63fff4-ff4e-40a6-b661-5aada05d5b87\" data-id=\"ca63fff4-ff4e-40a6-b661-5aada05d5b87\"><strong>5. Sitios web de terceros<\/strong><\/h2><p data-id=\"7b02f3f2-2b83-42ed-9710-342f93b15b74\">Nuestro sitio web puede contener enlaces a otros sitios web que no son de nuestra propiedad ni est\u00e1n bajo nuestro control. Tenga en cuenta que no somos responsables de las pr\u00e1cticas de privacidad de esos otros sitios web.<\/p><h2 id=\"2ef442d8-9d53-4a7b-9a8f-e678bce3ed35\" data-id=\"2ef442d8-9d53-4a7b-9a8f-e678bce3ed35\"><strong>6. Privacidad infantil<\/strong><\/h2><p data-id=\"5d19df63-80cd-43b8-bea5-5e6b5fa66a8d\">Nuestros Servicios no est\u00e1n destinados a ser utilizados por menores de 18 a\u00f1os. No recopilamos conscientemente informaci\u00f3n personal de menores de 18 a\u00f1os.<\/p><h2 id=\"022e87c9-3a05-4579-bd87-82b99ec90135\" data-id=\"022e87c9-3a05-4579-bd87-82b99ec90135\"><strong>7. Cambios en la pol\u00edtica de privacidad<\/strong><\/h2><p data-id=\"1395c182-c160-4037-8355-3123a1b04942\">Nos reservamos el derecho a modificar esta pol\u00edtica en cualquier momento. Si decidimos cambiar nuestra pol\u00edtica de privacidad, publicaremos dichos cambios en esta p\u00e1gina.<\/p><h2 id=\"b70b21cb-e030-42cb-979a-b14f27a4bc91\" data-id=\"b70b21cb-e030-42cb-979a-b14f27a4bc91\"><strong>8. Contacto<\/strong><\/h2><p data-id=\"2a772b39-cc82-4ea3-8ded-19319ecd14d4\">Si tiene alguna pregunta o duda sobre esta Pol\u00edtica, p\u00f3ngase en contacto con nosotros.<\/p><p data-id=\"f0dd6d1c-6060-4ab8-b5fe-a348bebd0b73\">Correo electr\u00f3nico: <a class=\"text-[#3A7EFF] transition-colors cursor-pointer hover:underline underline-offset-[3px] text-[#3A7EFF] transition-colors cursor-pointer hover:underline underline-offset-[3px]\" href=\"mailto:sales@bagmanufacture.net\" target=\"_blank\" rel=\"noopener noreferrer nofollow\"><strong><u>sales@bagmanufacture.net<\/u><\/strong><\/a> Direcci\u00f3n: China, 5, Distrito Huadu, Shiling, Guangzhou<\/p><div class=\"elementor-element elementor-element-59fc7181 e-con-full e-flex e-con e-child\" data-id=\"59fc7181\" data-element_type=\"container\" data-settings=\"{&quot;content_width&quot;:&quot;full&quot;}\"><div class=\"elementor-element elementor-element-bc561f4 elementor-search-form--skin-full_screen elementor-widget elementor-widget-search-form\" data-id=\"bc561f4\" data-element_type=\"widget\" data-settings=\"{&quot;skin&quot;:&quot;full_screen&quot;}\" data-widget_type=\"search-form.default\"><div class=\"elementor-widget-container\">\u00a0<\/div><\/div><\/div><p data-id=\"46db1880-35d1-43ac-b6ee-684306bc3dc6\">La presente Pol\u00edtica de Privacidad es efectiva a partir de\u00a0<span style=\"color: var( --e-global-color-text ); font-family: var( --e-global-typography-text-font-family ), Sans-serif; font-size: var( --e-global-typography-text-font-size ); font-style: var( --e-global-typography-text-font-style ); font-weight: var( --e-global-typography-text-font-weight ); letter-spacing: var( --e-global-typography-text-letter-spacing ); text-transform: var( --e-global-typography-text-text-transform ); text-align: var(--text-align); background-color: var( --e-global-color-c696dce );\">16 de noviembre de 2023<\/span><\/p>\t\t\t\t\t\t\t\t<\/div>\n\t\t\t\t<\/div>\n\t\t\t\t\t<\/div>\n\t\t\t\t<\/div>\n\t\t\t\t<\/div>","protected":false},"excerpt":{"rendered":"<p>Pol\u00edtica de privacidad \u00daltima actualizaci\u00f3n: 16 de noviembre de 2023 Esta pol\u00edtica de privacidad (\"Pol\u00edtica\") describe c\u00f3mo BagManufacture (en lo sucesivo, \"BagManufacture\", \"nosotros\", \"nos\" o \"nuestro\"), con sede en China (la \"Empresa\"), recopila, protege y utiliza la informaci\u00f3n de identificaci\u00f3n personal (\"Informaci\u00f3n personal\") que usted pueda proporcionar en el sitio web https:\/\/bagmanufacturer.net\/ y en cualquiera de sus productos o servicios (colectivamente, \"Sitio web\" o [...]<\/p>","protected":false},"author":1,"featured_media":0,"parent":0,"menu_order":0,"comment_status":"closed","ping_status":"closed","template":"","meta":{"footnotes":""},"aioseo_notices":[],"_links":{"self":[{"href":"https:\/\/bagmanufacturer.net\/es\/wp-json\/wp\/v2\/pages\/4477"}],"collection":[{"href":"https:\/\/bagmanufacturer.net\/es\/wp-json\/wp\/v2\/pages"}],"about":[{"href":"https:\/\/bagmanufacturer.net\/es\/wp-json\/wp\/v2\/types\/page"}],"author":[{"embeddable":true,"href":"https:\/\/bagmanufacturer.net\/es\/wp-json\/wp\/v2\/users\/1"}],"replies":[{"embeddable":true,"href":"https:\/\/bagmanufacturer.net\/es\/wp-json\/wp\/v2\/comments?post=4477"}],"version-history":[{"count":8,"href":"https:\/\/bagmanufacturer.net\/es\/wp-json\/wp\/v2\/pages\/4477\/revisions"}],"predecessor-version":[{"id":4489,"href":"https:\/\/bagmanufacturer.net\/es\/wp-json\/wp\/v2\/pages\/4477\/revisions\/4489"}],"wp:attachment":[{"href":"https:\/\/bagmanufacturer.net\/es\/wp-json\/wp\/v2\/media?parent=4477"}],"curies":[{"name":"wp","href":"https:\/\/api.w.org\/{rel}","templated":true}]}}