{"id":4490,"date":"2023-11-16T17:49:32","date_gmt":"2023-11-16T09:49:32","guid":{"rendered":"https:\/\/bagmanufacturer.net\/?page_id=4490"},"modified":"2023-11-16T17:54:59","modified_gmt":"2023-11-16T09:54:59","slug":"terms-of-use","status":"publish","type":"page","link":"https:\/\/bagmanufacturer.net\/es\/terms-of-use\/","title":{"rendered":"Condiciones de uso"},"content":{"rendered":"<div data-elementor-type=\"wp-page\" data-elementor-id=\"4490\" class=\"elementor elementor-4490\" data-elementor-post-type=\"page\">\n\t\t\t\t<div class=\"elementor-element elementor-element-d5c5c14 e-flex e-con-boxed e-con e-parent\" data-id=\"d5c5c14\" data-element_type=\"container\">\n\t\t\t\t\t<div class=\"e-con-inner\">\n\t\t\t\t<div class=\"elementor-element elementor-element-13d1e16 elementor-widget elementor-widget-heading\" data-id=\"13d1e16\" data-element_type=\"widget\" data-widget_type=\"heading.default\">\n\t\t\t\t<div class=\"elementor-widget-container\">\n\t\t\t\t\t<h1 class=\"elementor-heading-title elementor-size-default\">Condiciones de uso<\/h1>\t\t\t\t<\/div>\n\t\t\t\t<\/div>\n\t\t\t\t\t<\/div>\n\t\t\t\t<\/div>\n\t\t<div class=\"elementor-element elementor-element-e137324 e-flex e-con-boxed e-con e-parent\" data-id=\"e137324\" data-element_type=\"container\">\n\t\t\t\t\t<div class=\"e-con-inner\">\n\t\t\t\t<div class=\"elementor-element elementor-element-685cf93 elementor-widget elementor-widget-text-editor\" data-id=\"685cf93\" data-element_type=\"widget\" data-widget_type=\"text-editor.default\">\n\t\t\t\t<div class=\"elementor-widget-container\">\n\t\t\t\t\t\t\t\t\t<p data-id=\"654560c2-04a0-4a25-8d48-343428a371e0\">\u00daltima actualizaci\u00f3n: 16 de noviembre de 2023<\/p><p data-id=\"841b077a-9aa0-45df-8bef-0287fbcf1011\">Bienvenido a <a class=\"text-[#3A7EFF] transition-colors cursor-pointer hover:underline underline-offset-[3px] text-[#3A7EFF] transition-colors cursor-pointer hover:underline underline-offset-[3px]\" href=\"https:\/\/bagmanufacturer.net\/es\/\" target=\"_blank\" rel=\"noopener noreferrer nofollow\">https:\/\/bagmanufacturer.net\/<\/a> (el \"Sitio web\"). Este sitio web es propiedad y est\u00e1 gestionado por BagManufacture (en adelante, \"la Empresa\", \"nosotros\", \"nos\" o \"nuestro\"). Se trata de un acuerdo legal (\"Acuerdo\") entre usted, el usuario (\"usted\" o \"su\"), y la Empresa, que rige el uso de este Sitio web y de los productos y servicios ofrecidos por la Empresa.<\/p><h2 id=\"329c370b-7287-49e4-8131-17cf006d88cf\" data-id=\"329c370b-7287-49e4-8131-17cf006d88cf\">1. Aceptaci\u00f3n de las condiciones<\/h2><p data-id=\"7051c63d-28ce-45ad-b78d-7b476dd9da70\">Al acceder, navegar o utilizar este sitio web, usted afirma que es mayor de 18 a\u00f1os y acepta cumplir los t\u00e9rminos y condiciones contenidos en el presente Acuerdo.<\/p><h2 id=\"4111b0a6-4114-46ed-904e-dccae7fa92b2\" data-id=\"4111b0a6-4114-46ed-904e-dccae7fa92b2\">2. Inscripci\u00f3n<\/h2><p data-id=\"ce56dae8-a9ee-4297-8cee-907308cf4b0d\">Es posible que sea necesario registrarse para utilizar determinados servicios del sitio web. Al registrarse, usted se compromete a proporcionar informaci\u00f3n precisa y actualizada.<\/p><h2 id=\"e56b658a-82ba-49e8-8b8f-e834f6a47b69\" data-id=\"e56b658a-82ba-49e8-8b8f-e834f6a47b69\">3. Pedidos y pagos<\/h2><p data-id=\"958e58ca-770b-4960-9592-d1d17055d9f9\">Al realizar un pedido, usted se compromete a pagar el precio de los productos tal y como se indica en el sitio web. El pago debe efectuarse en su totalidad en el momento de realizar el pedido, a menos que se hayan establecido acuerdos espec\u00edficos entre usted y la Empresa. Usted afirma que es un usuario autorizado del m\u00e9todo de pago utilizado.<\/p><h2 id=\"c9171e3f-eb56-468f-ba84-01980f08ec5e\" data-id=\"c9171e3f-eb56-468f-ba84-01980f08ec5e\">4. Derechos de propiedad intelectual<\/h2><p data-id=\"7986461b-1161-4e23-aa9c-c0ebd8f6ded4\">Todos los contenidos presentes en este Sitio Web son propiedad exclusiva de la Empresa. Queda prohibido copiar, modificar, distribuir, vender o alquilar cualquier parte de nuestros Servicios o del software incluido, as\u00ed como realizar ingenier\u00eda inversa o intentar extraer el c\u00f3digo fuente de dicho software.<\/p><h2 id=\"ccd02c40-0055-41ee-939b-f5e8df95b0a9\" data-id=\"ccd02c40-0055-41ee-939b-f5e8df95b0a9\">5. 5. Limitaci\u00f3n de responsabilidad<\/h2><p data-id=\"eb02ae13-eca9-4558-9489-56dd413bc55f\">Bajo ninguna circunstancia, incluyendo, pero no limitado a, negligencia, la Compa\u00f1\u00eda ser\u00e1 responsable de cualquier da\u00f1o directo o indirecto que resulte del uso de, o la imposibilidad de usar, los Servicios del Sitio Web.<\/p><h2 id=\"88a3a9ce-fd76-4747-bc4d-0e481d57de61\" data-id=\"88a3a9ce-fd76-4747-bc4d-0e481d57de61\">6. Conducta del usuario<\/h2><p data-id=\"400ecf4a-3407-445e-8d7c-08c31a97f9a4\">Usted se compromete a no cometer ning\u00fan acto que pueda ser perjudicial para los servicios o para cualquier usuario de los servicios.<\/p><h2 id=\"6fb328e5-7c83-40d9-9d90-3f20f4627cef\" data-id=\"6fb328e5-7c83-40d9-9d90-3f20f4627cef\">7. Privacidad<\/h2><p data-id=\"e1759404-149f-43f0-93e8-9d27a3ff3222\">La Empresa respeta su privacidad y se toma muy en serio su obligaci\u00f3n de proteger sus datos personales. Nuestras pr\u00e1cticas relativas a la recogida y el tratamiento de sus datos personales se establecen en nuestra Pol\u00edtica de privacidad.<\/p><h2 id=\"46882601-2fff-45d4-83b3-bafceb09c185\" data-id=\"46882601-2fff-45d4-83b3-bafceb09c185\">8. Modificaci\u00f3n de las condiciones<\/h2><p data-id=\"fc233f06-a5ec-4a08-90e3-be289720e31e\">La Empresa se reserva el derecho a modificar ocasionalmente el presente Acuerdo. Los t\u00e9rminos y condiciones revisados se publicar\u00e1n en el Sitio Web y entrar\u00e1n en vigor inmediatamente despu\u00e9s de su publicaci\u00f3n.<\/p><h2 id=\"06377f63-2cf9-4a20-a8f7-5cd677d77384\" data-id=\"06377f63-2cf9-4a20-a8f7-5cd677d77384\">9. Contacto<\/h2><p data-id=\"93721fa8-90ee-4a61-b80c-5667478f2276\">Para cualquier consulta o reclamaci\u00f3n relativa a estas Condiciones de uso, p\u00f3ngase en contacto con nosotros en:<\/p><p data-id=\"a264ef3b-f27e-4279-9372-b68f424508e9\">Correo electr\u00f3nico: <a class=\"text-[#3A7EFF] transition-colors cursor-pointer hover:underline underline-offset-[3px] text-[#3A7EFF] transition-colors cursor-pointer hover:underline underline-offset-[3px]\" href=\"mailto:sales@bagmanufacture.com\" target=\"_blank\" rel=\"noopener noreferrer nofollow\">sales@bagmanufacture.com<\/a><br \/>Direcci\u00f3n: China, 5, Distrito Huadu, Shiling, Guangzhou<\/p><div class=\"elementor-element elementor-element-59fc7181 e-con-full e-flex e-con e-child\" data-id=\"59fc7181\" data-element_type=\"container\" data-settings=\"{&quot;content_width&quot;:&quot;full&quot;}\"><div class=\"elementor-element elementor-element-bc561f4 elementor-search-form--skin-full_screen elementor-widget elementor-widget-search-form\" data-id=\"bc561f4\" data-element_type=\"widget\" data-settings=\"{&quot;skin&quot;:&quot;full_screen&quot;}\" data-widget_type=\"search-form.default\"><div class=\"elementor-widget-container\">\u00a0<\/div><\/div><\/div><p data-id=\"4960ebda-bcd9-4d95-8d4f-d44ec928987a\">Estas Condiciones de uso entran en vigor el 16 de noviembre de 2023.<\/p>\t\t\t\t\t\t\t\t<\/div>\n\t\t\t\t<\/div>\n\t\t\t\t\t<\/div>\n\t\t\t\t<\/div>\n\t\t\t\t<\/div>","protected":false},"excerpt":{"rendered":"<p>Condiciones de uso \u00daltima actualizaci\u00f3n: 16 de noviembre de 2023 Bienvenido a https:\/\/bagmanufacturer.net\/ (el \"Sitio web\"). Este sitio web es propiedad y est\u00e1 gestionado por BagManufacture (en adelante, \"la Empresa\", \"nosotros\", \"nos\" o \"nuestro\"). Se trata de un acuerdo legal (\"Acuerdo\") entre usted, el usuario (\"usted\" o \"su\"), y la Empresa, que rige el uso de este Sitio Web y de los productos y servicios [...].<\/p>","protected":false},"author":1,"featured_media":0,"parent":0,"menu_order":0,"comment_status":"closed","ping_status":"closed","template":"","meta":{"footnotes":""},"aioseo_notices":[],"_links":{"self":[{"href":"https:\/\/bagmanufacturer.net\/es\/wp-json\/wp\/v2\/pages\/4490"}],"collection":[{"href":"https:\/\/bagmanufacturer.net\/es\/wp-json\/wp\/v2\/pages"}],"about":[{"href":"https:\/\/bagmanufacturer.net\/es\/wp-json\/wp\/v2\/types\/page"}],"author":[{"embeddable":true,"href":"https:\/\/bagmanufacturer.net\/es\/wp-json\/wp\/v2\/users\/1"}],"replies":[{"embeddable":true,"href":"https:\/\/bagmanufacturer.net\/es\/wp-json\/wp\/v2\/comments?post=4490"}],"version-history":[{"count":5,"href":"https:\/\/bagmanufacturer.net\/es\/wp-json\/wp\/v2\/pages\/4490\/revisions"}],"predecessor-version":[{"id":4495,"href":"https:\/\/bagmanufacturer.net\/es\/wp-json\/wp\/v2\/pages\/4490\/revisions\/4495"}],"wp:attachment":[{"href":"https:\/\/bagmanufacturer.net\/es\/wp-json\/wp\/v2\/media?parent=4490"}],"curies":[{"name":"wp","href":"https:\/\/api.w.org\/{rel}","templated":true}]}}