{"id":4496,"date":"2023-11-16T18:59:45","date_gmt":"2023-11-16T10:59:45","guid":{"rendered":"https:\/\/bagmanufacturer.net\/?page_id=4496"},"modified":"2023-11-16T19:01:29","modified_gmt":"2023-11-16T11:01:29","slug":"editorial-guidelines","status":"publish","type":"page","link":"https:\/\/bagmanufacturer.net\/es\/editorial-guidelines\/","title":{"rendered":"Directrices editoriales"},"content":{"rendered":"<div data-elementor-type=\"wp-page\" data-elementor-id=\"4496\" class=\"elementor elementor-4496\" data-elementor-post-type=\"page\">\n\t\t\t\t<div class=\"elementor-element elementor-element-3735346 e-flex e-con-boxed e-con e-parent\" data-id=\"3735346\" data-element_type=\"container\">\n\t\t\t\t\t<div class=\"e-con-inner\">\n\t\t\t\t<div class=\"elementor-element elementor-element-3aadd99 elementor-widget elementor-widget-heading\" data-id=\"3aadd99\" data-element_type=\"widget\" data-widget_type=\"heading.default\">\n\t\t\t\t<div class=\"elementor-widget-container\">\n\t\t\t\t\t<h1 class=\"elementor-heading-title elementor-size-default\">Directrices editoriales\n<\/h1>\t\t\t\t<\/div>\n\t\t\t\t<\/div>\n\t\t\t\t\t<\/div>\n\t\t\t\t<\/div>\n\t\t<div class=\"elementor-element elementor-element-ff30a7e e-flex e-con-boxed e-con e-parent\" data-id=\"ff30a7e\" data-element_type=\"container\">\n\t\t\t\t\t<div class=\"e-con-inner\">\n\t\t\t\t<div class=\"elementor-element elementor-element-a6fb0ec elementor-widget elementor-widget-text-editor\" data-id=\"a6fb0ec\" data-element_type=\"widget\" data-widget_type=\"text-editor.default\">\n\t\t\t\t<div class=\"elementor-widget-container\">\n\t\t\t\t\t\t\t\t\t<p dir=\"auto\">Pol\u00edtica editorial <a href=\"https:\/\/bagmanufacturer.net\/es\/\">BagManufacturer.net<\/a><\/p><ol><li><p dir=\"auto\">Exactitud e integridad de los contenidos:<br \/>Todos los contenidos publicados en BagManufacturer.net se investigan y revisan minuciosamente para garantizar su exactitud. Nos comprometemos a proporcionar informaci\u00f3n fiable, clara y concisa sobre nuestros procesos de fabricaci\u00f3n, los materiales utilizados y los productos ofrecidos.<\/p><\/li><li><p dir=\"auto\">Informaci\u00f3n imparcial:<br \/>Nuestro principal objetivo es presentar informaci\u00f3n imparcial sobre nuestras operaciones de fabricaci\u00f3n y nuestra oferta de productos. Aunque nos dedicamos a la autopromoci\u00f3n, nos esforzamos por presentar nuestros productos y servicios de forma objetiva, destacando tanto los puntos fuertes como las \u00e1reas de mejora potencial.<\/p><\/li><li><p dir=\"auto\">Originalidad:<br \/>Todo el contenido de BagManufacturer.net es original. Prohibimos estrictamente el plagio y valoramos mucho la singularidad y la creatividad en la creaci\u00f3n de nuestros contenidos.<\/p><\/li><li><p dir=\"auto\">Credibilidad de la fuente:<br \/>Cuando hacemos referencia a fuentes externas, s\u00f3lo citamos las cre\u00edbles y autorizadas. Esto nos ayuda a garantizar la veracidad y fiabilidad de la informaci\u00f3n que compartimos con nuestros lectores.<\/p><\/li><li><p dir=\"auto\">Descripciones de los productos:<br \/>Nos comprometemos a proporcionar descripciones de productos completas, precisas y actualizadas. Todas las caracter\u00edsticas, especificaciones y precios se declarar\u00e1n de forma transparente, y cualquier cambio se actualizar\u00e1 con prontitud.<\/p><\/li><li><p dir=\"auto\">Comentarios:<br \/>Agradecemos y animamos a nuestros lectores y clientes a que nos hagan llegar sus opiniones y experiencias a trav\u00e9s de los comentarios en BagManufacturer.net. Sin embargo, cualquier comentario que incluya lenguaje abusivo, spam, contenido inapropiado o ataques personales a otros miembros ser\u00e1 eliminado.<\/p><\/li><li><p dir=\"auto\">Derechos:<br \/>BagManufacturer.net se reserva el derecho a actualizar, modificar o eliminar contenidos, comentarios o cuentas de usuario seg\u00fan sea necesario para mantener la integridad del sitio web.<\/p><\/li><li><p dir=\"auto\">Anuncios y contenidos patrocinados:<br \/>Si alojamos anuncios o contenidos patrocinados, \u00e9stos estar\u00e1n claramente identificados. Seleccionaremos los anuncios juiciosamente para minimizar la interrupci\u00f3n de la experiencia del usuario.<\/p><\/li><\/ol><p dir=\"auto\">En BagManufacturer.net nos adherimos estrictamente a esta Pol\u00edtica editorial para garantizar que proporcionamos contenidos cre\u00edbles, fiables y precisos a nuestros usuarios.<\/p>\t\t\t\t\t\t\t\t<\/div>\n\t\t\t\t<\/div>\n\t\t\t\t\t<\/div>\n\t\t\t\t<\/div>\n\t\t\t\t<\/div>","protected":false},"excerpt":{"rendered":"<p>Directrices editoriales Pol\u00edtica editorial de BagManufacturer.net Exactitud e integridad de los contenidos:Todos los contenidos publicados en BagManufacturer.net se investigan y revisan minuciosamente para garantizar su exactitud. Nos comprometemos a proporcionar informaci\u00f3n fidedigna, clara y concisa sobre nuestros procesos de fabricaci\u00f3n, los materiales utilizados y los productos ofrecidos. Informaci\u00f3n imparcial:Nuestro principal objetivo es presentar informaci\u00f3n imparcial sobre nuestras operaciones de fabricaci\u00f3n y [...]<\/p>","protected":false},"author":1,"featured_media":0,"parent":0,"menu_order":0,"comment_status":"closed","ping_status":"closed","template":"","meta":{"footnotes":""},"aioseo_notices":[],"_links":{"self":[{"href":"https:\/\/bagmanufacturer.net\/es\/wp-json\/wp\/v2\/pages\/4496"}],"collection":[{"href":"https:\/\/bagmanufacturer.net\/es\/wp-json\/wp\/v2\/pages"}],"about":[{"href":"https:\/\/bagmanufacturer.net\/es\/wp-json\/wp\/v2\/types\/page"}],"author":[{"embeddable":true,"href":"https:\/\/bagmanufacturer.net\/es\/wp-json\/wp\/v2\/users\/1"}],"replies":[{"embeddable":true,"href":"https:\/\/bagmanufacturer.net\/es\/wp-json\/wp\/v2\/comments?post=4496"}],"version-history":[{"count":5,"href":"https:\/\/bagmanufacturer.net\/es\/wp-json\/wp\/v2\/pages\/4496\/revisions"}],"predecessor-version":[{"id":4501,"href":"https:\/\/bagmanufacturer.net\/es\/wp-json\/wp\/v2\/pages\/4496\/revisions\/4501"}],"wp:attachment":[{"href":"https:\/\/bagmanufacturer.net\/es\/wp-json\/wp\/v2\/media?parent=4496"}],"curies":[{"name":"wp","href":"https:\/\/api.w.org\/{rel}","templated":true}]}}