{"id":50,"date":"2023-09-14T14:41:59","date_gmt":"2023-09-14T13:41:59","guid":{"rendered":"https:\/\/bagmanufacturer.net\/our-story\/"},"modified":"2023-11-16T19:15:35","modified_gmt":"2023-11-16T11:15:35","slug":"our-story","status":"publish","type":"page","link":"https:\/\/bagmanufacturer.net\/es\/our-story\/","title":{"rendered":"Nuestra historia"},"content":{"rendered":"<div data-elementor-type=\"wp-page\" data-elementor-id=\"50\" class=\"elementor elementor-50\" data-elementor-post-type=\"page\">\n\t\t\t\t<div class=\"elementor-element elementor-element-6dea8247 e-con-full e-flex e-con e-parent\" data-id=\"6dea8247\" data-element_type=\"container\">\n\t\t<div class=\"elementor-element elementor-element-12a5b6c6 e-con-full e-flex e-con e-child\" data-id=\"12a5b6c6\" data-element_type=\"container\">\n\t\t\t\t<div class=\"elementor-element elementor-element-4120a9bf elementor-widget elementor-widget-heading\" data-id=\"4120a9bf\" data-element_type=\"widget\" data-widget_type=\"heading.default\">\n\t\t\t\t<div class=\"elementor-widget-container\">\n\t\t\t\t\t<h1 class=\"elementor-heading-title elementor-size-default\">Qui\u00e9nes somos<\/h1>\t\t\t\t<\/div>\n\t\t\t\t<\/div>\n\t\t\t\t<div class=\"elementor-element elementor-element-39315ad elementor-widget elementor-widget-text-editor\" data-id=\"39315ad\" data-element_type=\"widget\" data-widget_type=\"text-editor.default\">\n\t\t\t\t<div class=\"elementor-widget-container\">\n\t\t\t\t\t\t\t\t\t<p>Bienvenido a BagManufacturer, un fabricante l\u00edder de bolsos personalizados con sede en China, 5, Huadu District, Shiling, Guangzhou. Desde nuestros inicios en 2003, nos hemos dedicado a la elaboraci\u00f3n de exquisitos bolsos, mochilas, bolsas y mucho m\u00e1s. Nuestra pasi\u00f3n por crear bolsos \u00fanicos y de alta calidad ha sido la fuerza motriz de nuestro \u00e9xito.<\/p><p>En BagManufacturer sabemos que cada persona tiene su propio estilo y preferencias en lo que a bolsos se refiere. Por eso nos especializamos en la personalizaci\u00f3n, ofreciendo una amplia gama de opciones para dar vida a su visi\u00f3n. Tanto si eres un vanguardista de la moda como un profesional en busca de sofisticaci\u00f3n, tenemos la experiencia necesaria para satisfacer tus necesidades.<\/p>\t\t\t\t\t\t\t\t<\/div>\n\t\t\t\t<\/div>\n\t\t\t\t<\/div>\n\t\t<div class=\"elementor-element elementor-element-14c6ed6f e-con-full e-flex e-con e-child\" data-id=\"14c6ed6f\" data-element_type=\"container\" data-settings=\"{&quot;background_background&quot;:&quot;classic&quot;}\">\n\t\t\t\t<div class=\"elementor-element elementor-element-5553a15f elementor-widget elementor-widget-image\" data-id=\"5553a15f\" data-element_type=\"widget\" data-widget_type=\"image.default\">\n\t\t\t\t<div class=\"elementor-widget-container\">\n\t\t\t\t\t\t\t\t\t\t\t\t\t\t\t<img fetchpriority=\"high\" decoding=\"async\" width=\"800\" height=\"534\" src=\"https:\/\/bagmanufacturer.net\/wp-content\/uploads\/2023\/09\/industrial-park-factory-building-warehouse-1024x683.jpg\" class=\"attachment-large size-large wp-image-145\" alt=\"\" srcset=\"https:\/\/bagmanufacturer.net\/wp-content\/uploads\/2023\/09\/industrial-park-factory-building-warehouse-1024x683.jpg 1024w, https:\/\/bagmanufacturer.net\/wp-content\/uploads\/2023\/09\/industrial-park-factory-building-warehouse-300x200.jpg 300w, https:\/\/bagmanufacturer.net\/wp-content\/uploads\/2023\/09\/industrial-park-factory-building-warehouse-768x512.jpg 768w, https:\/\/bagmanufacturer.net\/wp-content\/uploads\/2023\/09\/industrial-park-factory-building-warehouse-1536x1025.jpg 1536w, https:\/\/bagmanufacturer.net\/wp-content\/uploads\/2023\/09\/industrial-park-factory-building-warehouse-2048x1366.jpg 2048w\" sizes=\"(max-width: 800px) 100vw, 800px\" \/>\t\t\t\t\t\t\t\t\t\t\t\t\t\t\t<\/div>\n\t\t\t\t<\/div>\n\t\t\t\t<\/div>\n\t\t\t\t<\/div>\n\t\t<div class=\"elementor-element elementor-element-447a7f0f e-flex e-con-boxed e-con e-parent\" data-id=\"447a7f0f\" data-element_type=\"container\">\n\t\t\t\t\t<div class=\"e-con-inner\">\n\t\t<div class=\"elementor-element elementor-element-4cabd5c8 e-con-full e-flex e-con e-child\" data-id=\"4cabd5c8\" data-element_type=\"container\">\n\t\t\t\t<div class=\"elementor-element elementor-element-7ff33dd6 elementor-widget elementor-widget-image\" data-id=\"7ff33dd6\" data-element_type=\"widget\" data-widget_type=\"image.default\">\n\t\t\t\t<div class=\"elementor-widget-container\">\n\t\t\t\t\t\t\t\t\t\t\t\t\t\t\t<img decoding=\"async\" width=\"800\" height=\"534\" src=\"https:\/\/bagmanufacturer.net\/wp-content\/uploads\/2023\/09\/creative-tailor-working-workshop-1024x683.jpg\" class=\"attachment-large size-large wp-image-242\" alt=\"sastre de trabajo\" srcset=\"https:\/\/bagmanufacturer.net\/wp-content\/uploads\/2023\/09\/creative-tailor-working-workshop-1024x683.jpg 1024w, https:\/\/bagmanufacturer.net\/wp-content\/uploads\/2023\/09\/creative-tailor-working-workshop-300x200.jpg 300w, https:\/\/bagmanufacturer.net\/wp-content\/uploads\/2023\/09\/creative-tailor-working-workshop-768x512.jpg 768w, https:\/\/bagmanufacturer.net\/wp-content\/uploads\/2023\/09\/creative-tailor-working-workshop-1536x1024.jpg 1536w, https:\/\/bagmanufacturer.net\/wp-content\/uploads\/2023\/09\/creative-tailor-working-workshop-2048x1366.jpg 2048w\" sizes=\"(max-width: 800px) 100vw, 800px\" \/>\t\t\t\t\t\t\t\t\t\t\t\t\t\t\t<\/div>\n\t\t\t\t<\/div>\n\t\t\t\t<\/div>\n\t\t<div class=\"elementor-element elementor-element-43b98f23 e-con-full e-flex e-con e-child\" data-id=\"43b98f23\" data-element_type=\"container\">\n\t\t\t\t<div class=\"elementor-element elementor-element-408e9e80 elementor-widget__width-initial elementor-widget elementor-widget-heading\" data-id=\"408e9e80\" data-element_type=\"widget\" data-widget_type=\"heading.default\">\n\t\t\t\t<div class=\"elementor-widget-container\">\n\t\t\t\t\t<h2 class=\"elementor-heading-title elementor-size-default\">Nuestra misi\u00f3n<\/h2>\t\t\t\t<\/div>\n\t\t\t\t<\/div>\n\t\t\t\t<div class=\"elementor-element elementor-element-38dc5ac6 elementor-widget elementor-widget-text-editor\" data-id=\"38dc5ac6\" data-element_type=\"widget\" data-widget_type=\"text-editor.default\">\n\t\t\t\t<div class=\"elementor-widget-container\">\n\t\t\t\t\t\t\t\t\t<p>Nuestra misi\u00f3n en BagManufacturer es dise\u00f1ar y fabricar una variada colecci\u00f3n de bolsos, desde bolsos de mano y mochilas hasta bolsos de mano y bolsos de piel. Nos comprometemos a satisfacer las necesidades y preferencias de nuestros valiosos clientes proporcion\u00e1ndoles bolsos de alta calidad y con estilo que mejoren su vida cotidiana. Gracias a nuestra dedicaci\u00f3n a la artesan\u00eda y la atenci\u00f3n al detalle, nos esforzamos por ofrecer constantemente productos que superen las expectativas. Mediante la combinaci\u00f3n de innovaci\u00f3n, funcionalidad y atractivo est\u00e9tico, nuestro objetivo es ser la opci\u00f3n a la que acuden las personas que buscan bolsos fiables y modernos. En BagManufacturer, nuestro objetivo final es inspirar y capacitar a las personas para que expresen su estilo \u00fanico y mejoren sus experiencias a trav\u00e9s de nuestra excepcional gama de bolsos.<\/p>\t\t\t\t\t\t\t\t<\/div>\n\t\t\t\t<\/div>\n\t\t\t\t<\/div>\n\t\t\t\t\t<\/div>\n\t\t\t\t<\/div>\n\t\t<div class=\"elementor-element elementor-element-039cfe0 e-con-full e-flex e-con e-parent\" data-id=\"039cfe0\" data-element_type=\"container\">\n\t\t<div class=\"elementor-element elementor-element-a9f8db4 e-con-full e-flex e-con e-child\" data-id=\"a9f8db4\" data-element_type=\"container\" data-settings=\"{&quot;background_background&quot;:&quot;classic&quot;}\">\n\t\t\t\t<div class=\"elementor-element elementor-element-64e4bb9 elementor-widget elementor-widget-google_maps\" data-id=\"64e4bb9\" data-element_type=\"widget\" data-widget_type=\"google_maps.default\">\n\t\t\t\t<div class=\"elementor-widget-container\">\n\t\t\t\t\t\t\t<div class=\"elementor-custom-embed\">\n\t\t\t<iframe loading=\"lazy\"\n\t\t\t\t\tsrc=\"https:\/\/maps.google.com\/maps?q=China%2C%205%2C%20Huadu%20District%2C%20Shiling%2C%20Guangzhou&#038;t=m&#038;z=17&#038;output=embed&#038;iwloc=near\"\n\t\t\t\t\ttitle=\"China, 5, Huadu District, Shiling, Guangzhou\"\n\t\t\t\t\taria-label=\"China, 5, Huadu District, Shiling, Guangzhou\"\n\t\t\t><\/iframe>\n\t\t<\/div>\n\t\t\t\t\t\t<\/div>\n\t\t\t\t<\/div>\n\t\t\t\t<\/div>\n\t\t<div class=\"elementor-element elementor-element-c4d0621 e-con-full e-flex e-con e-child\" data-id=\"c4d0621\" data-element_type=\"container\">\n\t\t\t\t<div class=\"elementor-element elementor-element-2588430 elementor-widget elementor-widget-heading\" data-id=\"2588430\" data-element_type=\"widget\" data-widget_type=\"heading.default\">\n\t\t\t\t<div class=\"elementor-widget-container\">\n\t\t\t\t\t<h2 class=\"elementor-heading-title elementor-size-default\">Vis\u00edtenos<\/h2>\t\t\t\t<\/div>\n\t\t\t\t<\/div>\n\t\t\t\t<div class=\"elementor-element elementor-element-c07d984 elementor-widget elementor-widget-icon-box\" data-id=\"c07d984\" data-element_type=\"widget\" data-widget_type=\"icon-box.default\">\n\t\t\t\t<div class=\"elementor-widget-container\">\n\t\t\t\t\t\t\t<div class=\"elementor-icon-box-wrapper\">\n\n\t\t\t\n\t\t\t\t\t\t<div class=\"elementor-icon-box-content\">\n\n\t\t\t\t\t\t\t\t\t<h4 class=\"elementor-icon-box-title\">\n\t\t\t\t\t\t<span  >\n\t\t\t\t\t\t\tDirecci\u00f3n:\t\t\t\t\t\t<\/span>\n\t\t\t\t\t<\/h4>\n\t\t\t\t\n\t\t\t\t\t\t\t\t\t<p class=\"elementor-icon-box-description\">\n\t\t\t\t\t\tChina, 5, Huadu District, Shiling, Guangzhou\t\t\t\t\t<\/p>\n\t\t\t\t\n\t\t\t<\/div>\n\t\t\t\n\t\t<\/div>\n\t\t\t\t\t\t<\/div>\n\t\t\t\t<\/div>\n\t\t\t\t<\/div>\n\t\t\t\t<\/div>\n\t\t<div class=\"elementor-element elementor-element-53a85905 e-flex e-con-boxed e-con e-parent\" data-id=\"53a85905\" data-element_type=\"container\">\n\t\t\t\t\t<div class=\"e-con-inner\">\n\t\t\t\t<div class=\"elementor-element elementor-element-761f1c42 elementor-widget__width-initial elementor-widget elementor-widget-heading\" data-id=\"761f1c42\" data-element_type=\"widget\" data-widget_type=\"heading.default\">\n\t\t\t\t<div class=\"elementor-widget-container\">\n\t\t\t\t\t<h2 class=\"elementor-heading-title elementor-size-default\">\u00bfListo para unas bolsas maravillosas? Pida presupuesto ahora<\/h2>\t\t\t\t<\/div>\n\t\t\t\t<\/div>\n\t\t\t\t<div class=\"elementor-element elementor-element-356102fb elementor-align-center elementor-mobile-align-center elementor-widget elementor-widget-button\" data-id=\"356102fb\" data-element_type=\"widget\" data-widget_type=\"button.default\">\n\t\t\t\t<div class=\"elementor-widget-container\">\n\t\t\t\t\t\t\t\t\t<div class=\"elementor-button-wrapper\">\n\t\t\t\t\t<a class=\"elementor-button elementor-button-link elementor-size-sm\" href=\"https:\/\/bagmanufacturer.net\/es\/contact-us\/\">\n\t\t\t\t\t\t<span class=\"elementor-button-content-wrapper\">\n\t\t\t\t\t\t\t\t\t<span class=\"elementor-button-text\">P\u00f3ngase en contacto con nosotros<\/span>\n\t\t\t\t\t<\/span>\n\t\t\t\t\t<\/a>\n\t\t\t\t<\/div>\n\t\t\t\t\t\t\t\t<\/div>\n\t\t\t\t<\/div>\n\t\t\t\t\t<\/div>\n\t\t\t\t<\/div>\n\t\t\t\t<\/div>","protected":false},"excerpt":{"rendered":"<p>Acerca de nosotros Bienvenido a BagManufacturer, un fabricante l\u00edder de bolsos personalizados con sede en China, 5, Huadu District, Shiling, Guangzhou. Desde nuestros inicios en 2003, nos hemos dedicado a la elaboraci\u00f3n de exquisitos bolsos, mochilas, bolsas y mucho m\u00e1s. Nuestra pasi\u00f3n por crear bolsos \u00fanicos y de alta calidad ha sido la fuerza impulsora de nuestro \u00e9xito. En BagManufacturer, [...]<\/p>","protected":false},"author":1,"featured_media":0,"parent":0,"menu_order":0,"comment_status":"closed","ping_status":"closed","template":"","meta":{"footnotes":""},"aioseo_notices":[],"_links":{"self":[{"href":"https:\/\/bagmanufacturer.net\/es\/wp-json\/wp\/v2\/pages\/50"}],"collection":[{"href":"https:\/\/bagmanufacturer.net\/es\/wp-json\/wp\/v2\/pages"}],"about":[{"href":"https:\/\/bagmanufacturer.net\/es\/wp-json\/wp\/v2\/types\/page"}],"author":[{"embeddable":true,"href":"https:\/\/bagmanufacturer.net\/es\/wp-json\/wp\/v2\/users\/1"}],"replies":[{"embeddable":true,"href":"https:\/\/bagmanufacturer.net\/es\/wp-json\/wp\/v2\/comments?post=50"}],"version-history":[{"count":23,"href":"https:\/\/bagmanufacturer.net\/es\/wp-json\/wp\/v2\/pages\/50\/revisions"}],"predecessor-version":[{"id":4651,"href":"https:\/\/bagmanufacturer.net\/es\/wp-json\/wp\/v2\/pages\/50\/revisions\/4651"}],"wp:attachment":[{"href":"https:\/\/bagmanufacturer.net\/es\/wp-json\/wp\/v2\/media?parent=50"}],"curies":[{"name":"wp","href":"https:\/\/api.w.org\/{rel}","templated":true}]}}