{"id":34,"date":"2023-09-14T14:41:52","date_gmt":"2023-09-14T13:41:52","guid":{"rendered":"https:\/\/bagmanufacturer.net\/contact-us\/"},"modified":"2025-03-12T08:40:47","modified_gmt":"2025-03-12T00:40:47","slug":"contact-us","status":"publish","type":"page","link":"https:\/\/bagmanufacturer.net\/fr\/contact-us\/","title":{"rendered":"Nous contacter"},"content":{"rendered":"<div data-elementor-type=\"wp-page\" data-elementor-id=\"34\" class=\"elementor elementor-34\" data-elementor-post-type=\"page\">\n\t\t\t\t<div class=\"elementor-element elementor-element-1bab8202 e-con-full e-flex e-con e-parent\" data-id=\"1bab8202\" data-element_type=\"container\">\n\t\t<div class=\"elementor-element elementor-element-63c0e4c e-con-full e-flex e-con e-child\" data-id=\"63c0e4c\" data-element_type=\"container\" data-settings=\"{&quot;background_background&quot;:&quot;classic&quot;}\">\n\t\t<div class=\"elementor-element elementor-element-71d29f30 e-con-full e-flex e-con e-child\" data-id=\"71d29f30\" data-element_type=\"container\">\n\t\t\t\t<div class=\"elementor-element elementor-element-683d9893 elementor-widget elementor-widget-heading\" data-id=\"683d9893\" data-element_type=\"widget\" data-widget_type=\"heading.default\">\n\t\t\t\t<div class=\"elementor-widget-container\">\n\t\t\t\t\t<h1 class=\"elementor-heading-title elementor-size-default\">Nous contacter<\/h1>\t\t\t\t<\/div>\n\t\t\t\t<\/div>\n\t\t\t\t<div class=\"elementor-element elementor-element-60586f2 elementor-widget elementor-widget-text-editor\" data-id=\"60586f2\" data-element_type=\"widget\" data-widget_type=\"text-editor.default\">\n\t\t\t\t<div class=\"elementor-widget-container\">\n\t\t\t\t\t\t\t\t\t<p>Nous serions ravis de discuter avec vous.<br \/>N'h\u00e9sitez pas \u00e0 nous contacter en utilisant les coordonn\u00e9es ci-dessous.<\/p>\t\t\t\t\t\t\t\t<\/div>\n\t\t\t\t<\/div>\n\t\t\t\t<\/div>\n\t\t<div class=\"elementor-element elementor-element-5666039b e-flex e-con-boxed e-con e-child\" data-id=\"5666039b\" data-element_type=\"container\">\n\t\t\t\t\t<div class=\"e-con-inner\">\n\t\t<div class=\"elementor-element elementor-element-2fc8042 e-flex e-con-boxed e-con e-child\" data-id=\"2fc8042\" data-element_type=\"container\">\n\t\t\t\t\t<div class=\"e-con-inner\">\n\t\t\t\t<div class=\"elementor-element elementor-element-d7f0bc1 elementor-widget elementor-widget-heading\" data-id=\"d7f0bc1\" data-element_type=\"widget\" data-widget_type=\"heading.default\">\n\t\t\t\t<div class=\"elementor-widget-container\">\n\t\t\t\t\t<h4 class=\"elementor-heading-title elementor-size-default\">Prendre contact<\/h4>\t\t\t\t<\/div>\n\t\t\t\t<\/div>\n\t\t\t\t<div class=\"elementor-element elementor-element-2239ea75 elementor-align-left elementor-icon-list--layout-traditional elementor-list-item-link-full_width elementor-widget elementor-widget-icon-list\" data-id=\"2239ea75\" data-element_type=\"widget\" data-widget_type=\"icon-list.default\">\n\t\t\t\t<div class=\"elementor-widget-container\">\n\t\t\t\t\t\t\t<ul class=\"elementor-icon-list-items\">\n\t\t\t\t\t\t\t<li class=\"elementor-icon-list-item\">\n\t\t\t\t\t\t\t\t\t\t\t<a href=\"mailto:sales@bagmanufacturer.net\">\n\n\t\t\t\t\t\t\t\t\t\t\t<span class=\"elementor-icon-list-text\">Si vous n'avez pas votre mod\u00e8le, veuillez nous envoyer un courriel \u00e0 l'adresse suivante : sales@bagmanufacturer.net<br><br>WhatsApp : +8615918569964<\/span>\n\t\t\t\t\t\t\t\t\t\t\t<\/a>\n\t\t\t\t\t\t\t\t\t<\/li>\n\t\t\t\t\t\t<\/ul>\n\t\t\t\t\t\t<\/div>\n\t\t\t\t<\/div>\n\t\t\t\t\t<\/div>\n\t\t\t\t<\/div>\n\t\t<div class=\"elementor-element elementor-element-49632927 e-flex e-con-boxed e-con e-child\" data-id=\"49632927\" data-element_type=\"container\">\n\t\t\t\t\t<div class=\"e-con-inner\">\n\t\t\t\t<div class=\"elementor-element elementor-element-6baa436d elementor-widget elementor-widget-heading\" data-id=\"6baa436d\" data-element_type=\"widget\" data-widget_type=\"heading.default\">\n\t\t\t\t<div class=\"elementor-widget-container\">\n\t\t\t\t\t<h4 class=\"elementor-heading-title elementor-size-default\">Heures d'ouverture<\/h4>\t\t\t\t<\/div>\n\t\t\t\t<\/div>\n\t\t\t\t<div class=\"elementor-element elementor-element-14fd785c elementor-align-left elementor-icon-list--layout-traditional elementor-list-item-link-full_width elementor-widget elementor-widget-icon-list\" data-id=\"14fd785c\" data-element_type=\"widget\" data-widget_type=\"icon-list.default\">\n\t\t\t\t<div class=\"elementor-widget-container\">\n\t\t\t\t\t\t\t<ul class=\"elementor-icon-list-items\">\n\t\t\t\t\t\t\t<li class=\"elementor-icon-list-item\">\n\t\t\t\t\t\t\t\t\t\t<span class=\"elementor-icon-list-text\">Du lundi au vendredi de 9h00 \u00e0 17h00<\/span>\n\t\t\t\t\t\t\t\t\t<\/li>\n\t\t\t\t\t\t\t\t<li class=\"elementor-icon-list-item\">\n\t\t\t\t\t\t\t\t\t\t<span class=\"elementor-icon-list-text\">Samedi et dimanche 10h00 - 18h00<\/span>\n\t\t\t\t\t\t\t\t\t<\/li>\n\t\t\t\t\t\t<\/ul>\n\t\t\t\t\t\t<\/div>\n\t\t\t\t<\/div>\n\t\t\t\t\t<\/div>\n\t\t\t\t<\/div>\n\t\t\t\t\t<\/div>\n\t\t\t\t<\/div>\n\t\t\t\t<\/div>\n\t\t<div class=\"elementor-element elementor-element-203036cf e-con-full e-flex e-con e-child\" data-id=\"203036cf\" data-element_type=\"container\" data-settings=\"{&quot;background_background&quot;:&quot;classic&quot;}\">\n\t\t\t\t<div class=\"elementor-element elementor-element-27f0d714 elementor-widget elementor-widget-text-editor\" data-id=\"27f0d714\" data-element_type=\"widget\" data-widget_type=\"text-editor.default\">\n\t\t\t\t<div class=\"elementor-widget-container\">\n\t\t\t\t\t\t\t\t\t<p>Remplissez le formulaire ci-dessous et nous vous contacterons dans les plus brefs d\u00e9lais !<\/p>\t\t\t\t\t\t\t\t<\/div>\n\t\t\t\t<\/div>\n\t\t\t\t<div class=\"elementor-element elementor-element-4de2b4d2 elementor-button-align-center elementor-widget elementor-widget-form\" data-id=\"4de2b4d2\" data-element_type=\"widget\" data-settings=\"{&quot;step_next_label&quot;:&quot;Next&quot;,&quot;step_previous_label&quot;:&quot;Previous&quot;,&quot;button_width_tablet&quot;:&quot;100&quot;,&quot;button_width&quot;:&quot;100&quot;,&quot;step_type&quot;:&quot;number_text&quot;,&quot;step_icon_shape&quot;:&quot;circle&quot;}\" data-widget_type=\"form.default\">\n\t\t\t\t<div class=\"elementor-widget-container\">\n\t\t\t\t\t\t\t<form class=\"elementor-form\" method=\"post\" name=\"Contact Form\" action=\"\">\n\t\t\t<input type=\"hidden\" name=\"post_id\" value=\"34\"\/>\n\t\t\t<input type=\"hidden\" name=\"form_id\" value=\"4de2b4d2\"\/>\n\t\t\t<input type=\"hidden\" name=\"referer_title\" value=\"\" \/>\n\n\t\t\t\n\t\t\t<div class=\"elementor-form-fields-wrapper elementor-labels-\">\n\t\t\t\t\t\t\t\t<div class=\"elementor-field-type-text elementor-field-group elementor-column elementor-field-group-name elementor-col-50 elementor-field-required\">\n\t\t\t\t\t\t\t\t\t\t\t\t<label for=\"form-field-name\" class=\"elementor-field-label elementor-screen-only\">\n\t\t\t\t\t\t\t\tVotre nom\t\t\t\t\t\t\t<\/label>\n\t\t\t\t\t\t\t\t\t\t\t\t\t\t<input size=\"1\" type=\"text\" name=\"form_fields[name]\" id=\"form-field-name\" class=\"elementor-field elementor-size-md  elementor-field-textual\" placeholder=\"Votre nom\" required=\"required\" aria-required=\"true\">\n\t\t\t\t\t\t\t\t\t\t\t<\/div>\n\t\t\t\t\t\t\t\t<div class=\"elementor-field-type-email elementor-field-group elementor-column elementor-field-group-email elementor-col-50 elementor-md-50 elementor-field-required\">\n\t\t\t\t\t\t\t\t\t\t\t\t<label for=\"form-field-email\" class=\"elementor-field-label elementor-screen-only\">\n\t\t\t\t\t\t\t\tVotre email\t\t\t\t\t\t\t<\/label>\n\t\t\t\t\t\t\t\t\t\t\t\t\t\t<input size=\"1\" type=\"email\" name=\"form_fields[email]\" id=\"form-field-email\" class=\"elementor-field elementor-size-md  elementor-field-textual\" placeholder=\"Votre courriel\" required=\"required\" aria-required=\"true\">\n\t\t\t\t\t\t\t\t\t\t\t<\/div>\n\t\t\t\t\t\t\t\t<div class=\"elementor-field-type-tel elementor-field-group elementor-column elementor-field-group-field_5057311 elementor-col-50 elementor-md-50 elementor-field-required\">\n\t\t\t\t\t\t\t\t\t\t\t\t<label for=\"form-field-field_5057311\" class=\"elementor-field-label elementor-screen-only\">\n\t\t\t\t\t\t\t\tNum\u00e9ro de t\u00e9l\u00e9phone\t\t\t\t\t\t\t<\/label>\n\t\t\t\t\t\t\t\t<input size=\"1\" type=\"tel\" name=\"form_fields[field_5057311]\" id=\"form-field-field_5057311\" class=\"elementor-field elementor-size-md  elementor-field-textual\" placeholder=\"Num\u00e9ro de t\u00e9l\u00e9phone\" required=\"required\" aria-required=\"true\" pattern=\"[0-9()#&amp;+*-=.]+\" title=\"Seuls les caract\u00e8res de num\u00e9ros de t\u00e9l\u00e9phone (#, -, *, etc.) sont accept\u00e9s.\">\n\n\t\t\t\t\t\t<\/div>\n\t\t\t\t\t\t\t\t<div class=\"elementor-field-type-text elementor-field-group elementor-column elementor-field-group-field_d6c1e2e elementor-col-50 elementor-md-50 elementor-field-required\">\n\t\t\t\t\t\t\t\t\t\t\t\t<label for=\"form-field-field_d6c1e2e\" class=\"elementor-field-label elementor-screen-only\">\n\t\t\t\t\t\t\t\tType de service\t\t\t\t\t\t\t<\/label>\n\t\t\t\t\t\t\t\t\t\t\t\t\t\t<input size=\"1\" type=\"text\" name=\"form_fields[field_d6c1e2e]\" id=\"form-field-field_d6c1e2e\" class=\"elementor-field elementor-size-md  elementor-field-textual\" placeholder=\"De quels sacs avez-vous besoin ?\" required=\"required\" aria-required=\"true\">\n\t\t\t\t\t\t\t\t\t\t\t<\/div>\n\t\t\t\t\t\t\t\t<div class=\"elementor-field-type-text elementor-field-group elementor-column elementor-field-group-field_6260318 elementor-col-100\">\n\t\t\t\t\t\t\t\t\t\t\t\t<label for=\"form-field-field_6260318\" class=\"elementor-field-label elementor-screen-only\">\n\t\t\t\t\t\t\t\tQuantit\u00e9 command\u00e9e\t\t\t\t\t\t\t<\/label>\n\t\t\t\t\t\t\t\t\t\t\t\t\t\t<input size=\"1\" type=\"text\" name=\"form_fields[field_6260318]\" id=\"form-field-field_6260318\" class=\"elementor-field elementor-size-md  elementor-field-textual\" placeholder=\"Quantit\u00e9 command\u00e9e\">\n\t\t\t\t\t\t\t\t\t\t\t<\/div>\n\t\t\t\t\t\t\t\t<div class=\"elementor-field-type-textarea elementor-field-group elementor-column elementor-field-group-field_71766c7 elementor-col-100 elementor-field-required\">\n\t\t\t\t\t\t\t\t\t\t\t\t<label for=\"form-field-field_71766c7\" class=\"elementor-field-label elementor-screen-only\">\n\t\t\t\t\t\t\t\tMessage\t\t\t\t\t\t\t<\/label>\n\t\t\t\t\t\t<textarea class=\"elementor-field-textual elementor-field  elementor-size-md\" name=\"form_fields[field_71766c7]\" id=\"form-field-field_71766c7\" rows=\"4\" placeholder=\"Message\" required=\"required\" aria-required=\"true\"><\/textarea>\t\t\t\t<\/div>\n\t\t\t\t\t\t\t\t<div class=\"elementor-field-type-upload elementor-field-group elementor-column elementor-field-group-field_0cbecfc elementor-col-100 elementor-field-required\">\n\t\t\t\t\t\t\t\t\t\t\t\t<label for=\"form-field-field_0cbecfc\" class=\"elementor-field-label elementor-screen-only\">\n\t\t\t\t\t\t\t\tFichier t\u00e9l\u00e9charg\u00e9\t\t\t\t\t\t\t<\/label>\n\t\t\t\t\t\t\t\t<input type=\"file\" name=\"form_fields[field_0cbecfc][]\" id=\"form-field-field_0cbecfc\" class=\"elementor-field elementor-size-md  elementor-upload-field\" required=\"required\" aria-required=\"true\" multiple=\"multiple\">\n\n\t\t\t\t\t\t<\/div>\n\t\t\t\t\t\t\t\t<div class=\"elementor-field-group elementor-column elementor-field-type-submit elementor-col-100 e-form__buttons elementor-md-100\">\n\t\t\t\t\t<button class=\"elementor-button elementor-size-md\" type=\"submit\">\n\t\t\t\t\t\t<span class=\"elementor-button-content-wrapper\">\n\t\t\t\t\t\t\t\t\t\t\t\t\t\t\t\t\t\t\t\t\t\t<span class=\"elementor-button-text\">Envoyer<\/span>\n\t\t\t\t\t\t\t\t\t\t\t\t\t<\/span>\n\t\t\t\t\t<\/button>\n\t\t\t\t<\/div>\n\t\t\t<\/div>\n\t\t<input type=\"hidden\" name=\"trp-form-language\" value=\"fr\"\/><\/form>\n\t\t\t\t\t\t<\/div>\n\t\t\t\t<\/div>\n\t\t\t\t<\/div>\n\t\t\t\t<\/div>\n\t\t<div class=\"elementor-element elementor-element-50b846bb e-con-full e-flex e-con e-parent\" data-id=\"50b846bb\" data-element_type=\"container\">\n\t\t<div class=\"elementor-element elementor-element-39a4d8f7 e-con-full e-flex e-con e-child\" data-id=\"39a4d8f7\" data-element_type=\"container\" data-settings=\"{&quot;background_background&quot;:&quot;classic&quot;}\">\n\t\t\t\t<div class=\"elementor-element elementor-element-47a3384b elementor-widget elementor-widget-google_maps\" data-id=\"47a3384b\" data-element_type=\"widget\" data-widget_type=\"google_maps.default\">\n\t\t\t\t<div class=\"elementor-widget-container\">\n\t\t\t\t\t\t\t<div class=\"elementor-custom-embed\">\n\t\t\t<iframe loading=\"lazy\"\n\t\t\t\t\tsrc=\"https:\/\/maps.google.com\/maps?q=China%2C%205%2C%20Huadu%20District%2C%20Shiling%2C%20Guangzhou&#038;t=m&#038;z=17&#038;output=embed&#038;iwloc=near\"\n\t\t\t\t\ttitle=\"Chine, 5, Huadu District, Shiling, Guangzhou\"\n\t\t\t\t\taria-label=\"Chine, 5, Huadu District, Shiling, Guangzhou\"\n\t\t\t><\/iframe>\n\t\t<\/div>\n\t\t\t\t\t\t<\/div>\n\t\t\t\t<\/div>\n\t\t\t\t<\/div>\n\t\t<div class=\"elementor-element elementor-element-2de8cf2c e-con-full e-flex e-con e-child\" data-id=\"2de8cf2c\" data-element_type=\"container\">\n\t\t\t\t<div class=\"elementor-element elementor-element-3e7893fa elementor-widget elementor-widget-heading\" data-id=\"3e7893fa\" data-element_type=\"widget\" data-widget_type=\"heading.default\">\n\t\t\t\t<div class=\"elementor-widget-container\">\n\t\t\t\t\t<h2 class=\"elementor-heading-title elementor-size-default\">Visitez-nous<\/h2>\t\t\t\t<\/div>\n\t\t\t\t<\/div>\n\t\t\t\t<div class=\"elementor-element elementor-element-115b9075 elementor-widget elementor-widget-icon-box\" data-id=\"115b9075\" data-element_type=\"widget\" data-widget_type=\"icon-box.default\">\n\t\t\t\t<div class=\"elementor-widget-container\">\n\t\t\t\t\t\t\t<div class=\"elementor-icon-box-wrapper\">\n\n\t\t\t\n\t\t\t\t\t\t<div class=\"elementor-icon-box-content\">\n\n\t\t\t\t\t\t\t\t\t<h4 class=\"elementor-icon-box-title\">\n\t\t\t\t\t\t<span  >\n\t\t\t\t\t\t\tAdresse :\t\t\t\t\t\t<\/span>\n\t\t\t\t\t<\/h4>\n\t\t\t\t\n\t\t\t\t\t\t\t\t\t<p class=\"elementor-icon-box-description\">\n\t\t\t\t\t\tChine, 5, Huadu District, Shiling, Guangzhou\t\t\t\t\t<\/p>\n\t\t\t\t\n\t\t\t<\/div>\n\t\t\t\n\t\t<\/div>\n\t\t\t\t\t\t<\/div>\n\t\t\t\t<\/div>\n\t\t\t\t<\/div>\n\t\t\t\t<\/div>\n\t\t\t\t<\/div>","protected":false},"excerpt":{"rendered":"<p>Nous contacter Nous serions ravis de parler avec vous. N'h\u00e9sitez pas \u00e0 nous contacter en utilisant les coordonn\u00e9es ci-dessous. Prenez contact Si vous n'avez pas votre mod\u00e8le, envoyez-nous un courriel \u00e0 l'adresse suivante : sales@bagmanufacturer.net WhatsApp : +8615918569964 Heures d'ouverture Lun-Ven 9:00AM - 5:00PM Sam-Dim 10:00AM - 6:00PM Remplissez le formulaire ci-dessous et nous vous contacterons d\u00e8s que [...]<\/p>","protected":false},"author":1,"featured_media":0,"parent":0,"menu_order":0,"comment_status":"closed","ping_status":"closed","template":"","meta":{"footnotes":""},"aioseo_notices":[],"_links":{"self":[{"href":"https:\/\/bagmanufacturer.net\/fr\/wp-json\/wp\/v2\/pages\/34"}],"collection":[{"href":"https:\/\/bagmanufacturer.net\/fr\/wp-json\/wp\/v2\/pages"}],"about":[{"href":"https:\/\/bagmanufacturer.net\/fr\/wp-json\/wp\/v2\/types\/page"}],"author":[{"embeddable":true,"href":"https:\/\/bagmanufacturer.net\/fr\/wp-json\/wp\/v2\/users\/1"}],"replies":[{"embeddable":true,"href":"https:\/\/bagmanufacturer.net\/fr\/wp-json\/wp\/v2\/comments?post=34"}],"version-history":[{"count":79,"href":"https:\/\/bagmanufacturer.net\/fr\/wp-json\/wp\/v2\/pages\/34\/revisions"}],"predecessor-version":[{"id":4800,"href":"https:\/\/bagmanufacturer.net\/fr\/wp-json\/wp\/v2\/pages\/34\/revisions\/4800"}],"wp:attachment":[{"href":"https:\/\/bagmanufacturer.net\/fr\/wp-json\/wp\/v2\/media?parent=34"}],"curies":[{"name":"wp","href":"https:\/\/api.w.org\/{rel}","templated":true}]}}