{"id":4477,"date":"2023-11-16T17:34:21","date_gmt":"2023-11-16T09:34:21","guid":{"rendered":"https:\/\/bagmanufacturer.net\/?page_id=4477"},"modified":"2023-11-16T17:43:22","modified_gmt":"2023-11-16T09:43:22","slug":"privacy-policy","status":"publish","type":"page","link":"https:\/\/bagmanufacturer.net\/fr\/privacy-policy\/","title":{"rendered":"Politique de confidentialit\u00e9"},"content":{"rendered":"<div data-elementor-type=\"wp-page\" data-elementor-id=\"4477\" class=\"elementor elementor-4477\" data-elementor-post-type=\"page\">\n\t\t\t\t<div class=\"elementor-element elementor-element-299a454 e-flex e-con-boxed e-con e-parent\" data-id=\"299a454\" data-element_type=\"container\">\n\t\t\t\t\t<div class=\"e-con-inner\">\n\t\t\t\t<div class=\"elementor-element elementor-element-cbe381f elementor-widget elementor-widget-heading\" data-id=\"cbe381f\" data-element_type=\"widget\" data-widget_type=\"heading.default\">\n\t\t\t\t<div class=\"elementor-widget-container\">\n\t\t\t\t\t<h1 class=\"elementor-heading-title elementor-size-default\">Politique de confidentialit\u00e9<\/h1>\t\t\t\t<\/div>\n\t\t\t\t<\/div>\n\t\t\t\t\t<\/div>\n\t\t\t\t<\/div>\n\t\t<div class=\"elementor-element elementor-element-fb8281c e-flex e-con-boxed e-con e-parent\" data-id=\"fb8281c\" data-element_type=\"container\">\n\t\t\t\t\t<div class=\"e-con-inner\">\n\t\t\t\t<div class=\"elementor-element elementor-element-dfe2397 elementor-widget elementor-widget-text-editor\" data-id=\"dfe2397\" data-element_type=\"widget\" data-widget_type=\"text-editor.default\">\n\t\t\t\t<div class=\"elementor-widget-container\">\n\t\t\t\t\t\t\t\t\t<p data-id=\"df06acf7-3c41-472c-a1ea-13a241d29370\" data-pm-slice=\"1 1 []\">Derni\u00e8re mise \u00e0 jour : 16 novembre 2023<\/p><p data-id=\"5f8c3e6d-defd-4600-8ec9-90283c043e62\">Cette politique de confidentialit\u00e9 (\"Politique\") d\u00e9crit comment BagManufacture (ci-apr\u00e8s d\u00e9nomm\u00e9e \"BagManufacture\", \"nous\", \"notre\" ou \"nos\") situ\u00e9e en Chine (la \"Soci\u00e9t\u00e9\"), recueille, prot\u00e8ge et utilise les informations personnelles identifiables (\"Informations personnelles\") que vous pouvez fournir sur le site web https:\/\/bagmanufacturer.net\/ et l'un de ses produits ou services (collectivement, le \"Site web\" ou les \"Services\").<\/p><h2 id=\"7e36bcee-fe98-47dd-9d38-3d488b8d8774\" data-id=\"7e36bcee-fe98-47dd-9d38-3d488b8d8774\"><strong>1. Collecte d'informations personnelles<\/strong><\/h2><p data-id=\"158a14fb-7cd6-4e91-812d-a19753dad100\">Nous recueillons et stockons des informations personnelles lorsque vous vous inscrivez sur notre site web, passez une commande, vous abonnez \u00e0 un bulletin d'information, r\u00e9pondez \u00e0 une enqu\u00eate, remplissez un formulaire, ou dans le cadre d'autres activit\u00e9s, services, caract\u00e9ristiques ou ressources que nous mettons \u00e0 votre disposition. En fonction de vos activit\u00e9s, il se peut que l'on vous demande votre nom, votre adresse \u00e9lectronique, votre adresse postale, votre num\u00e9ro de t\u00e9l\u00e9phone, des informations sur votre carte de cr\u00e9dit et d'autres d\u00e9tails pertinents pour vous aider dans votre exp\u00e9rience.<\/p><h2 id=\"5d49ffcb-c506-4b15-8593-6f0d7d4f431d\" data-id=\"5d49ffcb-c506-4b15-8593-6f0d7d4f431d\"><strong>2. Utilisation des informations collect\u00e9es<\/strong><\/h2><p data-id=\"b982262c-8996-4f6a-8079-993a2cf91f36\">Nous pouvons utiliser les informations que nous recueillons aupr\u00e8s de vous pour les raisons principales suivantes :<\/p><ul class=\"tight\" data-id=\"bd14619e-2434-4350-b573-3e8da0230c23\" data-tight=\"true\"><li class=\"\"><p data-id=\"5f4247b9-b514-4a80-a415-e90dafc1c006\">Pour personnaliser et am\u00e9liorer votre exp\u00e9rience d'utilisateur<\/p><\/li><li class=\"\"><p data-id=\"b59c4b99-c345-4d3a-964e-bfecc34e229d\">Traiter les commandes et les transactions<\/p><\/li><li class=\"\"><p data-id=\"aee6626a-ae59-4130-8e62-4688c051b3fe\">Fournir un service d'assistance \u00e0 la client\u00e8le<\/p><\/li><li class=\"\"><p data-id=\"aa98e3c1-cbea-4532-b756-25036f8a8203\">Envoyer des courriers \u00e9lectroniques p\u00e9riodiques concernant les commandes, les produits, les services, les offres et les mises \u00e0 jour.<\/p><\/li><li class=\"\"><p data-id=\"d4f1dd55-70fc-4c05-bc81-6fa164d9d4be\">G\u00e9rer et exploiter nos services<\/p><\/li><\/ul><h2 id=\"b1bd91c0-a072-4351-ad57-d8b322cfc718\" data-id=\"b1bd91c0-a072-4351-ad57-d8b322cfc718\"><strong>3. Traitement des donn\u00e9es \u00e0 caract\u00e8re personnel<\/strong><\/h2><p data-id=\"a6de0d4f-a347-4f1e-a93f-9695aa12bb15\">Nous conserverons et utiliserons vos Informations personnelles pendant la p\u00e9riode n\u00e9cessaire pour nous conformer \u00e0 nos obligations l\u00e9gales, r\u00e9soudre les litiges et appliquer nos accords. Nous exer\u00e7ons nos activit\u00e9s conform\u00e9ment au r\u00e8glement g\u00e9n\u00e9ral sur la protection des donn\u00e9es (RGPD) (UE) 2016\/679.<\/p><h2 id=\"4cdf494b-aa30-45cc-ab85-634862df19ab\" data-id=\"4cdf494b-aa30-45cc-ab85-634862df19ab\"><strong>4. S\u00e9curit\u00e9 de l'information<\/strong><\/h2><p data-id=\"a7cf6fb3-9bb6-48ea-85fb-3d742aa33335\">Nous adoptons des pratiques appropri\u00e9es en mati\u00e8re de collecte, de stockage et de traitement des donn\u00e9es, ainsi que des mesures de s\u00e9curit\u00e9 pour prot\u00e9ger vos informations personnelles contre l'acc\u00e8s non autoris\u00e9, l'alt\u00e9ration, la divulgation ou la destruction. Les \u00e9changes de donn\u00e9es sensibles et priv\u00e9es entre le site web et ses utilisateurs se font par le biais d'un canal de communication s\u00e9curis\u00e9 SSL, crypt\u00e9 et prot\u00e9g\u00e9 par des signatures num\u00e9riques.<\/p><h2 id=\"ca63fff4-ff4e-40a6-b661-5aada05d5b87\" data-id=\"ca63fff4-ff4e-40a6-b661-5aada05d5b87\"><strong>5. Sites web de tiers<\/strong><\/h2><p data-id=\"7b02f3f2-2b83-42ed-9710-342f93b15b74\">Notre site web peut contenir des liens vers d'autres sites web qui ne sont pas d\u00e9tenus ou contr\u00f4l\u00e9s par nous. Veuillez noter que nous ne sommes pas responsables des pratiques en mati\u00e8re de protection de la vie priv\u00e9e de ces autres sites web.<\/p><h2 id=\"2ef442d8-9d53-4a7b-9a8f-e678bce3ed35\" data-id=\"2ef442d8-9d53-4a7b-9a8f-e678bce3ed35\"><strong>6. Vie priv\u00e9e des enfants<\/strong><\/h2><p data-id=\"5d19df63-80cd-43b8-bea5-5e6b5fa66a8d\">Nos services ne sont pas destin\u00e9s \u00e0 \u00eatre utilis\u00e9s par des personnes de moins de 18 ans. Nous ne recueillons pas sciemment d'informations personnelles aupr\u00e8s d'enfants de moins de 18 ans.<\/p><h2 id=\"022e87c9-3a05-4579-bd87-82b99ec90135\" data-id=\"022e87c9-3a05-4579-bd87-82b99ec90135\"><strong>7. Modifications de la politique de protection de la vie priv\u00e9e<\/strong><\/h2><p data-id=\"1395c182-c160-4037-8355-3123a1b04942\">Nous nous r\u00e9servons le droit de modifier cette politique \u00e0 tout moment. Si nous d\u00e9cidons de modifier notre politique de confidentialit\u00e9, nous publierons ces changements sur cette page.<\/p><h2 id=\"b70b21cb-e030-42cb-979a-b14f27a4bc91\" data-id=\"b70b21cb-e030-42cb-979a-b14f27a4bc91\"><strong>8. Nous contacter<\/strong><\/h2><p data-id=\"2a772b39-cc82-4ea3-8ded-19319ecd14d4\">Si vous avez des questions ou des pr\u00e9occupations concernant cette politique, veuillez nous contacter.<\/p><p data-id=\"f0dd6d1c-6060-4ab8-b5fe-a348bebd0b73\">Courriel : <a class=\"text-[#3A7EFF] transition-colors cursor-pointer hover:underline underline-offset-[3px] text-[#3A7EFF] transition-colors cursor-pointer hover:underline underline-offset-[3px]\" href=\"mailto:sales@bagmanufacture.net\" target=\"_blank\" rel=\"noopener noreferrer nofollow\"><strong><u>sales@bagmanufacture.net<\/u><\/strong><\/a> Adresse : Chine, 5, Huadu District, Shiling, Guangzhou<\/p><div class=\"elementor-element elementor-element-59fc7181 e-con-full e-flex e-con e-child\" data-id=\"59fc7181\" data-element_type=\"container\" data-settings=\"{&quot;content_width&quot;:&quot;full&quot;}\"><div class=\"elementor-element elementor-element-bc561f4 elementor-search-form--skin-full_screen elementor-widget elementor-widget-search-form\" data-id=\"bc561f4\" data-element_type=\"widget\" data-settings=\"{&quot;skin&quot;:&quot;full_screen&quot;}\" data-widget_type=\"search-form.default\"><div class=\"elementor-widget-container\">\u00a0<\/div><\/div><\/div><p data-id=\"46db1880-35d1-43ac-b6ee-684306bc3dc6\">La pr\u00e9sente politique de protection de la vie priv\u00e9e entre en vigueur le\u00a0<span style=\"color: var( --e-global-color-text ); font-family: var( --e-global-typography-text-font-family ), Sans-serif; font-size: var( --e-global-typography-text-font-size ); font-style: var( --e-global-typography-text-font-style ); font-weight: var( --e-global-typography-text-font-weight ); letter-spacing: var( --e-global-typography-text-letter-spacing ); text-transform: var( --e-global-typography-text-text-transform ); text-align: var(--text-align); background-color: var( --e-global-color-c696dce );\">16 novembre 2023<\/span><\/p>\t\t\t\t\t\t\t\t<\/div>\n\t\t\t\t<\/div>\n\t\t\t\t\t<\/div>\n\t\t\t\t<\/div>\n\t\t\t\t<\/div>","protected":false},"excerpt":{"rendered":"<p>Politique de confidentialit\u00e9 Derni\u00e8re mise \u00e0 jour : 16 novembre 2023 Cette politique de confidentialit\u00e9 (\" Politique \") d\u00e9crit comment BagManufacture (ci-apr\u00e8s d\u00e9nomm\u00e9e \" BagManufacture \", \" nous \", \" notre \" ou \" nos \") situ\u00e9e en Chine (la \" Soci\u00e9t\u00e9 \"), recueille, prot\u00e8ge et utilise les informations personnellement identifiables (\" Informations personnelles \") que vous pouvez fournir sur le site web https:\/\/bagmanufacturer.net\/ et l'un quelconque de ses produits ou services (collectivement, le \" Site web \" ou [...]<\/p>","protected":false},"author":1,"featured_media":0,"parent":0,"menu_order":0,"comment_status":"closed","ping_status":"closed","template":"","meta":{"footnotes":""},"aioseo_notices":[],"_links":{"self":[{"href":"https:\/\/bagmanufacturer.net\/fr\/wp-json\/wp\/v2\/pages\/4477"}],"collection":[{"href":"https:\/\/bagmanufacturer.net\/fr\/wp-json\/wp\/v2\/pages"}],"about":[{"href":"https:\/\/bagmanufacturer.net\/fr\/wp-json\/wp\/v2\/types\/page"}],"author":[{"embeddable":true,"href":"https:\/\/bagmanufacturer.net\/fr\/wp-json\/wp\/v2\/users\/1"}],"replies":[{"embeddable":true,"href":"https:\/\/bagmanufacturer.net\/fr\/wp-json\/wp\/v2\/comments?post=4477"}],"version-history":[{"count":8,"href":"https:\/\/bagmanufacturer.net\/fr\/wp-json\/wp\/v2\/pages\/4477\/revisions"}],"predecessor-version":[{"id":4489,"href":"https:\/\/bagmanufacturer.net\/fr\/wp-json\/wp\/v2\/pages\/4477\/revisions\/4489"}],"wp:attachment":[{"href":"https:\/\/bagmanufacturer.net\/fr\/wp-json\/wp\/v2\/media?parent=4477"}],"curies":[{"name":"wp","href":"https:\/\/api.w.org\/{rel}","templated":true}]}}