{"id":4490,"date":"2023-11-16T17:49:32","date_gmt":"2023-11-16T09:49:32","guid":{"rendered":"https:\/\/bagmanufacturer.net\/?page_id=4490"},"modified":"2023-11-16T17:54:59","modified_gmt":"2023-11-16T09:54:59","slug":"terms-of-use","status":"publish","type":"page","link":"https:\/\/bagmanufacturer.net\/fr\/terms-of-use\/","title":{"rendered":"Conditions d'utilisation"},"content":{"rendered":"<div data-elementor-type=\"wp-page\" data-elementor-id=\"4490\" class=\"elementor elementor-4490\" data-elementor-post-type=\"page\">\n\t\t\t\t<div class=\"elementor-element elementor-element-d5c5c14 e-flex e-con-boxed e-con e-parent\" data-id=\"d5c5c14\" data-element_type=\"container\">\n\t\t\t\t\t<div class=\"e-con-inner\">\n\t\t\t\t<div class=\"elementor-element elementor-element-13d1e16 elementor-widget elementor-widget-heading\" data-id=\"13d1e16\" data-element_type=\"widget\" data-widget_type=\"heading.default\">\n\t\t\t\t<div class=\"elementor-widget-container\">\n\t\t\t\t\t<h1 class=\"elementor-heading-title elementor-size-default\">Conditions d'utilisation<\/h1>\t\t\t\t<\/div>\n\t\t\t\t<\/div>\n\t\t\t\t\t<\/div>\n\t\t\t\t<\/div>\n\t\t<div class=\"elementor-element elementor-element-e137324 e-flex e-con-boxed e-con e-parent\" data-id=\"e137324\" data-element_type=\"container\">\n\t\t\t\t\t<div class=\"e-con-inner\">\n\t\t\t\t<div class=\"elementor-element elementor-element-685cf93 elementor-widget elementor-widget-text-editor\" data-id=\"685cf93\" data-element_type=\"widget\" data-widget_type=\"text-editor.default\">\n\t\t\t\t<div class=\"elementor-widget-container\">\n\t\t\t\t\t\t\t\t\t<p data-id=\"654560c2-04a0-4a25-8d48-343428a371e0\">Derni\u00e8re mise \u00e0 jour : 16 novembre 2023<\/p><p data-id=\"841b077a-9aa0-45df-8bef-0287fbcf1011\">Bienvenue \u00e0 <a class=\"text-[#3A7EFF] transition-colors cursor-pointer hover:underline underline-offset-[3px] text-[#3A7EFF] transition-colors cursor-pointer hover:underline underline-offset-[3px]\" href=\"https:\/\/bagmanufacturer.net\/fr\/\" target=\"_blank\" rel=\"noopener noreferrer nofollow\">https:\/\/bagmanufacturer.net\/<\/a> (le \"site web\"). Ce site web est d\u00e9tenu et exploit\u00e9 par BagManufacture (ci-apr\u00e8s \"la soci\u00e9t\u00e9\", \"nous\", \"notre\" ou \"nos\"). Il s'agit d'un accord juridique (\"accord\") entre vous, l'utilisateur (\"vous\" ou \"votre\"), et la soci\u00e9t\u00e9, qui r\u00e9git votre utilisation de ce site web et des produits et services offerts par la soci\u00e9t\u00e9.<\/p><h2 id=\"329c370b-7287-49e4-8131-17cf006d88cf\" data-id=\"329c370b-7287-49e4-8131-17cf006d88cf\">1. Acceptation des conditions<\/h2><p data-id=\"7051c63d-28ce-45ad-b78d-7b476dd9da70\">En acc\u00e9dant \u00e0 ce site web, en y naviguant ou en l'utilisant, vous affirmez que vous \u00eates \u00e2g\u00e9 d'au moins 18 ans et que vous acceptez de vous conformer aux termes et conditions contenus dans le pr\u00e9sent accord.<\/p><h2 id=\"4111b0a6-4114-46ed-904e-dccae7fa92b2\" data-id=\"4111b0a6-4114-46ed-904e-dccae7fa92b2\">2. L'inscription<\/h2><p data-id=\"ce56dae8-a9ee-4297-8cee-907308cf4b0d\">L'inscription peut \u00eatre requise pour l'utilisation de certains services sur le site web. Lors de l'inscription, vous vous engagez \u00e0 fournir des informations exactes et \u00e0 jour.<\/p><h2 id=\"e56b658a-82ba-49e8-8b8f-e834f6a47b69\" data-id=\"e56b658a-82ba-49e8-8b8f-e834f6a47b69\">3. Commandes et paiements<\/h2><p data-id=\"958e58ca-770b-4960-9592-d1d17055d9f9\">Lorsque vous passez une commande, vous acceptez de payer le prix des marchandises tel qu'il est indiqu\u00e9 sur le site web. Le paiement est d\u00fb en totalit\u00e9 au moment de la commande, sauf accord sp\u00e9cifique entre vous et la soci\u00e9t\u00e9. Vous affirmez \u00eatre un utilisateur autoris\u00e9 du mode de paiement utilis\u00e9.<\/p><h2 id=\"c9171e3f-eb56-468f-ba84-01980f08ec5e\" data-id=\"c9171e3f-eb56-468f-ba84-01980f08ec5e\">4. Droits de propri\u00e9t\u00e9 intellectuelle<\/h2><p data-id=\"7986461b-1161-4e23-aa9c-c0ebd8f6ded4\">Tous les contenus pr\u00e9sents sur ce site Web sont la propri\u00e9t\u00e9 exclusive de l'entreprise. Il est interdit de copier, modifier, distribuer, vendre ou louer toute partie de nos services ou des logiciels inclus, ainsi que de faire de l'ing\u00e9nierie inverse ou de tenter d'extraire le code source de ces logiciels.<\/p><h2 id=\"ccd02c40-0055-41ee-939b-f5e8df95b0a9\" data-id=\"ccd02c40-0055-41ee-939b-f5e8df95b0a9\">5. Limitation de la responsabilit\u00e9<\/h2><p data-id=\"eb02ae13-eca9-4558-9489-56dd413bc55f\">En aucun cas, y compris, mais sans s'y limiter, la n\u00e9gligence, la soci\u00e9t\u00e9 ne sera responsable des dommages directs ou indirects r\u00e9sultant de l'utilisation ou de l'impossibilit\u00e9 d'utiliser les services du site web.<\/p><h2 id=\"88a3a9ce-fd76-4747-bc4d-0e481d57de61\" data-id=\"88a3a9ce-fd76-4747-bc4d-0e481d57de61\">6. Comportement de l'utilisateur<\/h2><p data-id=\"400ecf4a-3407-445e-8d7c-08c31a97f9a4\">Vous vous engagez \u00e0 ne pas commettre d'actes susceptibles de nuire aux services ou aux utilisateurs des services.<\/p><h2 id=\"6fb328e5-7c83-40d9-9d90-3f20f4627cef\" data-id=\"6fb328e5-7c83-40d9-9d90-3f20f4627cef\">7. Protection de la vie priv\u00e9e<\/h2><p data-id=\"e1759404-149f-43f0-93e8-9d27a3ff3222\">La soci\u00e9t\u00e9 respecte votre vie priv\u00e9e et prend tr\u00e8s au s\u00e9rieux ses obligations en mati\u00e8re de protection de vos donn\u00e9es personnelles. Nos pratiques concernant la collecte et le traitement de vos donn\u00e9es personnelles sont expos\u00e9es dans notre politique de confidentialit\u00e9.<\/p><h2 id=\"46882601-2fff-45d4-83b3-bafceb09c185\" data-id=\"46882601-2fff-45d4-83b3-bafceb09c185\">8. Modifications des conditions<\/h2><p data-id=\"fc233f06-a5ec-4a08-90e3-be289720e31e\">La soci\u00e9t\u00e9 se r\u00e9serve le droit de modifier occasionnellement le pr\u00e9sent accord. Les conditions r\u00e9vis\u00e9es seront publi\u00e9es sur le site web et prendront effet imm\u00e9diatement apr\u00e8s leur publication.<\/p><h2 id=\"06377f63-2cf9-4a20-a8f7-5cd677d77384\" data-id=\"06377f63-2cf9-4a20-a8f7-5cd677d77384\">9. Nous contacter<\/h2><p data-id=\"93721fa8-90ee-4a61-b80c-5667478f2276\">Pour toute question ou plainte concernant les pr\u00e9sentes conditions d'utilisation, veuillez nous contacter \u00e0 l'adresse suivante :<\/p><p data-id=\"a264ef3b-f27e-4279-9372-b68f424508e9\">Courriel : <a class=\"text-[#3A7EFF] transition-colors cursor-pointer hover:underline underline-offset-[3px] text-[#3A7EFF] transition-colors cursor-pointer hover:underline underline-offset-[3px]\" href=\"mailto:sales@bagmanufacture.com\" target=\"_blank\" rel=\"noopener noreferrer nofollow\">sales@bagmanufacture.com<\/a><br \/>Adresse : Chine, 5, Huadu District, Shiling, Guangzhou<\/p><div class=\"elementor-element elementor-element-59fc7181 e-con-full e-flex e-con e-child\" data-id=\"59fc7181\" data-element_type=\"container\" data-settings=\"{&quot;content_width&quot;:&quot;full&quot;}\"><div class=\"elementor-element elementor-element-bc561f4 elementor-search-form--skin-full_screen elementor-widget elementor-widget-search-form\" data-id=\"bc561f4\" data-element_type=\"widget\" data-settings=\"{&quot;skin&quot;:&quot;full_screen&quot;}\" data-widget_type=\"search-form.default\"><div class=\"elementor-widget-container\">\u00a0<\/div><\/div><\/div><p data-id=\"4960ebda-bcd9-4d95-8d4f-d44ec928987a\">Les pr\u00e9sentes conditions d'utilisation entrent en vigueur le 16 novembre 2023.<\/p>\t\t\t\t\t\t\t\t<\/div>\n\t\t\t\t<\/div>\n\t\t\t\t\t<\/div>\n\t\t\t\t<\/div>\n\t\t\t\t<\/div>","protected":false},"excerpt":{"rendered":"<p>Conditions d'utilisation Derni\u00e8re mise \u00e0 jour : 16 novembre 2023 Bienvenue sur https:\/\/bagmanufacturer.net\/ (le \"site web\"). Ce site web est d\u00e9tenu et exploit\u00e9 par BagManufacture (ci-apr\u00e8s \"la soci\u00e9t\u00e9\", \"nous\", \"notre\" ou \"nos\"). Il s'agit d'un accord juridique (\"Accord\") entre vous, l'utilisateur (\"vous\" ou \"votre\"), et la Soci\u00e9t\u00e9, qui r\u00e9git votre utilisation de ce site Web et des produits et services [...].<\/p>","protected":false},"author":1,"featured_media":0,"parent":0,"menu_order":0,"comment_status":"closed","ping_status":"closed","template":"","meta":{"footnotes":""},"aioseo_notices":[],"_links":{"self":[{"href":"https:\/\/bagmanufacturer.net\/fr\/wp-json\/wp\/v2\/pages\/4490"}],"collection":[{"href":"https:\/\/bagmanufacturer.net\/fr\/wp-json\/wp\/v2\/pages"}],"about":[{"href":"https:\/\/bagmanufacturer.net\/fr\/wp-json\/wp\/v2\/types\/page"}],"author":[{"embeddable":true,"href":"https:\/\/bagmanufacturer.net\/fr\/wp-json\/wp\/v2\/users\/1"}],"replies":[{"embeddable":true,"href":"https:\/\/bagmanufacturer.net\/fr\/wp-json\/wp\/v2\/comments?post=4490"}],"version-history":[{"count":5,"href":"https:\/\/bagmanufacturer.net\/fr\/wp-json\/wp\/v2\/pages\/4490\/revisions"}],"predecessor-version":[{"id":4495,"href":"https:\/\/bagmanufacturer.net\/fr\/wp-json\/wp\/v2\/pages\/4490\/revisions\/4495"}],"wp:attachment":[{"href":"https:\/\/bagmanufacturer.net\/fr\/wp-json\/wp\/v2\/media?parent=4490"}],"curies":[{"name":"wp","href":"https:\/\/api.w.org\/{rel}","templated":true}]}}