{"id":4496,"date":"2023-11-16T18:59:45","date_gmt":"2023-11-16T10:59:45","guid":{"rendered":"https:\/\/bagmanufacturer.net\/?page_id=4496"},"modified":"2023-11-16T19:01:29","modified_gmt":"2023-11-16T11:01:29","slug":"editorial-guidelines","status":"publish","type":"page","link":"https:\/\/bagmanufacturer.net\/fr\/editorial-guidelines\/","title":{"rendered":"Lignes directrices \u00e9ditoriales"},"content":{"rendered":"<div data-elementor-type=\"wp-page\" data-elementor-id=\"4496\" class=\"elementor elementor-4496\" data-elementor-post-type=\"page\">\n\t\t\t\t<div class=\"elementor-element elementor-element-3735346 e-flex e-con-boxed e-con e-parent\" data-id=\"3735346\" data-element_type=\"container\">\n\t\t\t\t\t<div class=\"e-con-inner\">\n\t\t\t\t<div class=\"elementor-element elementor-element-3aadd99 elementor-widget elementor-widget-heading\" data-id=\"3aadd99\" data-element_type=\"widget\" data-widget_type=\"heading.default\">\n\t\t\t\t<div class=\"elementor-widget-container\">\n\t\t\t\t\t<h1 class=\"elementor-heading-title elementor-size-default\">Lignes directrices \u00e9ditoriales\n<\/h1>\t\t\t\t<\/div>\n\t\t\t\t<\/div>\n\t\t\t\t\t<\/div>\n\t\t\t\t<\/div>\n\t\t<div class=\"elementor-element elementor-element-ff30a7e e-flex e-con-boxed e-con e-parent\" data-id=\"ff30a7e\" data-element_type=\"container\">\n\t\t\t\t\t<div class=\"e-con-inner\">\n\t\t\t\t<div class=\"elementor-element elementor-element-a6fb0ec elementor-widget elementor-widget-text-editor\" data-id=\"a6fb0ec\" data-element_type=\"widget\" data-widget_type=\"text-editor.default\">\n\t\t\t\t<div class=\"elementor-widget-container\">\n\t\t\t\t\t\t\t\t\t<p dir=\"auto\">Politique \u00e9ditoriale pour <a href=\"https:\/\/bagmanufacturer.net\/fr\/\">BagManufacturer.net<\/a><\/p><ol><li><p dir=\"auto\">Pr\u00e9cision et int\u00e9grit\u00e9 du contenu :<br \/>Tout le contenu publi\u00e9 sur BagManufacturer.net fait l'objet de recherches approfondies et d'un contr\u00f4le d'exactitude. Nous nous engageons \u00e0 fournir des informations fiables, claires et concises sur nos processus de fabrication, les mat\u00e9riaux utilis\u00e9s et les produits propos\u00e9s.<\/p><\/li><li><p dir=\"auto\">Des rapports impartiaux :<br \/>Notre objectif premier est de pr\u00e9senter des informations impartiales concernant nos op\u00e9rations de fabrication et nos offres de produits. Bien que nous fassions de l'autopromotion, nous nous effor\u00e7ons de pr\u00e9senter nos produits et services de mani\u00e8re objective, en soulignant \u00e0 la fois les points forts et les domaines susceptibles d'\u00eatre am\u00e9lior\u00e9s.<\/p><\/li><li><p dir=\"auto\">Originalit\u00e9 :<br \/>Tout le contenu de BagManufacturer.net est original. Nous interdisons strictement le plagiat et accordons une grande importance \u00e0 l'originalit\u00e9 et \u00e0 la cr\u00e9ativit\u00e9 dans la cr\u00e9ation de notre contenu.<\/p><\/li><li><p dir=\"auto\">Cr\u00e9dibilit\u00e9 de la source :<br \/>Lorsque nous faisons r\u00e9f\u00e9rence \u00e0 des sources externes, nous ne citons que celles qui sont cr\u00e9dibles et qui font autorit\u00e9. Cela nous permet de garantir la v\u00e9racit\u00e9 et la fiabilit\u00e9 des informations que nous partageons avec nos lecteurs.<\/p><\/li><li><p dir=\"auto\">Description du produit :<br \/>Nous nous engageons \u00e0 fournir des descriptions de produits compl\u00e8tes, pr\u00e9cises et actualis\u00e9es. Toutes les caract\u00e9ristiques, sp\u00e9cifications et prix seront d\u00e9clar\u00e9s de mani\u00e8re transparente et tout changement sera mis \u00e0 jour rapidement.<\/p><\/li><li><p dir=\"auto\">Commentaires :<br \/>Nous encourageons nos lecteurs et nos clients \u00e0 nous faire part de leurs r\u00e9actions et de leurs exp\u00e9riences par le biais de commentaires sur BagManufacturer.net. Cependant, tout commentaire comportant un langage abusif, du spam, un contenu inappropri\u00e9 ou des attaques personnelles contre d'autres membres sera supprim\u00e9.<\/p><\/li><li><p dir=\"auto\">Droits :<br \/>BagManufacturer.net se r\u00e9serve le droit de mettre \u00e0 jour, de modifier ou de supprimer le contenu, les commentaires ou les comptes d'utilisateurs si cela s'av\u00e8re n\u00e9cessaire pour maintenir l'int\u00e9grit\u00e9 du site Web.<\/p><\/li><li><p dir=\"auto\">Annonces et contenu sponsoris\u00e9 :<br \/>Si nous h\u00e9bergeons des publicit\u00e9s ou du contenu sponsoris\u00e9, ceux-ci seront clairement identifi\u00e9s. Nous s\u00e9lectionnerons judicieusement les publicit\u00e9s afin de minimiser la perturbation de l'exp\u00e9rience de l'utilisateur.<\/p><\/li><\/ol><p dir=\"auto\">Nous, \u00e0 BagManufacturer.net, adh\u00e9rons strictement \u00e0 cette politique \u00e9ditoriale afin de nous assurer que nous fournissons un contenu cr\u00e9dible, fiable et pr\u00e9cis \u00e0 nos utilisateurs.<\/p>\t\t\t\t\t\t\t\t<\/div>\n\t\t\t\t<\/div>\n\t\t\t\t\t<\/div>\n\t\t\t\t<\/div>\n\t\t\t\t<\/div>","protected":false},"excerpt":{"rendered":"<p>Lignes directrices \u00e9ditoriales Politique \u00e9ditoriale pour BagManufacturer.net Exactitude et int\u00e9grit\u00e9 du contenu : Tout le contenu publi\u00e9 sur BagManufacturer.net fait l'objet de recherches approfondies et d'un examen minutieux pour en v\u00e9rifier l'exactitude. Nous nous engageons \u00e0 fournir des informations fiables, claires et concises sur nos processus de fabrication, les mat\u00e9riaux utilis\u00e9s et les produits propos\u00e9s. Rapport impartial:Notre objectif principal est de pr\u00e9senter des informations impartiales concernant nos op\u00e9rations de fabrication et nos produits [...]<\/p>","protected":false},"author":1,"featured_media":0,"parent":0,"menu_order":0,"comment_status":"closed","ping_status":"closed","template":"","meta":{"footnotes":""},"aioseo_notices":[],"_links":{"self":[{"href":"https:\/\/bagmanufacturer.net\/fr\/wp-json\/wp\/v2\/pages\/4496"}],"collection":[{"href":"https:\/\/bagmanufacturer.net\/fr\/wp-json\/wp\/v2\/pages"}],"about":[{"href":"https:\/\/bagmanufacturer.net\/fr\/wp-json\/wp\/v2\/types\/page"}],"author":[{"embeddable":true,"href":"https:\/\/bagmanufacturer.net\/fr\/wp-json\/wp\/v2\/users\/1"}],"replies":[{"embeddable":true,"href":"https:\/\/bagmanufacturer.net\/fr\/wp-json\/wp\/v2\/comments?post=4496"}],"version-history":[{"count":5,"href":"https:\/\/bagmanufacturer.net\/fr\/wp-json\/wp\/v2\/pages\/4496\/revisions"}],"predecessor-version":[{"id":4501,"href":"https:\/\/bagmanufacturer.net\/fr\/wp-json\/wp\/v2\/pages\/4496\/revisions\/4501"}],"wp:attachment":[{"href":"https:\/\/bagmanufacturer.net\/fr\/wp-json\/wp\/v2\/media?parent=4496"}],"curies":[{"name":"wp","href":"https:\/\/api.w.org\/{rel}","templated":true}]}}