{"id":50,"date":"2023-09-14T14:41:59","date_gmt":"2023-09-14T13:41:59","guid":{"rendered":"https:\/\/bagmanufacturer.net\/our-story\/"},"modified":"2023-11-16T19:15:35","modified_gmt":"2023-11-16T11:15:35","slug":"our-story","status":"publish","type":"page","link":"https:\/\/bagmanufacturer.net\/fr\/our-story\/","title":{"rendered":"Notre histoire"},"content":{"rendered":"<div data-elementor-type=\"wp-page\" data-elementor-id=\"50\" class=\"elementor elementor-50\" data-elementor-post-type=\"page\">\n\t\t\t\t<div class=\"elementor-element elementor-element-6dea8247 e-con-full e-flex e-con e-parent\" data-id=\"6dea8247\" data-element_type=\"container\">\n\t\t<div class=\"elementor-element elementor-element-12a5b6c6 e-con-full e-flex e-con e-child\" data-id=\"12a5b6c6\" data-element_type=\"container\">\n\t\t\t\t<div class=\"elementor-element elementor-element-4120a9bf elementor-widget elementor-widget-heading\" data-id=\"4120a9bf\" data-element_type=\"widget\" data-widget_type=\"heading.default\">\n\t\t\t\t<div class=\"elementor-widget-container\">\n\t\t\t\t\t<h1 class=\"elementor-heading-title elementor-size-default\">A propos de nous<\/h1>\t\t\t\t<\/div>\n\t\t\t\t<\/div>\n\t\t\t\t<div class=\"elementor-element elementor-element-39315ad elementor-widget elementor-widget-text-editor\" data-id=\"39315ad\" data-element_type=\"widget\" data-widget_type=\"text-editor.default\">\n\t\t\t\t<div class=\"elementor-widget-container\">\n\t\t\t\t\t\t\t\t\t<p>Bienvenue chez BagManufacturer, l'un des principaux fabricants de sacs personnalis\u00e9s en Chine, 5, Huadu District, Shiling, Guangzhou. Depuis notre cr\u00e9ation en 2003, nous nous consacrons \u00e0 la fabrication de sacs \u00e0 main, de sacs \u00e0 dos, de sacs fourre-tout et d'autres articles de grande qualit\u00e9. Notre passion pour la cr\u00e9ation de sacs uniques et de haute qualit\u00e9 a \u00e9t\u00e9 la force motrice de notre succ\u00e8s.<\/p><p>Chez BagManufacturer, nous comprenons que chaque individu a son propre style et ses propres pr\u00e9f\u00e9rences en mati\u00e8re de sacs. C'est pourquoi nous nous sp\u00e9cialisons dans la personnalisation, en offrant une large gamme d'options pour donner vie \u00e0 votre vision. Que vous soyez \u00e0 la pointe de la mode ou un professionnel en qu\u00eate de sophistication, nous disposons de l'expertise n\u00e9cessaire pour r\u00e9pondre \u00e0 vos besoins uniques.<\/p>\t\t\t\t\t\t\t\t<\/div>\n\t\t\t\t<\/div>\n\t\t\t\t<\/div>\n\t\t<div class=\"elementor-element elementor-element-14c6ed6f e-con-full e-flex e-con e-child\" data-id=\"14c6ed6f\" data-element_type=\"container\" data-settings=\"{&quot;background_background&quot;:&quot;classic&quot;}\">\n\t\t\t\t<div class=\"elementor-element elementor-element-5553a15f elementor-widget elementor-widget-image\" data-id=\"5553a15f\" data-element_type=\"widget\" data-widget_type=\"image.default\">\n\t\t\t\t<div class=\"elementor-widget-container\">\n\t\t\t\t\t\t\t\t\t\t\t\t\t\t\t<img fetchpriority=\"high\" decoding=\"async\" width=\"800\" height=\"534\" src=\"https:\/\/bagmanufacturer.net\/wp-content\/uploads\/2023\/09\/industrial-park-factory-building-warehouse-1024x683.jpg\" class=\"attachment-large size-large wp-image-145\" alt=\"\" srcset=\"https:\/\/bagmanufacturer.net\/wp-content\/uploads\/2023\/09\/industrial-park-factory-building-warehouse-1024x683.jpg 1024w, https:\/\/bagmanufacturer.net\/wp-content\/uploads\/2023\/09\/industrial-park-factory-building-warehouse-300x200.jpg 300w, https:\/\/bagmanufacturer.net\/wp-content\/uploads\/2023\/09\/industrial-park-factory-building-warehouse-768x512.jpg 768w, https:\/\/bagmanufacturer.net\/wp-content\/uploads\/2023\/09\/industrial-park-factory-building-warehouse-1536x1025.jpg 1536w, https:\/\/bagmanufacturer.net\/wp-content\/uploads\/2023\/09\/industrial-park-factory-building-warehouse-2048x1366.jpg 2048w\" sizes=\"(max-width: 800px) 100vw, 800px\" \/>\t\t\t\t\t\t\t\t\t\t\t\t\t\t\t<\/div>\n\t\t\t\t<\/div>\n\t\t\t\t<\/div>\n\t\t\t\t<\/div>\n\t\t<div class=\"elementor-element elementor-element-447a7f0f e-flex e-con-boxed e-con e-parent\" data-id=\"447a7f0f\" data-element_type=\"container\">\n\t\t\t\t\t<div class=\"e-con-inner\">\n\t\t<div class=\"elementor-element elementor-element-4cabd5c8 e-con-full e-flex e-con e-child\" data-id=\"4cabd5c8\" data-element_type=\"container\">\n\t\t\t\t<div class=\"elementor-element elementor-element-7ff33dd6 elementor-widget elementor-widget-image\" data-id=\"7ff33dd6\" data-element_type=\"widget\" data-widget_type=\"image.default\">\n\t\t\t\t<div class=\"elementor-widget-container\">\n\t\t\t\t\t\t\t\t\t\t\t\t\t\t\t<img decoding=\"async\" width=\"800\" height=\"534\" src=\"https:\/\/bagmanufacturer.net\/wp-content\/uploads\/2023\/09\/creative-tailor-working-workshop-1024x683.jpg\" class=\"attachment-large size-large wp-image-242\" alt=\"tailleur professionnel\" srcset=\"https:\/\/bagmanufacturer.net\/wp-content\/uploads\/2023\/09\/creative-tailor-working-workshop-1024x683.jpg 1024w, https:\/\/bagmanufacturer.net\/wp-content\/uploads\/2023\/09\/creative-tailor-working-workshop-300x200.jpg 300w, https:\/\/bagmanufacturer.net\/wp-content\/uploads\/2023\/09\/creative-tailor-working-workshop-768x512.jpg 768w, https:\/\/bagmanufacturer.net\/wp-content\/uploads\/2023\/09\/creative-tailor-working-workshop-1536x1024.jpg 1536w, https:\/\/bagmanufacturer.net\/wp-content\/uploads\/2023\/09\/creative-tailor-working-workshop-2048x1366.jpg 2048w\" sizes=\"(max-width: 800px) 100vw, 800px\" \/>\t\t\t\t\t\t\t\t\t\t\t\t\t\t\t<\/div>\n\t\t\t\t<\/div>\n\t\t\t\t<\/div>\n\t\t<div class=\"elementor-element elementor-element-43b98f23 e-con-full e-flex e-con e-child\" data-id=\"43b98f23\" data-element_type=\"container\">\n\t\t\t\t<div class=\"elementor-element elementor-element-408e9e80 elementor-widget__width-initial elementor-widget elementor-widget-heading\" data-id=\"408e9e80\" data-element_type=\"widget\" data-widget_type=\"heading.default\">\n\t\t\t\t<div class=\"elementor-widget-container\">\n\t\t\t\t\t<h2 class=\"elementor-heading-title elementor-size-default\">Notre mission<\/h2>\t\t\t\t<\/div>\n\t\t\t\t<\/div>\n\t\t\t\t<div class=\"elementor-element elementor-element-38dc5ac6 elementor-widget elementor-widget-text-editor\" data-id=\"38dc5ac6\" data-element_type=\"widget\" data-widget_type=\"text-editor.default\">\n\t\t\t\t<div class=\"elementor-widget-container\">\n\t\t\t\t\t\t\t\t\t<p>La mission de BagManufacturer est de concevoir et de fabriquer une collection vari\u00e9e de sacs, allant des sacs \u00e0 main aux sacs \u00e0 dos, en passant par les fourre-tout et les sacs en cuir. Nous nous engageons \u00e0 r\u00e9pondre aux besoins et aux pr\u00e9f\u00e9rences de nos pr\u00e9cieux clients en leur fournissant des sacs \u00e9l\u00e9gants et de haute qualit\u00e9 qui am\u00e9liorent leur vie quotidienne. Gr\u00e2ce \u00e0 notre attachement \u00e0 l'artisanat et \u00e0 notre souci du d\u00e9tail, nous nous effor\u00e7ons de proposer des produits qui d\u00e9passent les attentes. En combinant l'innovation, la fonctionnalit\u00e9 et l'attrait esth\u00e9tique, nous visons \u00e0 \u00eatre le premier choix pour les personnes \u00e0 la recherche de sacs fiables et \u00e0 la mode. Chez BagManufacturer, notre objectif ultime est d'inspirer et de permettre aux gens d'exprimer leur style unique et d'am\u00e9liorer leurs exp\u00e9riences gr\u00e2ce \u00e0 notre gamme exceptionnelle de sacs.<\/p>\t\t\t\t\t\t\t\t<\/div>\n\t\t\t\t<\/div>\n\t\t\t\t<\/div>\n\t\t\t\t\t<\/div>\n\t\t\t\t<\/div>\n\t\t<div class=\"elementor-element elementor-element-039cfe0 e-con-full e-flex e-con e-parent\" data-id=\"039cfe0\" data-element_type=\"container\">\n\t\t<div class=\"elementor-element elementor-element-a9f8db4 e-con-full e-flex e-con e-child\" data-id=\"a9f8db4\" data-element_type=\"container\" data-settings=\"{&quot;background_background&quot;:&quot;classic&quot;}\">\n\t\t\t\t<div class=\"elementor-element elementor-element-64e4bb9 elementor-widget elementor-widget-google_maps\" data-id=\"64e4bb9\" data-element_type=\"widget\" data-widget_type=\"google_maps.default\">\n\t\t\t\t<div class=\"elementor-widget-container\">\n\t\t\t\t\t\t\t<div class=\"elementor-custom-embed\">\n\t\t\t<iframe loading=\"lazy\"\n\t\t\t\t\tsrc=\"https:\/\/maps.google.com\/maps?q=China%2C%205%2C%20Huadu%20District%2C%20Shiling%2C%20Guangzhou&#038;t=m&#038;z=17&#038;output=embed&#038;iwloc=near\"\n\t\t\t\t\ttitle=\"Chine, 5, Huadu District, Shiling, Guangzhou\"\n\t\t\t\t\taria-label=\"Chine, 5, Huadu District, Shiling, Guangzhou\"\n\t\t\t><\/iframe>\n\t\t<\/div>\n\t\t\t\t\t\t<\/div>\n\t\t\t\t<\/div>\n\t\t\t\t<\/div>\n\t\t<div class=\"elementor-element elementor-element-c4d0621 e-con-full e-flex e-con e-child\" data-id=\"c4d0621\" data-element_type=\"container\">\n\t\t\t\t<div class=\"elementor-element elementor-element-2588430 elementor-widget elementor-widget-heading\" data-id=\"2588430\" data-element_type=\"widget\" data-widget_type=\"heading.default\">\n\t\t\t\t<div class=\"elementor-widget-container\">\n\t\t\t\t\t<h2 class=\"elementor-heading-title elementor-size-default\">Visitez-nous<\/h2>\t\t\t\t<\/div>\n\t\t\t\t<\/div>\n\t\t\t\t<div class=\"elementor-element elementor-element-c07d984 elementor-widget elementor-widget-icon-box\" data-id=\"c07d984\" data-element_type=\"widget\" data-widget_type=\"icon-box.default\">\n\t\t\t\t<div class=\"elementor-widget-container\">\n\t\t\t\t\t\t\t<div class=\"elementor-icon-box-wrapper\">\n\n\t\t\t\n\t\t\t\t\t\t<div class=\"elementor-icon-box-content\">\n\n\t\t\t\t\t\t\t\t\t<h4 class=\"elementor-icon-box-title\">\n\t\t\t\t\t\t<span  >\n\t\t\t\t\t\t\tAdresse :\t\t\t\t\t\t<\/span>\n\t\t\t\t\t<\/h4>\n\t\t\t\t\n\t\t\t\t\t\t\t\t\t<p class=\"elementor-icon-box-description\">\n\t\t\t\t\t\tChine, 5, Huadu District, Shiling, Guangzhou\t\t\t\t\t<\/p>\n\t\t\t\t\n\t\t\t<\/div>\n\t\t\t\n\t\t<\/div>\n\t\t\t\t\t\t<\/div>\n\t\t\t\t<\/div>\n\t\t\t\t<\/div>\n\t\t\t\t<\/div>\n\t\t<div class=\"elementor-element elementor-element-53a85905 e-flex e-con-boxed e-con e-parent\" data-id=\"53a85905\" data-element_type=\"container\">\n\t\t\t\t\t<div class=\"e-con-inner\">\n\t\t\t\t<div class=\"elementor-element elementor-element-761f1c42 elementor-widget__width-initial elementor-widget elementor-widget-heading\" data-id=\"761f1c42\" data-element_type=\"widget\" data-widget_type=\"heading.default\">\n\t\t\t\t<div class=\"elementor-widget-container\">\n\t\t\t\t\t<h2 class=\"elementor-heading-title elementor-size-default\">Pr\u00eat pour de superbes sacs ? Demandez un devis maintenant !<\/h2>\t\t\t\t<\/div>\n\t\t\t\t<\/div>\n\t\t\t\t<div class=\"elementor-element elementor-element-356102fb elementor-align-center elementor-mobile-align-center elementor-widget elementor-widget-button\" data-id=\"356102fb\" data-element_type=\"widget\" data-widget_type=\"button.default\">\n\t\t\t\t<div class=\"elementor-widget-container\">\n\t\t\t\t\t\t\t\t\t<div class=\"elementor-button-wrapper\">\n\t\t\t\t\t<a class=\"elementor-button elementor-button-link elementor-size-sm\" href=\"https:\/\/bagmanufacturer.net\/fr\/contact-us\/\">\n\t\t\t\t\t\t<span class=\"elementor-button-content-wrapper\">\n\t\t\t\t\t\t\t\t\t<span class=\"elementor-button-text\">Nous contacter<\/span>\n\t\t\t\t\t<\/span>\n\t\t\t\t\t<\/a>\n\t\t\t\t<\/div>\n\t\t\t\t\t\t\t\t<\/div>\n\t\t\t\t<\/div>\n\t\t\t\t\t<\/div>\n\t\t\t\t<\/div>\n\t\t\t\t<\/div>","protected":false},"excerpt":{"rendered":"<p>\u00c0 propos de nous Bienvenue chez BagManufacturer, un important fabricant de sacs personnalis\u00e9s bas\u00e9 en Chine, 5, Huadu District, Shiling, Guangzhou. Depuis notre cr\u00e9ation en 2003, nous nous consacrons \u00e0 la fabrication de sacs \u00e0 main, de sacs \u00e0 dos, de sacs fourre-tout et d'autres articles de grande qualit\u00e9. Notre passion pour la cr\u00e9ation de sacs uniques et de haute qualit\u00e9 a \u00e9t\u00e9 la force motrice de notre succ\u00e8s. Chez BagManufacturer, nous [...]<\/p>","protected":false},"author":1,"featured_media":0,"parent":0,"menu_order":0,"comment_status":"closed","ping_status":"closed","template":"","meta":{"footnotes":""},"aioseo_notices":[],"_links":{"self":[{"href":"https:\/\/bagmanufacturer.net\/fr\/wp-json\/wp\/v2\/pages\/50"}],"collection":[{"href":"https:\/\/bagmanufacturer.net\/fr\/wp-json\/wp\/v2\/pages"}],"about":[{"href":"https:\/\/bagmanufacturer.net\/fr\/wp-json\/wp\/v2\/types\/page"}],"author":[{"embeddable":true,"href":"https:\/\/bagmanufacturer.net\/fr\/wp-json\/wp\/v2\/users\/1"}],"replies":[{"embeddable":true,"href":"https:\/\/bagmanufacturer.net\/fr\/wp-json\/wp\/v2\/comments?post=50"}],"version-history":[{"count":23,"href":"https:\/\/bagmanufacturer.net\/fr\/wp-json\/wp\/v2\/pages\/50\/revisions"}],"predecessor-version":[{"id":4651,"href":"https:\/\/bagmanufacturer.net\/fr\/wp-json\/wp\/v2\/pages\/50\/revisions\/4651"}],"wp:attachment":[{"href":"https:\/\/bagmanufacturer.net\/fr\/wp-json\/wp\/v2\/media?parent=50"}],"curies":[{"name":"wp","href":"https:\/\/api.w.org\/{rel}","templated":true}]}}