{"id":4477,"date":"2023-11-16T17:34:21","date_gmt":"2023-11-16T09:34:21","guid":{"rendered":"https:\/\/bagmanufacturer.net\/?page_id=4477"},"modified":"2023-11-16T17:43:22","modified_gmt":"2023-11-16T09:43:22","slug":"privacy-policy","status":"publish","type":"page","link":"https:\/\/bagmanufacturer.net\/tr\/privacy-policy\/","title":{"rendered":"Gizlilik Politikas\u0131"},"content":{"rendered":"<div data-elementor-type=\"wp-page\" data-elementor-id=\"4477\" class=\"elementor elementor-4477\" data-elementor-post-type=\"page\">\n\t\t\t\t<div class=\"elementor-element elementor-element-299a454 e-flex e-con-boxed e-con e-parent\" data-id=\"299a454\" data-element_type=\"container\">\n\t\t\t\t\t<div class=\"e-con-inner\">\n\t\t\t\t<div class=\"elementor-element elementor-element-cbe381f elementor-widget elementor-widget-heading\" data-id=\"cbe381f\" data-element_type=\"widget\" data-widget_type=\"heading.default\">\n\t\t\t\t<div class=\"elementor-widget-container\">\n\t\t\t\t\t<h1 class=\"elementor-heading-title elementor-size-default\">Gizlilik Politikas\u0131<\/h1>\t\t\t\t<\/div>\n\t\t\t\t<\/div>\n\t\t\t\t\t<\/div>\n\t\t\t\t<\/div>\n\t\t<div class=\"elementor-element elementor-element-fb8281c e-flex e-con-boxed e-con e-parent\" data-id=\"fb8281c\" data-element_type=\"container\">\n\t\t\t\t\t<div class=\"e-con-inner\">\n\t\t\t\t<div class=\"elementor-element elementor-element-dfe2397 elementor-widget elementor-widget-text-editor\" data-id=\"dfe2397\" data-element_type=\"widget\" data-widget_type=\"text-editor.default\">\n\t\t\t\t<div class=\"elementor-widget-container\">\n\t\t\t\t\t\t\t\t\t<p data-id=\"df06acf7-3c41-472c-a1ea-13a241d29370\" data-pm-slice=\"1 1 []\">Son G\u00fcncelleme 16 Kas\u0131m 2023<\/p><p data-id=\"5f8c3e6d-defd-4600-8ec9-90283c043e62\">Bu gizlilik politikas\u0131 (\"Politika\"), \u00c7in'de bulunan BagManufacture'\u0131n (bundan b\u00f6yle \"BagManufacture\", \"biz\", \"bize\" veya \"bizim\" olarak an\u0131lacakt\u0131r) (\"\u015eirket\"), https:\/\/bagmanufacturer.net\/ web sitesinde ve herhangi bir \u00fcr\u00fcn veya hizmetinde (topluca \"Web Sitesi\" veya \"Hizmetler\") sa\u011flayabilece\u011finiz ki\u015fisel olarak tan\u0131mlanabilir bilgileri (\"Ki\u015fisel Bilgiler\") nas\u0131l toplad\u0131\u011f\u0131n\u0131, korudu\u011funu ve kulland\u0131\u011f\u0131n\u0131 a\u00e7\u0131klamaktad\u0131r.<\/p><h2 id=\"7e36bcee-fe98-47dd-9d38-3d488b8d8774\" data-id=\"7e36bcee-fe98-47dd-9d38-3d488b8d8774\"><strong>1. Ki\u015fisel Bilgilerin Toplanmas\u0131<\/strong><\/h2><p data-id=\"158a14fb-7cd6-4e91-812d-a19753dad100\">Web sitemize kaydoldu\u011funuzda, sipari\u015f verdi\u011finizde, bir haber b\u00fcltenine abone oldu\u011funuzda, bir ankete yan\u0131t verdi\u011finizde, bir form doldurdu\u011funuzda veya kullan\u0131ma sundu\u011fumuz di\u011fer etkinlikler, hizmetler, \u00f6zellikler veya kaynaklarla ba\u011flant\u0131l\u0131 olarak ki\u015fisel bilgilerinizi toplar ve saklar\u0131z. Faaliyetlerinize ba\u011fl\u0131 olarak, deneyiminizde size yard\u0131mc\u0131 olmak i\u00e7in ad\u0131n\u0131z, e-posta adresiniz, posta adresiniz, telefon numaran\u0131z, kredi kart\u0131 bilgileriniz ve di\u011fer ilgili ayr\u0131nt\u0131lar istenebilir.<\/p><h2 id=\"5d49ffcb-c506-4b15-8593-6f0d7d4f431d\" data-id=\"5d49ffcb-c506-4b15-8593-6f0d7d4f431d\"><strong>2. Toplanan Bilgilerin Kullan\u0131m\u0131<\/strong><\/h2><p data-id=\"b982262c-8996-4f6a-8079-993a2cf91f36\">Sizden toplad\u0131\u011f\u0131m\u0131z bilgileri a\u015fa\u011f\u0131daki ba\u015fl\u0131ca nedenlerle kullanabiliriz:<\/p><ul class=\"tight\" data-id=\"bd14619e-2434-4350-b573-3e8da0230c23\" data-tight=\"true\"><li class=\"\"><p data-id=\"5f4247b9-b514-4a80-a415-e90dafc1c006\">Kullan\u0131c\u0131 deneyiminizi ki\u015fiselle\u015ftirmek ve geli\u015ftirmek i\u00e7in<\/p><\/li><li class=\"\"><p data-id=\"b59c4b99-c345-4d3a-964e-bfecc34e229d\">Sipari\u015fleri ve i\u015flemleri i\u015flemek i\u00e7in<\/p><\/li><li class=\"\"><p data-id=\"aee6626a-ae59-4130-8e62-4688c051b3fe\">M\u00fc\u015fteri hizmetleri deste\u011fi sa\u011flamak<\/p><\/li><li class=\"\"><p data-id=\"aa98e3c1-cbea-4532-b756-25036f8a8203\">Sipari\u015fler, \u00fcr\u00fcnler, hizmetler, teklifler ve g\u00fcncellemeler hakk\u0131nda periyodik e-postalar g\u00f6ndermek i\u00e7in<\/p><\/li><li class=\"\"><p data-id=\"d4f1dd55-70fc-4c05-bc81-6fa164d9d4be\">Hizmetlerimizi y\u00f6netmek ve i\u015fletmek i\u00e7in<\/p><\/li><\/ul><h2 id=\"b1bd91c0-a072-4351-ad57-d8b322cfc718\" data-id=\"b1bd91c0-a072-4351-ad57-d8b322cfc718\"><strong>3. Ki\u015fisel Verilerin \u0130\u015flenmesi<\/strong><\/h2><p data-id=\"a6de0d4f-a347-4f1e-a93f-9695aa12bb15\">Ki\u015fisel Bilgilerinizi yasal y\u00fck\u00fcml\u00fcl\u00fcklerimize uymak, anla\u015fmazl\u0131klar\u0131 \u00e7\u00f6zmek ve s\u00f6zle\u015fmelerimizi uygulamak i\u00e7in gerekli s\u00fcre boyunca saklayacak ve kullanaca\u011f\u0131z. Genel Veri Koruma Y\u00f6netmeli\u011fi (GDPR) (AB) 2016\/679 uyar\u0131nca i\u015f yap\u0131yoruz.<\/p><h2 id=\"4cdf494b-aa30-45cc-ab85-634862df19ab\" data-id=\"4cdf494b-aa30-45cc-ab85-634862df19ab\"><strong>4. Bilgi G\u00fcvenli\u011fi<\/strong><\/h2><p data-id=\"a7cf6fb3-9bb6-48ea-85fb-3d742aa33335\">Ki\u015fisel bilgilerinize yetkisiz eri\u015fime, de\u011fi\u015ftirilmesine, if\u015fa edilmesine veya imha edilmesine kar\u015f\u0131 koruma sa\u011flamak i\u00e7in uygun veri toplama, depolama, i\u015fleme uygulamalar\u0131n\u0131 ve g\u00fcvenlik \u00f6nlemlerini benimsiyoruz. Web Sitesi ve kullan\u0131c\u0131lar\u0131 aras\u0131ndaki hassas ve \u00f6zel veri al\u0131\u015fveri\u015fleri, \u015fifrelenmi\u015f ve dijital imzalarla korunan SSL g\u00fcvenli bir ileti\u015fim kanal\u0131 \u00fczerinden ger\u00e7ekle\u015fir.<\/p><h2 id=\"ca63fff4-ff4e-40a6-b661-5aada05d5b87\" data-id=\"ca63fff4-ff4e-40a6-b661-5aada05d5b87\"><strong>5. \u00dc\u00e7\u00fcnc\u00fc Taraf Web Siteleri<\/strong><\/h2><p data-id=\"7b02f3f2-2b83-42ed-9710-342f93b15b74\">Web Sitemiz, bize ait olmayan veya bizim taraf\u0131m\u0131zdan kontrol edilmeyen di\u011fer web sitelerine ba\u011flant\u0131lar i\u00e7erebilir. Bu t\u00fcr di\u011fer web sitelerinin gizlilik uygulamalar\u0131ndan sorumlu olmad\u0131\u011f\u0131m\u0131z\u0131 l\u00fctfen unutmay\u0131n.<\/p><h2 id=\"2ef442d8-9d53-4a7b-9a8f-e678bce3ed35\" data-id=\"2ef442d8-9d53-4a7b-9a8f-e678bce3ed35\"><strong>6. \u00c7ocuklar\u0131n Mahremiyeti<\/strong><\/h2><p data-id=\"5d19df63-80cd-43b8-bea5-5e6b5fa66a8d\">Hizmetlerimiz 18 ya\u015f\u0131n alt\u0131ndaki ki\u015filer taraf\u0131ndan kullan\u0131lmak \u00fczere tasarlanmam\u0131\u015ft\u0131r. Bilerek 18 ya\u015f\u0131ndan k\u00fc\u00e7\u00fck \u00e7ocuklardan ki\u015fisel bilgi toplam\u0131yoruz.<\/p><h2 id=\"022e87c9-3a05-4579-bd87-82b99ec90135\" data-id=\"022e87c9-3a05-4579-bd87-82b99ec90135\"><strong>7. Gizlilik Politikas\u0131ndaki De\u011fi\u015fiklikler<\/strong><\/h2><p data-id=\"1395c182-c160-4037-8355-3123a1b04942\">Bu Politikay\u0131 herhangi bir zamanda de\u011fi\u015ftirme hakk\u0131m\u0131z sakl\u0131d\u0131r. Gizlilik politikam\u0131z\u0131 de\u011fi\u015ftirmeye karar verirsek, bu de\u011fi\u015fiklikleri bu sayfada yay\u0131nlayaca\u011f\u0131z.<\/p><h2 id=\"b70b21cb-e030-42cb-979a-b14f27a4bc91\" data-id=\"b70b21cb-e030-42cb-979a-b14f27a4bc91\"><strong>8. Bize Ula\u015f\u0131n<\/strong><\/h2><p data-id=\"2a772b39-cc82-4ea3-8ded-19319ecd14d4\">Bu Politika hakk\u0131nda herhangi bir sorunuz veya endi\u015feniz varsa, l\u00fctfen bizimle ileti\u015fime ge\u00e7in.<\/p><p data-id=\"f0dd6d1c-6060-4ab8-b5fe-a348bebd0b73\">E-posta: <a class=\"text-[#3A7EFF] transition-colors cursor-pointer hover:underline underline-offset-[3px] text-[#3A7EFF] transition-colors cursor-pointer hover:underline underline-offset-[3px]\" href=\"mailto:sales@bagmanufacture.net\" target=\"_blank\" rel=\"noopener noreferrer nofollow\"><strong><u>sales@bagmanufacture.net<\/u><\/strong><\/a> Adres: \u00c7in, 5, Huadu District, Shiling, Guangzhou<\/p><div class=\"elementor-element elementor-element-59fc7181 e-con-full e-flex e-con e-child\" data-id=\"59fc7181\" data-element_type=\"container\" data-settings=\"{&quot;content_width&quot;:&quot;full&quot;}\"><div class=\"elementor-element elementor-element-bc561f4 elementor-search-form--skin-full_screen elementor-widget elementor-widget-search-form\" data-id=\"bc561f4\" data-element_type=\"widget\" data-settings=\"{&quot;skin&quot;:&quot;full_screen&quot;}\" data-widget_type=\"search-form.default\"><div class=\"elementor-widget-container\">\u00a0<\/div><\/div><\/div><p data-id=\"46db1880-35d1-43ac-b6ee-684306bc3dc6\">Bu Gizlilik Politikas\u0131 \u015fu tarihten itibaren ge\u00e7erlidir\u00a0<span style=\"color: var( --e-global-color-text ); font-family: var( --e-global-typography-text-font-family ), Sans-serif; font-size: var( --e-global-typography-text-font-size ); font-style: var( --e-global-typography-text-font-style ); font-weight: var( --e-global-typography-text-font-weight ); letter-spacing: var( --e-global-typography-text-letter-spacing ); text-transform: var( --e-global-typography-text-text-transform ); text-align: var(--text-align); background-color: var( --e-global-color-c696dce );\">16 Kas\u0131m 2023<\/span><\/p>\t\t\t\t\t\t\t\t<\/div>\n\t\t\t\t<\/div>\n\t\t\t\t\t<\/div>\n\t\t\t\t<\/div>\n\t\t\t\t<\/div>","protected":false},"excerpt":{"rendered":"<p>Gizlilik Politikas\u0131 Son G\u00fcncelleme: 16 Kas\u0131m 2023 Bu gizlilik politikas\u0131 (\"Politika\"), \u00c7in'de bulunan BagManufacture'\u0131n (bundan b\u00f6yle \"BagManufacture\", \"biz\", \"bize\" veya \"bizim\" olarak an\u0131lacakt\u0131r) (\"\u015eirket\"), https:\/\/bagmanufacturer.net\/ web sitesinde ve herhangi bir \u00fcr\u00fcn veya hizmetinde (topluca \"Web Sitesi\" veya [...] sa\u011flayabilece\u011finiz ki\u015fisel olarak tan\u0131mlanabilir bilgileri (\"Ki\u015fisel Bilgiler\") nas\u0131l toplad\u0131\u011f\u0131n\u0131, korudu\u011funu ve kulland\u0131\u011f\u0131n\u0131 a\u00e7\u0131klar.<\/p>","protected":false},"author":1,"featured_media":0,"parent":0,"menu_order":0,"comment_status":"closed","ping_status":"closed","template":"","meta":{"footnotes":""},"aioseo_notices":[],"_links":{"self":[{"href":"https:\/\/bagmanufacturer.net\/tr\/wp-json\/wp\/v2\/pages\/4477"}],"collection":[{"href":"https:\/\/bagmanufacturer.net\/tr\/wp-json\/wp\/v2\/pages"}],"about":[{"href":"https:\/\/bagmanufacturer.net\/tr\/wp-json\/wp\/v2\/types\/page"}],"author":[{"embeddable":true,"href":"https:\/\/bagmanufacturer.net\/tr\/wp-json\/wp\/v2\/users\/1"}],"replies":[{"embeddable":true,"href":"https:\/\/bagmanufacturer.net\/tr\/wp-json\/wp\/v2\/comments?post=4477"}],"version-history":[{"count":8,"href":"https:\/\/bagmanufacturer.net\/tr\/wp-json\/wp\/v2\/pages\/4477\/revisions"}],"predecessor-version":[{"id":4489,"href":"https:\/\/bagmanufacturer.net\/tr\/wp-json\/wp\/v2\/pages\/4477\/revisions\/4489"}],"wp:attachment":[{"href":"https:\/\/bagmanufacturer.net\/tr\/wp-json\/wp\/v2\/media?parent=4477"}],"curies":[{"name":"wp","href":"https:\/\/api.w.org\/{rel}","templated":true}]}}