{"id":4490,"date":"2023-11-16T17:49:32","date_gmt":"2023-11-16T09:49:32","guid":{"rendered":"https:\/\/bagmanufacturer.net\/?page_id=4490"},"modified":"2023-11-16T17:54:59","modified_gmt":"2023-11-16T09:54:59","slug":"terms-of-use","status":"publish","type":"page","link":"https:\/\/bagmanufacturer.net\/tr\/terms-of-use\/","title":{"rendered":"Kullan\u0131m Ko\u015fullar\u0131"},"content":{"rendered":"<div data-elementor-type=\"wp-page\" data-elementor-id=\"4490\" class=\"elementor elementor-4490\" data-elementor-post-type=\"page\">\n\t\t\t\t<div class=\"elementor-element elementor-element-d5c5c14 e-flex e-con-boxed e-con e-parent\" data-id=\"d5c5c14\" data-element_type=\"container\">\n\t\t\t\t\t<div class=\"e-con-inner\">\n\t\t\t\t<div class=\"elementor-element elementor-element-13d1e16 elementor-widget elementor-widget-heading\" data-id=\"13d1e16\" data-element_type=\"widget\" data-widget_type=\"heading.default\">\n\t\t\t\t<div class=\"elementor-widget-container\">\n\t\t\t\t\t<h1 class=\"elementor-heading-title elementor-size-default\">Kullan\u0131m Ko\u015fullar\u0131<\/h1>\t\t\t\t<\/div>\n\t\t\t\t<\/div>\n\t\t\t\t\t<\/div>\n\t\t\t\t<\/div>\n\t\t<div class=\"elementor-element elementor-element-e137324 e-flex e-con-boxed e-con e-parent\" data-id=\"e137324\" data-element_type=\"container\">\n\t\t\t\t\t<div class=\"e-con-inner\">\n\t\t\t\t<div class=\"elementor-element elementor-element-685cf93 elementor-widget elementor-widget-text-editor\" data-id=\"685cf93\" data-element_type=\"widget\" data-widget_type=\"text-editor.default\">\n\t\t\t\t<div class=\"elementor-widget-container\">\n\t\t\t\t\t\t\t\t\t<p data-id=\"654560c2-04a0-4a25-8d48-343428a371e0\">Son G\u00fcncelleme 16 Kas\u0131m 2023<\/p><p data-id=\"841b077a-9aa0-45df-8bef-0287fbcf1011\">Ho\u015f geldiniz <a class=\"text-[#3A7EFF] transition-colors cursor-pointer hover:underline underline-offset-[3px] text-[#3A7EFF] transition-colors cursor-pointer hover:underline underline-offset-[3px]\" href=\"https:\/\/bagmanufacturer.net\/tr\/\" target=\"_blank\" rel=\"noopener noreferrer nofollow\">https:\/\/bagmanufacturer.net\/<\/a> (\"Web Sitesi\"). Bu Web Sitesi BagManufacture'a (bundan b\u00f6yle \"\u015eirket\", \"biz\", \"bize\" veya \"bizim\" olarak an\u0131lacakt\u0131r) aittir ve onun taraf\u0131ndan i\u015fletilmektedir. Bu, siz kullan\u0131c\u0131 (\"siz\" veya \"sizin\") ile \u015eirket aras\u0131nda, bu Web Sitesini ve \u015eirket taraf\u0131ndan sunulan \u00fcr\u00fcn ve hizmetleri kullan\u0131m\u0131n\u0131z\u0131 d\u00fczenleyen yasal bir s\u00f6zle\u015fmedir (\"S\u00f6zle\u015fme\").<\/p><h2 id=\"329c370b-7287-49e4-8131-17cf006d88cf\" data-id=\"329c370b-7287-49e4-8131-17cf006d88cf\">1. \u015eartlar\u0131n Kabul Edilmesi<\/h2><p data-id=\"7051c63d-28ce-45ad-b78d-7b476dd9da70\">Bu Web Sitesine eri\u015ferek, g\u00f6z atarak veya kullanarak, en az 18 ya\u015f\u0131nda veya daha b\u00fcy\u00fck oldu\u011funuzu ve bu S\u00f6zle\u015fmede yer alan h\u00fck\u00fcm ve ko\u015fullara uymay\u0131 kabul etti\u011finizi onaylars\u0131n\u0131z.<\/p><h2 id=\"4111b0a6-4114-46ed-904e-dccae7fa92b2\" data-id=\"4111b0a6-4114-46ed-904e-dccae7fa92b2\">2. Kay\u0131t<\/h2><p data-id=\"ce56dae8-a9ee-4297-8cee-907308cf4b0d\">Web Sitesindeki belirli hizmetlerin kullan\u0131m\u0131 i\u00e7in kay\u0131t gerekebilir. Kay\u0131t olduktan sonra, do\u011fru ve g\u00fcncel bilgiler vermeyi kabul edersiniz.<\/p><h2 id=\"e56b658a-82ba-49e8-8b8f-e834f6a47b69\" data-id=\"e56b658a-82ba-49e8-8b8f-e834f6a47b69\">3. Sipari\u015fler &amp; \u00d6demeler<\/h2><p data-id=\"958e58ca-770b-4960-9592-d1d17055d9f9\">Bir sipari\u015f verdi\u011finizde, Web Sitesinde belirtildi\u011fi gibi mallar\u0131n fiyat\u0131n\u0131 \u00f6demeyi kabul edersiniz. Sizinle \u015eirket aras\u0131nda \u00f6zel bir anla\u015fma yap\u0131lmad\u0131\u011f\u0131 s\u00fcrece, \u00f6demenin tamam\u0131 sipari\u015f s\u0131ras\u0131nda yap\u0131lmal\u0131d\u0131r. Kullan\u0131lan \u00f6deme y\u00f6nteminin yetkili kullan\u0131c\u0131s\u0131 oldu\u011funuzu onaylars\u0131n\u0131z.<\/p><h2 id=\"c9171e3f-eb56-468f-ba84-01980f08ec5e\" data-id=\"c9171e3f-eb56-468f-ba84-01980f08ec5e\">4. Fikri M\u00fclkiyet Haklar\u0131<\/h2><p data-id=\"7986461b-1161-4e23-aa9c-c0ebd8f6ded4\">Bu Web Sitesinde bulunan t\u00fcm i\u00e7erikler \u015eirketin m\u00fcnhas\u0131r m\u00fclkiyetindedir. Hizmetlerimizin veya dahil edilen yaz\u0131l\u0131m\u0131n herhangi bir b\u00f6l\u00fcm\u00fcn\u00fc kopyalayamaz, de\u011fi\u015ftiremez, da\u011f\u0131tamaz, satamaz veya kiralayamazs\u0131n\u0131z, ayr\u0131ca tersine m\u00fchendislik yapamaz veya bu yaz\u0131l\u0131m\u0131n kaynak kodunu \u00e7\u0131karmaya \u00e7al\u0131\u015famazs\u0131n\u0131z.<\/p><h2 id=\"ccd02c40-0055-41ee-939b-f5e8df95b0a9\" data-id=\"ccd02c40-0055-41ee-939b-f5e8df95b0a9\">5. Sorumlulu\u011fun S\u0131n\u0131rland\u0131r\u0131lmas\u0131<\/h2><p data-id=\"eb02ae13-eca9-4558-9489-56dd413bc55f\">\u0130hmal dahil ancak bununla s\u0131n\u0131rl\u0131 olmamak \u00fczere hi\u00e7bir ko\u015ful alt\u0131nda \u015eirket, Web Sitesi Hizmetlerinin kullan\u0131m\u0131ndan veya kullan\u0131lamamas\u0131ndan kaynaklanan do\u011frudan veya dolayl\u0131 zararlardan sorumlu tutulamaz.<\/p><h2 id=\"88a3a9ce-fd76-4747-bc4d-0e481d57de61\" data-id=\"88a3a9ce-fd76-4747-bc4d-0e481d57de61\">6. Kullan\u0131c\u0131 Davran\u0131\u015f\u0131<\/h2><p data-id=\"400ecf4a-3407-445e-8d7c-08c31a97f9a4\">Hizmetlere veya hizmetlerin herhangi bir kullan\u0131c\u0131s\u0131na zarar verebilecek herhangi bir eylemde bulunmayaca\u011f\u0131n\u0131z\u0131 kabul edersiniz.<\/p><h2 id=\"6fb328e5-7c83-40d9-9d90-3f20f4627cef\" data-id=\"6fb328e5-7c83-40d9-9d90-3f20f4627cef\">7. Gizlilik<\/h2><p data-id=\"e1759404-149f-43f0-93e8-9d27a3ff3222\">\u015eirket gizlili\u011finize sayg\u0131 duyar ve ki\u015fisel verilerinizi koruma y\u00fck\u00fcml\u00fcl\u00fcklerini \u00e7ok ciddiye al\u0131r. Ki\u015fisel verilerinizin toplanmas\u0131 ve i\u015flenmesine ili\u015fkin uygulamalar\u0131m\u0131z Gizlilik Politikam\u0131zda belirtilmi\u015ftir.<\/p><h2 id=\"46882601-2fff-45d4-83b3-bafceb09c185\" data-id=\"46882601-2fff-45d4-83b3-bafceb09c185\">8. \u015eartlarda Yap\u0131lan De\u011fi\u015fiklikler<\/h2><p data-id=\"fc233f06-a5ec-4a08-90e3-be289720e31e\">\u015eirket, bu S\u00f6zle\u015fmeyi zaman zaman de\u011fi\u015ftirme hakk\u0131n\u0131 sakl\u0131 tutar. Revize edilen h\u00fck\u00fcm ve ko\u015fullar Web Sitesinde yay\u0131nlanacak ve yay\u0131nland\u0131ktan hemen sonra y\u00fcr\u00fcrl\u00fc\u011fe girecektir.<\/p><h2 id=\"06377f63-2cf9-4a20-a8f7-5cd677d77384\" data-id=\"06377f63-2cf9-4a20-a8f7-5cd677d77384\">9. Bize Ula\u015f\u0131n<\/h2><p data-id=\"93721fa8-90ee-4a61-b80c-5667478f2276\">Bu Kullan\u0131m Ko\u015fullar\u0131 ile ilgili sorular\u0131n\u0131z veya \u015fikayetleriniz i\u00e7in l\u00fctfen bizimle \u015fu adresten ileti\u015fime ge\u00e7in:<\/p><p data-id=\"a264ef3b-f27e-4279-9372-b68f424508e9\">E-posta: <a class=\"text-[#3A7EFF] transition-colors cursor-pointer hover:underline underline-offset-[3px] text-[#3A7EFF] transition-colors cursor-pointer hover:underline underline-offset-[3px]\" href=\"mailto:sales@bagmanufacture.com\" target=\"_blank\" rel=\"noopener noreferrer nofollow\">sales@bagmanufacture.com<\/a><br \/>Adres: \u00c7in, 5, Huadu District, Shiling, Guangzhou<\/p><div class=\"elementor-element elementor-element-59fc7181 e-con-full e-flex e-con e-child\" data-id=\"59fc7181\" data-element_type=\"container\" data-settings=\"{&quot;content_width&quot;:&quot;full&quot;}\"><div class=\"elementor-element elementor-element-bc561f4 elementor-search-form--skin-full_screen elementor-widget elementor-widget-search-form\" data-id=\"bc561f4\" data-element_type=\"widget\" data-settings=\"{&quot;skin&quot;:&quot;full_screen&quot;}\" data-widget_type=\"search-form.default\"><div class=\"elementor-widget-container\">\u00a0<\/div><\/div><\/div><p data-id=\"4960ebda-bcd9-4d95-8d4f-d44ec928987a\">Bu Kullan\u0131m Ko\u015fullar\u0131 16 Kas\u0131m 2023 tarihinden itibaren ge\u00e7erlidir.<\/p>\t\t\t\t\t\t\t\t<\/div>\n\t\t\t\t<\/div>\n\t\t\t\t\t<\/div>\n\t\t\t\t<\/div>\n\t\t\t\t<\/div>","protected":false},"excerpt":{"rendered":"<p>Kullan\u0131m Ko\u015fullar\u0131 Son G\u00fcncelleme: 16 Kas\u0131m 2023 https:\/\/bagmanufacturer.net\/ (\"Web Sitesi\") adresine ho\u015f geldiniz. Bu Web Sitesi BagManufacture'a (bundan b\u00f6yle \"\u015eirket\", \"biz\", \"bize\" veya \"bizim\" olarak an\u0131lacakt\u0131r) aittir ve onun taraf\u0131ndan i\u015fletilmektedir. Bu, siz kullan\u0131c\u0131 (\"siz\" veya \"sizin\") ile \u015eirket aras\u0131nda, bu Web Sitesini ve \u00fcr\u00fcn ve hizmetleri kullan\u0131m\u0131n\u0131z\u0131 d\u00fczenleyen yasal bir s\u00f6zle\u015fmedir (\"S\u00f6zle\u015fme\") [...]<\/p>","protected":false},"author":1,"featured_media":0,"parent":0,"menu_order":0,"comment_status":"closed","ping_status":"closed","template":"","meta":{"footnotes":""},"aioseo_notices":[],"_links":{"self":[{"href":"https:\/\/bagmanufacturer.net\/tr\/wp-json\/wp\/v2\/pages\/4490"}],"collection":[{"href":"https:\/\/bagmanufacturer.net\/tr\/wp-json\/wp\/v2\/pages"}],"about":[{"href":"https:\/\/bagmanufacturer.net\/tr\/wp-json\/wp\/v2\/types\/page"}],"author":[{"embeddable":true,"href":"https:\/\/bagmanufacturer.net\/tr\/wp-json\/wp\/v2\/users\/1"}],"replies":[{"embeddable":true,"href":"https:\/\/bagmanufacturer.net\/tr\/wp-json\/wp\/v2\/comments?post=4490"}],"version-history":[{"count":5,"href":"https:\/\/bagmanufacturer.net\/tr\/wp-json\/wp\/v2\/pages\/4490\/revisions"}],"predecessor-version":[{"id":4495,"href":"https:\/\/bagmanufacturer.net\/tr\/wp-json\/wp\/v2\/pages\/4490\/revisions\/4495"}],"wp:attachment":[{"href":"https:\/\/bagmanufacturer.net\/tr\/wp-json\/wp\/v2\/media?parent=4490"}],"curies":[{"name":"wp","href":"https:\/\/api.w.org\/{rel}","templated":true}]}}