{"id":4496,"date":"2023-11-16T18:59:45","date_gmt":"2023-11-16T10:59:45","guid":{"rendered":"https:\/\/bagmanufacturer.net\/?page_id=4496"},"modified":"2023-11-16T19:01:29","modified_gmt":"2023-11-16T11:01:29","slug":"editorial-guidelines","status":"publish","type":"page","link":"https:\/\/bagmanufacturer.net\/tr\/editorial-guidelines\/","title":{"rendered":"Editoryal K\u0131lavuzlar"},"content":{"rendered":"<div data-elementor-type=\"wp-page\" data-elementor-id=\"4496\" class=\"elementor elementor-4496\" data-elementor-post-type=\"page\">\n\t\t\t\t<div class=\"elementor-element elementor-element-3735346 e-flex e-con-boxed e-con e-parent\" data-id=\"3735346\" data-element_type=\"container\">\n\t\t\t\t\t<div class=\"e-con-inner\">\n\t\t\t\t<div class=\"elementor-element elementor-element-3aadd99 elementor-widget elementor-widget-heading\" data-id=\"3aadd99\" data-element_type=\"widget\" data-widget_type=\"heading.default\">\n\t\t\t\t<div class=\"elementor-widget-container\">\n\t\t\t\t\t<h1 class=\"elementor-heading-title elementor-size-default\">Editoryal K\u0131lavuzlar\n<\/h1>\t\t\t\t<\/div>\n\t\t\t\t<\/div>\n\t\t\t\t\t<\/div>\n\t\t\t\t<\/div>\n\t\t<div class=\"elementor-element elementor-element-ff30a7e e-flex e-con-boxed e-con e-parent\" data-id=\"ff30a7e\" data-element_type=\"container\">\n\t\t\t\t\t<div class=\"e-con-inner\">\n\t\t\t\t<div class=\"elementor-element elementor-element-a6fb0ec elementor-widget elementor-widget-text-editor\" data-id=\"a6fb0ec\" data-element_type=\"widget\" data-widget_type=\"text-editor.default\">\n\t\t\t\t<div class=\"elementor-widget-container\">\n\t\t\t\t\t\t\t\t\t<p dir=\"auto\">Yay\u0131n Politikas\u0131 <a href=\"https:\/\/bagmanufacturer.net\/tr\/\">BagManufacturer.net<\/a><\/p><ol><li><p dir=\"auto\">\u0130\u00e7erik Do\u011frulu\u011fu ve B\u00fct\u00fcnl\u00fc\u011f\u00fc:<br \/>BagManufacturer.net'te yay\u0131nlanan t\u00fcm i\u00e7erik kapsaml\u0131 bir \u015fekilde ara\u015ft\u0131r\u0131lm\u0131\u015f ve do\u011fruluk a\u00e7\u0131s\u0131ndan incelenmi\u015ftir. \u00dcretim s\u00fcre\u00e7lerimiz, kullan\u0131lan malzemeler ve sunulan \u00fcr\u00fcnler hakk\u0131nda g\u00fcvenilir, a\u00e7\u0131k ve \u00f6zl\u00fc bilgiler sa\u011flamay\u0131 taahh\u00fct ediyoruz.<\/p><\/li><li><p dir=\"auto\">Tarafs\u0131z Raporlama:<br \/>\u00d6ncelikli hedefimiz, \u00fcretim faaliyetlerimiz ve \u00fcr\u00fcn tekliflerimiz hakk\u0131nda tarafs\u0131z bilgi sunmakt\u0131r. Kendi tan\u0131t\u0131m\u0131m\u0131z\u0131 yaparken, \u00fcr\u00fcnlerimizi ve hizmetlerimizi objektif bir \u015fekilde sunmaya, hem g\u00fc\u00e7l\u00fc y\u00f6nlerimizi hem de potansiyel geli\u015fim alanlar\u0131m\u0131z\u0131 vurgulamaya \u00e7al\u0131\u015f\u0131yoruz.<\/p><\/li><li><p dir=\"auto\">\u00d6zg\u00fcnl\u00fck:<br \/>BagManufacturer.net'teki t\u00fcm i\u00e7erik orijinaldir. \u0130ntihali kesinlikle yasakl\u0131yor ve i\u00e7erik olu\u015ftururken benzersizli\u011fe ve yarat\u0131c\u0131l\u0131\u011fa b\u00fcy\u00fck de\u011fer veriyoruz.<\/p><\/li><li><p dir=\"auto\">Kaynak G\u00fcvenilirli\u011fi:<br \/>D\u0131\u015f kaynaklara at\u0131fta bulunurken, yaln\u0131zca g\u00fcvenilir, yetkili olanlara at\u0131fta bulunuruz. Bu, okuyucular\u0131m\u0131zla payla\u015ft\u0131\u011f\u0131m\u0131z bilgilerin do\u011frulu\u011funu ve g\u00fcvenilirli\u011fini sa\u011flamam\u0131za yard\u0131mc\u0131 olur.<\/p><\/li><li><p dir=\"auto\">\u00dcr\u00fcn A\u00e7\u0131klamalar\u0131:<br \/>Eksiksiz, do\u011fru ve g\u00fcncel \u00fcr\u00fcn a\u00e7\u0131klamalar\u0131 sunmay\u0131 taahh\u00fct ediyoruz. T\u00fcm \u00f6zellikler, teknik \u00f6zellikler ve fiyatland\u0131rma \u015feffaf bir \u015fekilde beyan edilecek ve her t\u00fcrl\u00fc de\u011fi\u015fiklik derhal g\u00fcncellenecektir.<\/p><\/li><li><p dir=\"auto\">Yorumlar\/Geribildirimler:<br \/>Okuyucular\u0131m\u0131z\u0131 ve m\u00fc\u015fterilerimizi BagManufacturer.net'teki yorumlar arac\u0131l\u0131\u011f\u0131yla geri bildirimlerini ve deneyimlerini sa\u011flamaya davet ediyor ve te\u015fvik ediyoruz. Ancak, k\u00fcf\u00fcrl\u00fc dil, spam, uygunsuz i\u00e7erik veya di\u011fer \u00fcyelere ki\u015fisel sald\u0131r\u0131 i\u00e7eren t\u00fcm yorumlar kald\u0131r\u0131lacakt\u0131r.<\/p><\/li><li><p dir=\"auto\">Haklar:<br \/>BagManufacturer.net, web sitesinin b\u00fct\u00fcnl\u00fc\u011f\u00fcn\u00fc korumak i\u00e7in gerekti\u011finde i\u00e7eri\u011fi, yorumlar\u0131 veya kullan\u0131c\u0131 hesaplar\u0131n\u0131 g\u00fcncelleme, de\u011fi\u015ftirme veya kald\u0131rma hakk\u0131n\u0131 sakl\u0131 tutar.<\/p><\/li><li><p dir=\"auto\">Reklamlar ve Sponsorlu \u0130\u00e7erik:<br \/>Herhangi bir reklam veya sponsorlu i\u00e7erik bar\u0131nd\u0131r\u0131rsak, bunlar a\u00e7\u0131k\u00e7a tan\u0131mlanacakt\u0131r. Kullan\u0131c\u0131 deneyimindeki kesintiyi en aza indirmek i\u00e7in reklamlar\u0131 mant\u0131kl\u0131 bir \u015fekilde se\u00e7ece\u011fiz.<\/p><\/li><\/ol><p dir=\"auto\">BagManufacturer.net olarak, kullan\u0131c\u0131lar\u0131m\u0131za inand\u0131r\u0131c\u0131, g\u00fcvenilir ve do\u011fru i\u00e7erik sa\u011flad\u0131\u011f\u0131m\u0131zdan emin olmak i\u00e7in bu Yay\u0131n Politikas\u0131na s\u0131k\u0131 s\u0131k\u0131ya ba\u011fl\u0131y\u0131z.<\/p>\t\t\t\t\t\t\t\t<\/div>\n\t\t\t\t<\/div>\n\t\t\t\t\t<\/div>\n\t\t\t\t<\/div>\n\t\t\t\t<\/div>","protected":false},"excerpt":{"rendered":"<p>Yay\u0131n Kurallar\u0131 BagManufacturer.net i\u00e7in Yay\u0131n Politikas\u0131 \u0130\u00e7erik Do\u011frulu\u011fu ve B\u00fct\u00fcnl\u00fc\u011f\u00fc: BagManufacturer.net'te yay\u0131nlanan t\u00fcm i\u00e7erikler kapsaml\u0131 bir \u015fekilde ara\u015ft\u0131r\u0131l\u0131r ve do\u011fruluk a\u00e7\u0131s\u0131ndan incelenir. \u00dcretim s\u00fcre\u00e7lerimiz, kullan\u0131lan malzemeler ve sunulan \u00fcr\u00fcnler hakk\u0131nda g\u00fcvenilir, a\u00e7\u0131k ve \u00f6zl\u00fc bilgiler sa\u011flamay\u0131 taahh\u00fct ediyoruz. Tarafs\u0131z Raporlama:\u00d6ncelikli hedefimiz, \u00fcretim faaliyetlerimiz ve \u00fcr\u00fcnlerimizle ilgili tarafs\u0131z bilgiler sunmakt\u0131r [...]<\/p>","protected":false},"author":1,"featured_media":0,"parent":0,"menu_order":0,"comment_status":"closed","ping_status":"closed","template":"","meta":{"footnotes":""},"aioseo_notices":[],"_links":{"self":[{"href":"https:\/\/bagmanufacturer.net\/tr\/wp-json\/wp\/v2\/pages\/4496"}],"collection":[{"href":"https:\/\/bagmanufacturer.net\/tr\/wp-json\/wp\/v2\/pages"}],"about":[{"href":"https:\/\/bagmanufacturer.net\/tr\/wp-json\/wp\/v2\/types\/page"}],"author":[{"embeddable":true,"href":"https:\/\/bagmanufacturer.net\/tr\/wp-json\/wp\/v2\/users\/1"}],"replies":[{"embeddable":true,"href":"https:\/\/bagmanufacturer.net\/tr\/wp-json\/wp\/v2\/comments?post=4496"}],"version-history":[{"count":5,"href":"https:\/\/bagmanufacturer.net\/tr\/wp-json\/wp\/v2\/pages\/4496\/revisions"}],"predecessor-version":[{"id":4501,"href":"https:\/\/bagmanufacturer.net\/tr\/wp-json\/wp\/v2\/pages\/4496\/revisions\/4501"}],"wp:attachment":[{"href":"https:\/\/bagmanufacturer.net\/tr\/wp-json\/wp\/v2\/media?parent=4496"}],"curies":[{"name":"wp","href":"https:\/\/api.w.org\/{rel}","templated":true}]}}