{"id":50,"date":"2023-09-14T14:41:59","date_gmt":"2023-09-14T13:41:59","guid":{"rendered":"https:\/\/bagmanufacturer.net\/our-story\/"},"modified":"2023-11-16T19:15:35","modified_gmt":"2023-11-16T11:15:35","slug":"our-story","status":"publish","type":"page","link":"https:\/\/bagmanufacturer.net\/tr\/our-story\/","title":{"rendered":"Bizim Hikayemiz"},"content":{"rendered":"<div data-elementor-type=\"wp-page\" data-elementor-id=\"50\" class=\"elementor elementor-50\" data-elementor-post-type=\"page\">\n\t\t\t\t<div class=\"elementor-element elementor-element-6dea8247 e-con-full e-flex e-con e-parent\" data-id=\"6dea8247\" data-element_type=\"container\">\n\t\t<div class=\"elementor-element elementor-element-12a5b6c6 e-con-full e-flex e-con e-child\" data-id=\"12a5b6c6\" data-element_type=\"container\">\n\t\t\t\t<div class=\"elementor-element elementor-element-4120a9bf elementor-widget elementor-widget-heading\" data-id=\"4120a9bf\" data-element_type=\"widget\" data-widget_type=\"heading.default\">\n\t\t\t\t<div class=\"elementor-widget-container\">\n\t\t\t\t\t<h1 class=\"elementor-heading-title elementor-size-default\">Hakk\u0131m\u0131zda<\/h1>\t\t\t\t<\/div>\n\t\t\t\t<\/div>\n\t\t\t\t<div class=\"elementor-element elementor-element-39315ad elementor-widget elementor-widget-text-editor\" data-id=\"39315ad\" data-element_type=\"widget\" data-widget_type=\"text-editor.default\">\n\t\t\t\t<div class=\"elementor-widget-container\">\n\t\t\t\t\t\t\t\t\t<p>\u00c7in, 5, Huadu B\u00f6lgesi, Shiling, Guangzhou merkezli lider bir \u00f6zel \u00e7anta \u00fcreticisi olan BagManufacturer'a ho\u015f geldiniz. 2003'teki kurulu\u015fumuzdan bu yana, kendimizi zarif el \u00e7antalar\u0131, s\u0131rt \u00e7antalar\u0131, bez \u00e7antalar ve daha fazlas\u0131n\u0131 \u00fcretmeye adad\u0131k. E\u015fsiz ve y\u00fcksek kaliteli \u00e7antalar yaratma tutkumuz, ba\u015far\u0131m\u0131z\u0131n arkas\u0131ndaki itici g\u00fc\u00e7 olmu\u015ftur.<\/p><p>BagManufacturer'da, \u00e7anta s\u00f6z konusu oldu\u011funda her bireyin kendi tarz\u0131 ve tercihleri oldu\u011funu biliyoruz. Bu nedenle, vizyonunuzu hayata ge\u00e7irmek i\u00e7in geni\u015f bir se\u00e7enek yelpazesi sunarak \u00f6zelle\u015ftirme konusunda uzman\u0131z. \u0130ster modaya y\u00f6n veren bir trend belirleyici ister sofistike bir i\u015f profesyoneli olun, benzersiz ihtiya\u00e7lar\u0131n\u0131z\u0131 kar\u015f\u0131layacak uzmanl\u0131\u011fa sahibiz.<\/p>\t\t\t\t\t\t\t\t<\/div>\n\t\t\t\t<\/div>\n\t\t\t\t<\/div>\n\t\t<div class=\"elementor-element elementor-element-14c6ed6f e-con-full e-flex e-con e-child\" data-id=\"14c6ed6f\" data-element_type=\"container\" data-settings=\"{&quot;background_background&quot;:&quot;classic&quot;}\">\n\t\t\t\t<div class=\"elementor-element elementor-element-5553a15f elementor-widget elementor-widget-image\" data-id=\"5553a15f\" data-element_type=\"widget\" data-widget_type=\"image.default\">\n\t\t\t\t<div class=\"elementor-widget-container\">\n\t\t\t\t\t\t\t\t\t\t\t\t\t\t\t<img fetchpriority=\"high\" decoding=\"async\" width=\"800\" height=\"534\" src=\"https:\/\/bagmanufacturer.net\/wp-content\/uploads\/2023\/09\/industrial-park-factory-building-warehouse-1024x683.jpg\" class=\"attachment-large size-large wp-image-145\" alt=\"\" srcset=\"https:\/\/bagmanufacturer.net\/wp-content\/uploads\/2023\/09\/industrial-park-factory-building-warehouse-1024x683.jpg 1024w, https:\/\/bagmanufacturer.net\/wp-content\/uploads\/2023\/09\/industrial-park-factory-building-warehouse-300x200.jpg 300w, https:\/\/bagmanufacturer.net\/wp-content\/uploads\/2023\/09\/industrial-park-factory-building-warehouse-768x512.jpg 768w, https:\/\/bagmanufacturer.net\/wp-content\/uploads\/2023\/09\/industrial-park-factory-building-warehouse-1536x1025.jpg 1536w, https:\/\/bagmanufacturer.net\/wp-content\/uploads\/2023\/09\/industrial-park-factory-building-warehouse-2048x1366.jpg 2048w\" sizes=\"(max-width: 800px) 100vw, 800px\" \/>\t\t\t\t\t\t\t\t\t\t\t\t\t\t\t<\/div>\n\t\t\t\t<\/div>\n\t\t\t\t<\/div>\n\t\t\t\t<\/div>\n\t\t<div class=\"elementor-element elementor-element-447a7f0f e-flex e-con-boxed e-con e-parent\" data-id=\"447a7f0f\" data-element_type=\"container\">\n\t\t\t\t\t<div class=\"e-con-inner\">\n\t\t<div class=\"elementor-element elementor-element-4cabd5c8 e-con-full e-flex e-con e-child\" data-id=\"4cabd5c8\" data-element_type=\"container\">\n\t\t\t\t<div class=\"elementor-element elementor-element-7ff33dd6 elementor-widget elementor-widget-image\" data-id=\"7ff33dd6\" data-element_type=\"widget\" data-widget_type=\"image.default\">\n\t\t\t\t<div class=\"elementor-widget-container\">\n\t\t\t\t\t\t\t\t\t\t\t\t\t\t\t<img decoding=\"async\" width=\"800\" height=\"534\" src=\"https:\/\/bagmanufacturer.net\/wp-content\/uploads\/2023\/09\/creative-tailor-working-workshop-1024x683.jpg\" class=\"attachment-large size-large wp-image-242\" alt=\"\u00e7al\u0131\u015fan terzi\" srcset=\"https:\/\/bagmanufacturer.net\/wp-content\/uploads\/2023\/09\/creative-tailor-working-workshop-1024x683.jpg 1024w, https:\/\/bagmanufacturer.net\/wp-content\/uploads\/2023\/09\/creative-tailor-working-workshop-300x200.jpg 300w, https:\/\/bagmanufacturer.net\/wp-content\/uploads\/2023\/09\/creative-tailor-working-workshop-768x512.jpg 768w, https:\/\/bagmanufacturer.net\/wp-content\/uploads\/2023\/09\/creative-tailor-working-workshop-1536x1024.jpg 1536w, https:\/\/bagmanufacturer.net\/wp-content\/uploads\/2023\/09\/creative-tailor-working-workshop-2048x1366.jpg 2048w\" sizes=\"(max-width: 800px) 100vw, 800px\" \/>\t\t\t\t\t\t\t\t\t\t\t\t\t\t\t<\/div>\n\t\t\t\t<\/div>\n\t\t\t\t<\/div>\n\t\t<div class=\"elementor-element elementor-element-43b98f23 e-con-full e-flex e-con e-child\" data-id=\"43b98f23\" data-element_type=\"container\">\n\t\t\t\t<div class=\"elementor-element elementor-element-408e9e80 elementor-widget__width-initial elementor-widget elementor-widget-heading\" data-id=\"408e9e80\" data-element_type=\"widget\" data-widget_type=\"heading.default\">\n\t\t\t\t<div class=\"elementor-widget-container\">\n\t\t\t\t\t<h2 class=\"elementor-heading-title elementor-size-default\">Misyonumuz<\/h2>\t\t\t\t<\/div>\n\t\t\t\t<\/div>\n\t\t\t\t<div class=\"elementor-element elementor-element-38dc5ac6 elementor-widget elementor-widget-text-editor\" data-id=\"38dc5ac6\" data-element_type=\"widget\" data-widget_type=\"text-editor.default\">\n\t\t\t\t<div class=\"elementor-widget-container\">\n\t\t\t\t\t\t\t\t\t<p>BagManufacturer'daki misyonumuz, el \u00e7antalar\u0131ndan s\u0131rt \u00e7antalar\u0131na, bez \u00e7antalardan deri \u00e7antalara kadar \u00e7ok \u00e7e\u015fitli \u00e7anta koleksiyonlar\u0131 tasarlamak ve \u00fcretmektir. Siz de\u011ferli m\u00fc\u015fterilerimizin ihtiya\u00e7lar\u0131n\u0131 ve tercihlerini, onlara g\u00fcnl\u00fck ya\u015famlar\u0131n\u0131 g\u00fczelle\u015ftiren y\u00fcksek kaliteli ve \u015f\u0131k \u00e7antalar sunarak kar\u015f\u0131lamaya kararl\u0131y\u0131z. \u0130\u015f\u00e7ili\u011fe olan ba\u011fl\u0131l\u0131\u011f\u0131m\u0131z ve detaylara g\u00f6sterdi\u011fimiz \u00f6zen sayesinde, s\u00fcrekli olarak beklentileri a\u015fan \u00fcr\u00fcnler sunmaya \u00e7al\u0131\u015f\u0131yoruz. Yenilik, i\u015flevsellik ve estetik \u00e7ekicili\u011fi bir araya getirerek, g\u00fcvenilir ve modaya uygun \u00e7antalar arayan bireylerin tercihi olmay\u0131 hedefliyoruz. BagManufacturer olarak nihai hedefimiz, insanlara benzersiz tarzlar\u0131n\u0131 ifade etmeleri ve ola\u011fan\u00fcst\u00fc \u00e7anta \u00e7e\u015fitlerimizle deneyimlerini geli\u015ftirmeleri i\u00e7in ilham vermek ve onlar\u0131 g\u00fc\u00e7lendirmektir.<\/p>\t\t\t\t\t\t\t\t<\/div>\n\t\t\t\t<\/div>\n\t\t\t\t<\/div>\n\t\t\t\t\t<\/div>\n\t\t\t\t<\/div>\n\t\t<div class=\"elementor-element elementor-element-039cfe0 e-con-full e-flex e-con e-parent\" data-id=\"039cfe0\" data-element_type=\"container\">\n\t\t<div class=\"elementor-element elementor-element-a9f8db4 e-con-full e-flex e-con e-child\" data-id=\"a9f8db4\" data-element_type=\"container\" data-settings=\"{&quot;background_background&quot;:&quot;classic&quot;}\">\n\t\t\t\t<div class=\"elementor-element elementor-element-64e4bb9 elementor-widget elementor-widget-google_maps\" data-id=\"64e4bb9\" data-element_type=\"widget\" data-widget_type=\"google_maps.default\">\n\t\t\t\t<div class=\"elementor-widget-container\">\n\t\t\t\t\t\t\t<div class=\"elementor-custom-embed\">\n\t\t\t<iframe loading=\"lazy\"\n\t\t\t\t\tsrc=\"https:\/\/maps.google.com\/maps?q=China%2C%205%2C%20Huadu%20District%2C%20Shiling%2C%20Guangzhou&#038;t=m&#038;z=17&#038;output=embed&#038;iwloc=near\"\n\t\t\t\t\ttitle=\"\u00c7in, 5, Huadu District, Shiling, Guangzhou\"\n\t\t\t\t\taria-label=\"\u00c7in, 5, Huadu District, Shiling, Guangzhou\"\n\t\t\t><\/iframe>\n\t\t<\/div>\n\t\t\t\t\t\t<\/div>\n\t\t\t\t<\/div>\n\t\t\t\t<\/div>\n\t\t<div class=\"elementor-element elementor-element-c4d0621 e-con-full e-flex e-con e-child\" data-id=\"c4d0621\" data-element_type=\"container\">\n\t\t\t\t<div class=\"elementor-element elementor-element-2588430 elementor-widget elementor-widget-heading\" data-id=\"2588430\" data-element_type=\"widget\" data-widget_type=\"heading.default\">\n\t\t\t\t<div class=\"elementor-widget-container\">\n\t\t\t\t\t<h2 class=\"elementor-heading-title elementor-size-default\">Bizi Ziyaret Edin<\/h2>\t\t\t\t<\/div>\n\t\t\t\t<\/div>\n\t\t\t\t<div class=\"elementor-element elementor-element-c07d984 elementor-widget elementor-widget-icon-box\" data-id=\"c07d984\" data-element_type=\"widget\" data-widget_type=\"icon-box.default\">\n\t\t\t\t<div class=\"elementor-widget-container\">\n\t\t\t\t\t\t\t<div class=\"elementor-icon-box-wrapper\">\n\n\t\t\t\n\t\t\t\t\t\t<div class=\"elementor-icon-box-content\">\n\n\t\t\t\t\t\t\t\t\t<h4 class=\"elementor-icon-box-title\">\n\t\t\t\t\t\t<span  >\n\t\t\t\t\t\t\tAdres:\t\t\t\t\t\t<\/span>\n\t\t\t\t\t<\/h4>\n\t\t\t\t\n\t\t\t\t\t\t\t\t\t<p class=\"elementor-icon-box-description\">\n\t\t\t\t\t\t\u00c7in, 5, Huadu District, Shiling, Guangzhou\t\t\t\t\t<\/p>\n\t\t\t\t\n\t\t\t<\/div>\n\t\t\t\n\t\t<\/div>\n\t\t\t\t\t\t<\/div>\n\t\t\t\t<\/div>\n\t\t\t\t<\/div>\n\t\t\t\t<\/div>\n\t\t<div class=\"elementor-element elementor-element-53a85905 e-flex e-con-boxed e-con e-parent\" data-id=\"53a85905\" data-element_type=\"container\">\n\t\t\t\t\t<div class=\"e-con-inner\">\n\t\t\t\t<div class=\"elementor-element elementor-element-761f1c42 elementor-widget__width-initial elementor-widget elementor-widget-heading\" data-id=\"761f1c42\" data-element_type=\"widget\" data-widget_type=\"heading.default\">\n\t\t\t\t<div class=\"elementor-widget-container\">\n\t\t\t\t\t<h2 class=\"elementor-heading-title elementor-size-default\">Harika \u00e7antalar i\u00e7in haz\u0131r m\u0131s\u0131n\u0131z? \u015eimdi fiyat teklifi al\u0131n!<\/h2>\t\t\t\t<\/div>\n\t\t\t\t<\/div>\n\t\t\t\t<div class=\"elementor-element elementor-element-356102fb elementor-align-center elementor-mobile-align-center elementor-widget elementor-widget-button\" data-id=\"356102fb\" data-element_type=\"widget\" data-widget_type=\"button.default\">\n\t\t\t\t<div class=\"elementor-widget-container\">\n\t\t\t\t\t\t\t\t\t<div class=\"elementor-button-wrapper\">\n\t\t\t\t\t<a class=\"elementor-button elementor-button-link elementor-size-sm\" href=\"https:\/\/bagmanufacturer.net\/tr\/contact-us\/\">\n\t\t\t\t\t\t<span class=\"elementor-button-content-wrapper\">\n\t\t\t\t\t\t\t\t\t<span class=\"elementor-button-text\">Bize Ula\u015f\u0131n<\/span>\n\t\t\t\t\t<\/span>\n\t\t\t\t\t<\/a>\n\t\t\t\t<\/div>\n\t\t\t\t\t\t\t\t<\/div>\n\t\t\t\t<\/div>\n\t\t\t\t\t<\/div>\n\t\t\t\t<\/div>\n\t\t\t\t<\/div>","protected":false},"excerpt":{"rendered":"<p>Hakk\u0131m\u0131zda \u00c7in, 5, Huadu B\u00f6lgesi, Shiling, Guangzhou merkezli lider bir \u00f6zel \u00e7anta \u00fcreticisi olan BagManufacturer'a ho\u015f geldiniz. 2003'teki kurulu\u015fumuzdan bu yana, kendimizi zarif el \u00e7antalar\u0131, s\u0131rt \u00e7antalar\u0131, bez \u00e7antalar ve daha fazlas\u0131n\u0131 \u00fcretmeye adad\u0131k. E\u015fsiz ve y\u00fcksek kaliteli \u00e7antalar yaratma tutkumuz, ba\u015far\u0131m\u0131z\u0131n arkas\u0131ndaki itici g\u00fc\u00e7 olmu\u015ftur. BagManufacturer'da biz [...]<\/p>","protected":false},"author":1,"featured_media":0,"parent":0,"menu_order":0,"comment_status":"closed","ping_status":"closed","template":"","meta":{"footnotes":""},"aioseo_notices":[],"_links":{"self":[{"href":"https:\/\/bagmanufacturer.net\/tr\/wp-json\/wp\/v2\/pages\/50"}],"collection":[{"href":"https:\/\/bagmanufacturer.net\/tr\/wp-json\/wp\/v2\/pages"}],"about":[{"href":"https:\/\/bagmanufacturer.net\/tr\/wp-json\/wp\/v2\/types\/page"}],"author":[{"embeddable":true,"href":"https:\/\/bagmanufacturer.net\/tr\/wp-json\/wp\/v2\/users\/1"}],"replies":[{"embeddable":true,"href":"https:\/\/bagmanufacturer.net\/tr\/wp-json\/wp\/v2\/comments?post=50"}],"version-history":[{"count":23,"href":"https:\/\/bagmanufacturer.net\/tr\/wp-json\/wp\/v2\/pages\/50\/revisions"}],"predecessor-version":[{"id":4651,"href":"https:\/\/bagmanufacturer.net\/tr\/wp-json\/wp\/v2\/pages\/50\/revisions\/4651"}],"wp:attachment":[{"href":"https:\/\/bagmanufacturer.net\/tr\/wp-json\/wp\/v2\/media?parent=50"}],"curies":[{"name":"wp","href":"https:\/\/api.w.org\/{rel}","templated":true}]}}