{"id":523,"date":"2023-09-27T08:03:49","date_gmt":"2023-09-27T07:03:49","guid":{"rendered":"https:\/\/bagmanufacturer.net\/?page_id=523"},"modified":"2025-10-21T21:06:10","modified_gmt":"2025-10-21T13:06:10","slug":"blog","status":"publish","type":"page","link":"https:\/\/bagmanufacturer.net\/tr\/blog\/","title":{"rendered":"Blog"},"content":{"rendered":"<div data-elementor-type=\"wp-page\" data-elementor-id=\"523\" class=\"elementor elementor-523\" data-elementor-post-type=\"page\">\n\t\t\t\t<div class=\"elementor-element elementor-element-2a26a95 e-flex e-con-boxed e-con e-parent\" data-id=\"2a26a95\" data-element_type=\"container\">\n\t\t\t\t\t<div class=\"e-con-inner\">\n\t\t<div class=\"elementor-element elementor-element-304e7286 e-flex e-con-boxed e-con e-child\" data-id=\"304e7286\" data-element_type=\"container\" data-settings=\"{&quot;background_background&quot;:&quot;classic&quot;}\">\n\t\t\t\t\t<div class=\"e-con-inner\">\n\t\t\t\t<div class=\"elementor-element elementor-element-21218559 elementor-widget elementor-widget-heading\" data-id=\"21218559\" data-element_type=\"widget\" data-widget_type=\"heading.default\">\n\t\t\t\t<div class=\"elementor-widget-container\">\n\t\t\t\t\t<h1 class=\"elementor-heading-title elementor-size-default\">Kaynak Merkezi<\/h1>\t\t\t\t<\/div>\n\t\t\t\t<\/div>\n\t\t\t\t\t<\/div>\n\t\t\t\t<\/div>\n\t\t\t\t\t<\/div>\n\t\t\t\t<\/div>\n\t\t<div class=\"elementor-element elementor-element-5fae713b e-flex e-con-boxed e-con e-parent\" data-id=\"5fae713b\" data-element_type=\"container\">\n\t\t\t\t\t<div class=\"e-con-inner\">\n\t\t\t\t<div class=\"elementor-element elementor-element-2760742d elementor-posts__hover-none elementor-widget__width-initial elementor-grid-3 elementor-grid-tablet-2 elementor-grid-mobile-1 elementor-posts--thumbnail-top elementor-posts--show-avatar elementor-widget elementor-widget-posts\" data-id=\"2760742d\" data-element_type=\"widget\" data-settings=\"{&quot;cards_row_gap&quot;:{&quot;unit&quot;:&quot;px&quot;,&quot;size&quot;:80,&quot;sizes&quot;:[]},&quot;cards_row_gap_tablet&quot;:{&quot;unit&quot;:&quot;px&quot;,&quot;size&quot;:71,&quot;sizes&quot;:[]},&quot;cards_row_gap_mobile&quot;:{&quot;unit&quot;:&quot;px&quot;,&quot;size&quot;:30,&quot;sizes&quot;:[]},&quot;pagination_type&quot;:&quot;numbers&quot;,&quot;cards_columns&quot;:&quot;3&quot;,&quot;cards_columns_tablet&quot;:&quot;2&quot;,&quot;cards_columns_mobile&quot;:&quot;1&quot;}\" data-widget_type=\"posts.cards\">\n\t\t\t\t<div class=\"elementor-widget-container\">\n\t\t\t\t\t\t\t<div class=\"elementor-posts-container elementor-posts elementor-posts--skin-cards elementor-grid\">\n\t\t\t\t<article class=\"elementor-post elementor-grid-item post-4806 post type-post status-publish format-standard has-post-thumbnail hentry category-blog\">\n\t\t\t<div class=\"elementor-post__card\">\n\t\t\t\t<a class=\"elementor-post__thumbnail__link\" href=\"https:\/\/bagmanufacturer.net\/tr\/blog\/humanizey-review-humanize-ai-text-free\/\" tabindex=\"-1\" target=\"_blank\"><div class=\"elementor-post__thumbnail\"><img fetchpriority=\"high\" width=\"2068\" height=\"1354\" src=\"https:\/\/bagmanufacturer.net\/wp-content\/uploads\/2025\/10\/humanizey-homepage.jpg\" class=\"attachment-full size-full wp-image-4808\" alt=\"humanizey ana sayfa\" decoding=\"async\" srcset=\"https:\/\/bagmanufacturer.net\/wp-content\/uploads\/2025\/10\/humanizey-homepage.jpg 2068w, https:\/\/bagmanufacturer.net\/wp-content\/uploads\/2025\/10\/humanizey-homepage-300x196.jpg 300w, https:\/\/bagmanufacturer.net\/wp-content\/uploads\/2025\/10\/humanizey-homepage-1024x670.jpg 1024w, https:\/\/bagmanufacturer.net\/wp-content\/uploads\/2025\/10\/humanizey-homepage-768x503.jpg 768w, https:\/\/bagmanufacturer.net\/wp-content\/uploads\/2025\/10\/humanizey-homepage-1536x1006.jpg 1536w, https:\/\/bagmanufacturer.net\/wp-content\/uploads\/2025\/10\/humanizey-homepage-2048x1341.jpg 2048w, https:\/\/bagmanufacturer.net\/wp-content\/uploads\/2025\/10\/humanizey-homepage-18x12.jpg 18w\" sizes=\"(max-width: 2068px) 100vw, 2068px\" \/><\/div><\/a>\n\t\t\t\t<div class=\"elementor-post__avatar\">\n\t\t\t<img alt='Olivia Chou' src='https:\/\/secure.gravatar.com\/avatar\/69da745b021b6140851aa775531136db?s=128&#038;d=mm&#038;r=g' srcset='https:\/\/secure.gravatar.com\/avatar\/69da745b021b6140851aa775531136db?s=256&#038;d=mm&#038;r=g 2x' class='avatar avatar-128 photo' height='128' width='128' decoding='async'\/>\t\t<\/div>\n\t\t\t\t<div class=\"elementor-post__text\">\n\t\t\t\t<h2 class=\"elementor-post__title\">\n\t\t\t<a href=\"https:\/\/bagmanufacturer.net\/tr\/blog\/humanizey-review-humanize-ai-text-free\/\" target=\"&quot;_blank&quot;\">\n\t\t\t\tHumanizey \u0130ncelemesi: Yapay Zeka Metinlerini \u00dccretsiz \u0130nsanc\u0131lla\u015ft\u0131r\u0131n\t\t\t<\/a>\n\t\t<\/h2>\n\t\t\t\t<div class=\"elementor-post__excerpt\">\n\t\t\t<p>Blog Humanizey \u0130ncelemesi: Yapay Zeka Metnini \u00dccretsiz \u0130nsanla\u015ft\u0131r\u0131n Yapay zeka yazma ara\u00e7lar\u0131 neredeyse her \u015feyi yapabilir - denemeler yazabilir, bloglar haz\u0131rlayabilir,<\/p>\n\t\t<\/div>\n\t\t\t\t\t<div class=\"elementor-post__read-more-wrapper\">\n\t\t\n\t\t<a class=\"elementor-post__read-more\" href=\"https:\/\/bagmanufacturer.net\/tr\/blog\/humanizey-review-humanize-ai-text-free\/\" aria-label=\"Read more about Humanizey Review: Humanize AI Text for Free\" tabindex=\"-1\" target=\"_blank\">\n\t\t\tDaha fazla bilgi edinin\t\t<\/a>\n\n\t\t\t\t\t<\/div>\n\t\t\t\t<\/div>\n\t\t\t\t<div class=\"elementor-post__meta-data\">\n\t\t\t\t\t<span class=\"elementor-post-date\">\n\t\t\t21 Ekim 2025\t\t<\/span>\n\t\t\t\t<\/div>\n\t\t\t\t\t<\/div>\n\t\t<\/article>\n\t\t\t\t<article class=\"elementor-post elementor-grid-item post-4672 post type-post status-publish format-standard has-post-thumbnail hentry category-blog\">\n\t\t\t<div class=\"elementor-post__card\">\n\t\t\t\t<a class=\"elementor-post__thumbnail__link\" href=\"https:\/\/bagmanufacturer.net\/tr\/blog\/pcbpit-review\/\" tabindex=\"-1\" target=\"_blank\"><div class=\"elementor-post__thumbnail\"><img width=\"2459\" height=\"1247\" src=\"https:\/\/bagmanufacturer.net\/wp-content\/uploads\/2023\/11\/PCBPit-min.png\" class=\"attachment-full size-full wp-image-4674\" alt=\"PCBPit\" decoding=\"async\" srcset=\"https:\/\/bagmanufacturer.net\/wp-content\/uploads\/2023\/11\/PCBPit-min.png 2459w, https:\/\/bagmanufacturer.net\/wp-content\/uploads\/2023\/11\/PCBPit-min-300x152.png 300w, https:\/\/bagmanufacturer.net\/wp-content\/uploads\/2023\/11\/PCBPit-min-1024x519.png 1024w, https:\/\/bagmanufacturer.net\/wp-content\/uploads\/2023\/11\/PCBPit-min-768x389.png 768w, https:\/\/bagmanufacturer.net\/wp-content\/uploads\/2023\/11\/PCBPit-min-1536x779.png 1536w, https:\/\/bagmanufacturer.net\/wp-content\/uploads\/2023\/11\/PCBPit-min-2048x1039.png 2048w, https:\/\/bagmanufacturer.net\/wp-content\/uploads\/2023\/11\/PCBPit-min-18x9.png 18w\" sizes=\"(max-width: 2459px) 100vw, 2459px\" \/><\/div><\/a>\n\t\t\t\t<div class=\"elementor-post__avatar\">\n\t\t\t<img alt='Olivia Chou' src='https:\/\/secure.gravatar.com\/avatar\/69da745b021b6140851aa775531136db?s=128&#038;d=mm&#038;r=g' srcset='https:\/\/secure.gravatar.com\/avatar\/69da745b021b6140851aa775531136db?s=256&#038;d=mm&#038;r=g 2x' class='avatar avatar-128 photo' height='128' width='128' decoding='async'\/>\t\t<\/div>\n\t\t\t\t<div class=\"elementor-post__text\">\n\t\t\t\t<h2 class=\"elementor-post__title\">\n\t\t\t<a href=\"https:\/\/bagmanufacturer.net\/tr\/blog\/pcbpit-review\/\" target=\"&quot;_blank&quot;\">\n\t\t\t\tPCBPit \u0130ncelemesi: PCB Montaj Hizmeti Hakk\u0131nda Konu\u015fal\u0131m\t\t\t<\/a>\n\t\t<\/h2>\n\t\t\t\t<div class=\"elementor-post__excerpt\">\n\t\t\t<p>Blog PCBPit \u0130ncelemesi: PCB Montaj Hizmeti Hakk\u0131nda Konu\u015fal\u0131m Elektroni\u011fin dinamik d\u00fcnyas\u0131nda, kalp<\/p>\n\t\t<\/div>\n\t\t\t\t\t<div class=\"elementor-post__read-more-wrapper\">\n\t\t\n\t\t<a class=\"elementor-post__read-more\" href=\"https:\/\/bagmanufacturer.net\/tr\/blog\/pcbpit-review\/\" aria-label=\"PCBPit \u0130ncelemesi hakk\u0131nda daha fazla bilgi edinin: PCB Montaj Hizmeti Hakk\u0131nda Konu\u015fal\u0131m\" tabindex=\"-1\" target=\"_blank\">\n\t\t\tDaha fazla bilgi edinin\t\t<\/a>\n\n\t\t\t\t\t<\/div>\n\t\t\t\t<\/div>\n\t\t\t\t<div class=\"elementor-post__meta-data\">\n\t\t\t\t\t<span class=\"elementor-post-date\">\n\t\t\t28 Kas\u0131m 2023\t\t<\/span>\n\t\t\t\t<\/div>\n\t\t\t\t\t<\/div>\n\t\t<\/article>\n\t\t\t\t<article class=\"elementor-post elementor-grid-item post-4449 post type-post status-publish format-standard has-post-thumbnail hentry category-blog\">\n\t\t\t<div class=\"elementor-post__card\">\n\t\t\t\t<a class=\"elementor-post__thumbnail__link\" href=\"https:\/\/bagmanufacturer.net\/tr\/blog\/10-best-bag-manufacturers-in-china\/\" tabindex=\"-1\" target=\"_blank\"><div class=\"elementor-post__thumbnail\"><img width=\"2521\" height=\"1215\" src=\"https:\/\/bagmanufacturer.net\/wp-content\/uploads\/2023\/11\/\u4f01\u4e1a\u5fae\u4fe1\u622a\u56fe_16988301704599.png\" class=\"attachment-full size-full wp-image-4451\" alt=\"\" decoding=\"async\" srcset=\"https:\/\/bagmanufacturer.net\/wp-content\/uploads\/2023\/11\/\u4f01\u4e1a\u5fae\u4fe1\u622a\u56fe_16988301704599.png 2521w, https:\/\/bagmanufacturer.net\/wp-content\/uploads\/2023\/11\/\u4f01\u4e1a\u5fae\u4fe1\u622a\u56fe_16988301704599-300x145.png 300w, https:\/\/bagmanufacturer.net\/wp-content\/uploads\/2023\/11\/\u4f01\u4e1a\u5fae\u4fe1\u622a\u56fe_16988301704599-1024x494.png 1024w, https:\/\/bagmanufacturer.net\/wp-content\/uploads\/2023\/11\/\u4f01\u4e1a\u5fae\u4fe1\u622a\u56fe_16988301704599-768x370.png 768w, https:\/\/bagmanufacturer.net\/wp-content\/uploads\/2023\/11\/\u4f01\u4e1a\u5fae\u4fe1\u622a\u56fe_16988301704599-1536x740.png 1536w, https:\/\/bagmanufacturer.net\/wp-content\/uploads\/2023\/11\/\u4f01\u4e1a\u5fae\u4fe1\u622a\u56fe_16988301704599-2048x987.png 2048w, https:\/\/bagmanufacturer.net\/wp-content\/uploads\/2023\/11\/\u4f01\u4e1a\u5fae\u4fe1\u622a\u56fe_16988301704599-18x9.png 18w\" sizes=\"(max-width: 2521px) 100vw, 2521px\" \/><\/div><\/a>\n\t\t\t\t<div class=\"elementor-post__avatar\">\n\t\t\t<img alt='Olivia Chou' src='https:\/\/secure.gravatar.com\/avatar\/69da745b021b6140851aa775531136db?s=128&#038;d=mm&#038;r=g' srcset='https:\/\/secure.gravatar.com\/avatar\/69da745b021b6140851aa775531136db?s=256&#038;d=mm&#038;r=g 2x' class='avatar avatar-128 photo' height='128' width='128' decoding='async'\/>\t\t<\/div>\n\t\t\t\t<div class=\"elementor-post__text\">\n\t\t\t\t<h2 class=\"elementor-post__title\">\n\t\t\t<a href=\"https:\/\/bagmanufacturer.net\/tr\/blog\/10-best-bag-manufacturers-in-china\/\" target=\"&quot;_blank&quot;\">\n\t\t\t\t\u00c7in'deki En \u0130yi 10 \u00c7anta \u00dcreticisi\t\t\t<\/a>\n\t\t<\/h2>\n\t\t\t\t<div class=\"elementor-post__excerpt\">\n\t\t\t<p>Blog \u00c7in'deki En \u0130yi 10 \u00c7anta \u00dcreticisi: \u00c7antalar\u0131n\u0131z\u0131 Zahmetsizce \u00d6zelle\u015ftirin 1. BagManufacturer BagManufacturer.net bir \u00e7anta \u00fcreticisi olarak \u00f6ne \u00e7\u0131k\u0131yor<\/p>\n\t\t<\/div>\n\t\t\t\t\t<div class=\"elementor-post__read-more-wrapper\">\n\t\t\n\t\t<a class=\"elementor-post__read-more\" href=\"https:\/\/bagmanufacturer.net\/tr\/blog\/10-best-bag-manufacturers-in-china\/\" aria-label=\"\u00c7in&#039;deki En \u0130yi 10 \u00c7anta \u00dcreticisi hakk\u0131nda devam\u0131n\u0131 oku\" tabindex=\"-1\" target=\"_blank\">\n\t\t\tDaha fazla bilgi edinin\t\t<\/a>\n\n\t\t\t\t\t<\/div>\n\t\t\t\t<\/div>\n\t\t\t\t<div class=\"elementor-post__meta-data\">\n\t\t\t\t\t<span class=\"elementor-post-date\">\n\t\t\t14 Kas\u0131m 2023\t\t<\/span>\n\t\t\t\t<\/div>\n\t\t\t\t\t<\/div>\n\t\t<\/article>\n\t\t\t\t<article class=\"elementor-post elementor-grid-item post-1291 post type-post status-publish format-standard has-post-thumbnail hentry category-blog\">\n\t\t\t<div class=\"elementor-post__card\">\n\t\t\t\t<a class=\"elementor-post__thumbnail__link\" href=\"https:\/\/bagmanufacturer.net\/tr\/blog\/the-custom-bag-company-review\/\" tabindex=\"-1\" target=\"_blank\"><div class=\"elementor-post__thumbnail\"><img loading=\"lazy\" width=\"2519\" height=\"1224\" src=\"https:\/\/bagmanufacturer.net\/wp-content\/uploads\/2023\/11\/\u4f01\u4e1a\u5fae\u4fe1\u622a\u56fe_16988173467450.png\" class=\"attachment-full size-full wp-image-1282\" alt=\"thecustombag.com\/ i\u00e7in ana sayfan\u0131n ekran g\u00f6r\u00fcnt\u00fcs\u00fc\" decoding=\"async\" srcset=\"https:\/\/bagmanufacturer.net\/wp-content\/uploads\/2023\/11\/\u4f01\u4e1a\u5fae\u4fe1\u622a\u56fe_16988173467450.png 2519w, https:\/\/bagmanufacturer.net\/wp-content\/uploads\/2023\/11\/\u4f01\u4e1a\u5fae\u4fe1\u622a\u56fe_16988173467450-300x146.png 300w, https:\/\/bagmanufacturer.net\/wp-content\/uploads\/2023\/11\/\u4f01\u4e1a\u5fae\u4fe1\u622a\u56fe_16988173467450-1024x498.png 1024w, https:\/\/bagmanufacturer.net\/wp-content\/uploads\/2023\/11\/\u4f01\u4e1a\u5fae\u4fe1\u622a\u56fe_16988173467450-768x373.png 768w, https:\/\/bagmanufacturer.net\/wp-content\/uploads\/2023\/11\/\u4f01\u4e1a\u5fae\u4fe1\u622a\u56fe_16988173467450-1536x746.png 1536w, https:\/\/bagmanufacturer.net\/wp-content\/uploads\/2023\/11\/\u4f01\u4e1a\u5fae\u4fe1\u622a\u56fe_16988173467450-2048x995.png 2048w\" sizes=\"(max-width: 2519px) 100vw, 2519px\" \/><\/div><\/a>\n\t\t\t\t<div class=\"elementor-post__avatar\">\n\t\t\t<img alt='Olivia Chou' src='https:\/\/secure.gravatar.com\/avatar\/69da745b021b6140851aa775531136db?s=128&#038;d=mm&#038;r=g' srcset='https:\/\/secure.gravatar.com\/avatar\/69da745b021b6140851aa775531136db?s=256&#038;d=mm&#038;r=g 2x' class='avatar avatar-128 photo' height='128' width='128' decoding='async'\/>\t\t<\/div>\n\t\t\t\t<div class=\"elementor-post__text\">\n\t\t\t\t<h2 class=\"elementor-post__title\">\n\t\t\t<a href=\"https:\/\/bagmanufacturer.net\/tr\/blog\/the-custom-bag-company-review\/\" target=\"&quot;_blank&quot;\">\n\t\t\t\t\u00d6zel \u00c7anta \u015eirketi \u0130ncelemesi: Kalite ve Ki\u015fiselle\u015ftirmeyi Ortaya \u00c7\u0131kar\u0131yor\t\t\t<\/a>\n\t\t<\/h2>\n\t\t\t\t<div class=\"elementor-post__excerpt\">\n\t\t\t<p>Blog The Custom Bag Company \u0130ncelemesi: Kuzey Amerika'n\u0131n \u00e7e\u015fitli co\u011frafi b\u00f6lgelerinde k\u00f6k salm\u0131\u015f k\u00f6kleri ile Kalite ve Ki\u015fiselle\u015ftirmeyi Ortaya \u00c7\u0131kar\u0131yor<\/p>\n\t\t<\/div>\n\t\t\t\t\t<div class=\"elementor-post__read-more-wrapper\">\n\t\t\n\t\t<a class=\"elementor-post__read-more\" href=\"https:\/\/bagmanufacturer.net\/tr\/blog\/the-custom-bag-company-review\/\" aria-label=\"The Custom Bag Company \u0130ncelemesi hakk\u0131nda devam\u0131n\u0131 oku: Kalite ve Ki\u015fiselle\u015ftirmeyi Ortaya \u00c7\u0131kar\u0131yor\" tabindex=\"-1\" target=\"_blank\">\n\t\t\tDaha fazla bilgi edinin\t\t<\/a>\n\n\t\t\t\t\t<\/div>\n\t\t\t\t<\/div>\n\t\t\t\t<div class=\"elementor-post__meta-data\">\n\t\t\t\t\t<span class=\"elementor-post-date\">\n\t\t\t1 Kas\u0131m 2023\t\t<\/span>\n\t\t\t\t<\/div>\n\t\t\t\t\t<\/div>\n\t\t<\/article>\n\t\t\t\t<article class=\"elementor-post elementor-grid-item post-1273 post type-post status-publish format-standard has-post-thumbnail hentry category-blog\">\n\t\t\t<div class=\"elementor-post__card\">\n\t\t\t\t<a class=\"elementor-post__thumbnail__link\" href=\"https:\/\/bagmanufacturer.net\/tr\/blog\/beanbing-review-find-alternatives-of-the-china-based-bag-manufacturer\/\" tabindex=\"-1\" target=\"_blank\"><div class=\"elementor-post__thumbnail\"><img loading=\"lazy\" width=\"1600\" height=\"681\" src=\"https:\/\/bagmanufacturer.net\/wp-content\/uploads\/2023\/11\/pasted_image_01.png\" class=\"attachment-full size-full wp-image-1275\" alt=\"beanbing.com ana sayfa ekran g\u00f6r\u00fcnt\u00fcs\u00fc\" decoding=\"async\" srcset=\"https:\/\/bagmanufacturer.net\/wp-content\/uploads\/2023\/11\/pasted_image_01.png 1600w, https:\/\/bagmanufacturer.net\/wp-content\/uploads\/2023\/11\/pasted_image_01-300x128.png 300w, https:\/\/bagmanufacturer.net\/wp-content\/uploads\/2023\/11\/pasted_image_01-1024x436.png 1024w, https:\/\/bagmanufacturer.net\/wp-content\/uploads\/2023\/11\/pasted_image_01-768x327.png 768w, https:\/\/bagmanufacturer.net\/wp-content\/uploads\/2023\/11\/pasted_image_01-1536x654.png 1536w\" sizes=\"(max-width: 1600px) 100vw, 1600px\" \/><\/div><\/a>\n\t\t\t\t<div class=\"elementor-post__avatar\">\n\t\t\t<img alt='Olivia Chou' src='https:\/\/secure.gravatar.com\/avatar\/69da745b021b6140851aa775531136db?s=128&#038;d=mm&#038;r=g' srcset='https:\/\/secure.gravatar.com\/avatar\/69da745b021b6140851aa775531136db?s=256&#038;d=mm&#038;r=g 2x' class='avatar avatar-128 photo' height='128' width='128' decoding='async'\/>\t\t<\/div>\n\t\t\t\t<div class=\"elementor-post__text\">\n\t\t\t\t<h2 class=\"elementor-post__title\">\n\t\t\t<a href=\"https:\/\/bagmanufacturer.net\/tr\/blog\/beanbing-review-find-alternatives-of-the-china-based-bag-manufacturer\/\" target=\"&quot;_blank&quot;\">\n\t\t\t\tBeanBing \u0130ncelemesi: \u00c7in Merkezli \u00c7anta \u00dcreticisinin Alternatiflerini Bulun\t\t\t<\/a>\n\t\t<\/h2>\n\t\t\t\t<div class=\"elementor-post__excerpt\">\n\t\t\t<p>Blog BeanBing \u0130ncelemesi: \u00c7in Merkezli \u00c7anta \u00dcreticisinin Alternatiflerini Bulun BeanBing'i tam hizmet veren bir deri \u00e7anta \u00fcreticisi olarak tan\u0131yorum<\/p>\n\t\t<\/div>\n\t\t\t\t\t<div class=\"elementor-post__read-more-wrapper\">\n\t\t\n\t\t<a class=\"elementor-post__read-more\" href=\"https:\/\/bagmanufacturer.net\/tr\/blog\/beanbing-review-find-alternatives-of-the-china-based-bag-manufacturer\/\" aria-label=\"BeanBing \u0130ncelemesi hakk\u0131nda daha fazlas\u0131n\u0131 okuyun: \u00c7in Merkezli \u00c7anta \u00dcreticisinin Alternatiflerini Bulun\" tabindex=\"-1\" target=\"_blank\">\n\t\t\tDaha fazla bilgi edinin\t\t<\/a>\n\n\t\t\t\t\t<\/div>\n\t\t\t\t<\/div>\n\t\t\t\t<div class=\"elementor-post__meta-data\">\n\t\t\t\t\t<span class=\"elementor-post-date\">\n\t\t\t1 Kas\u0131m 2023\t\t<\/span>\n\t\t\t\t<\/div>\n\t\t\t\t\t<\/div>\n\t\t<\/article>\n\t\t\t\t<article class=\"elementor-post elementor-grid-item post-1264 post type-post status-publish format-standard has-post-thumbnail hentry category-blog\">\n\t\t\t<div class=\"elementor-post__card\">\n\t\t\t\t<a class=\"elementor-post__thumbnail__link\" href=\"https:\/\/bagmanufacturer.net\/tr\/blog\/useful-tips-to-fix-purse-straps\/\" tabindex=\"-1\" target=\"_blank\"><div class=\"elementor-post__thumbnail\"><img loading=\"lazy\" width=\"2088\" height=\"2560\" src=\"https:\/\/bagmanufacturer.net\/wp-content\/uploads\/2023\/10\/gabrielle-henderson-g-9b4W7N67U-unsplash-scaled.jpg\" class=\"attachment-full size-full wp-image-890\" alt=\"deri\u0307 \u00e7antalar\" decoding=\"async\" srcset=\"https:\/\/bagmanufacturer.net\/wp-content\/uploads\/2023\/10\/gabrielle-henderson-g-9b4W7N67U-unsplash-scaled.jpg 2088w, https:\/\/bagmanufacturer.net\/wp-content\/uploads\/2023\/10\/gabrielle-henderson-g-9b4W7N67U-unsplash-245x300.jpg 245w, https:\/\/bagmanufacturer.net\/wp-content\/uploads\/2023\/10\/gabrielle-henderson-g-9b4W7N67U-unsplash-835x1024.jpg 835w, https:\/\/bagmanufacturer.net\/wp-content\/uploads\/2023\/10\/gabrielle-henderson-g-9b4W7N67U-unsplash-768x942.jpg 768w, https:\/\/bagmanufacturer.net\/wp-content\/uploads\/2023\/10\/gabrielle-henderson-g-9b4W7N67U-unsplash-1253x1536.jpg 1253w, https:\/\/bagmanufacturer.net\/wp-content\/uploads\/2023\/10\/gabrielle-henderson-g-9b4W7N67U-unsplash-1670x2048.jpg 1670w\" sizes=\"(max-width: 2088px) 100vw, 2088px\" \/><\/div><\/a>\n\t\t\t\t<div class=\"elementor-post__avatar\">\n\t\t\t<img alt='Olivia Chou' src='https:\/\/secure.gravatar.com\/avatar\/69da745b021b6140851aa775531136db?s=128&#038;d=mm&#038;r=g' srcset='https:\/\/secure.gravatar.com\/avatar\/69da745b021b6140851aa775531136db?s=256&#038;d=mm&#038;r=g 2x' class='avatar avatar-128 photo' height='128' width='128' decoding='async'\/>\t\t<\/div>\n\t\t\t\t<div class=\"elementor-post__text\">\n\t\t\t\t<h2 class=\"elementor-post__title\">\n\t\t\t<a href=\"https:\/\/bagmanufacturer.net\/tr\/blog\/useful-tips-to-fix-purse-straps\/\" target=\"&quot;_blank&quot;\">\n\t\t\t\t\u00c7anta Ask\u0131lar\u0131n\u0131 Sabitlemek i\u00e7in Faydal\u0131 \u0130pu\u00e7lar\u0131\t\t\t<\/a>\n\t\t<\/h2>\n\t\t\t\t<div class=\"elementor-post__excerpt\">\n\t\t\t<p>Blog \u00c7anta Ask\u0131lar\u0131n\u0131 Onarmak \u0130\u00e7in Faydal\u0131 \u0130pu\u00e7lar\u0131 \u00c7anta ask\u0131lar\u0131 s\u0131kl\u0131kla \u00f6nemli \u00f6l\u00e7\u00fcde a\u015f\u0131nma ve y\u0131pranmaya maruz kal\u0131r ve bu nedenle ara s\u0131ra<\/p>\n\t\t<\/div>\n\t\t\t\t\t<div class=\"elementor-post__read-more-wrapper\">\n\t\t\n\t\t<a class=\"elementor-post__read-more\" href=\"https:\/\/bagmanufacturer.net\/tr\/blog\/useful-tips-to-fix-purse-straps\/\" aria-label=\"\u00c7anta Ask\u0131lar\u0131n\u0131 D\u00fczeltmek i\u00e7in Faydal\u0131 \u0130pu\u00e7lar\u0131 hakk\u0131nda devam\u0131n\u0131 oku\" tabindex=\"-1\" target=\"_blank\">\n\t\t\tDaha fazla bilgi edinin\t\t<\/a>\n\n\t\t\t\t\t<\/div>\n\t\t\t\t<\/div>\n\t\t\t\t<div class=\"elementor-post__meta-data\">\n\t\t\t\t\t<span class=\"elementor-post-date\">\n\t\t\t30 Ekim 2023\t\t<\/span>\n\t\t\t\t<\/div>\n\t\t\t\t\t<\/div>\n\t\t<\/article>\n\t\t\t\t<\/div>\n\t\t\n\t\t\t\t<div class=\"e-load-more-anchor\" data-page=\"1\" data-max-page=\"5\" data-next-page=\"https:\/\/bagmanufacturer.net\/tr\/wp-json\/wp\/v2\/pages\/523\/page\/2\/\"><\/div>\n\t\t\t\t<nav class=\"elementor-pagination\" aria-label=\"Sayfaland\u0131rma\">\n\t\t\t<span aria-current=\"page\" class=\"page-numbers current\"><span class=\"elementor-screen-only\">Sayfa<\/span>1<\/span>\n<a class=\"page-numbers\" href=\"https:\/\/bagmanufacturer.net\/tr\/wp-json\/wp\/v2\/pages\/523\/page\/2\/\"><span class=\"elementor-screen-only\">Sayfa<\/span>2<\/a>\n<a class=\"page-numbers\" href=\"https:\/\/bagmanufacturer.net\/tr\/wp-json\/wp\/v2\/pages\/523\/page\/3\/\"><span class=\"elementor-screen-only\">Sayfa<\/span>3<\/a>\n<a class=\"page-numbers\" href=\"https:\/\/bagmanufacturer.net\/tr\/wp-json\/wp\/v2\/pages\/523\/page\/4\/\"><span class=\"elementor-screen-only\">Sayfa<\/span>4<\/a>\n<a class=\"page-numbers\" href=\"https:\/\/bagmanufacturer.net\/tr\/wp-json\/wp\/v2\/pages\/523\/page\/5\/\"><span class=\"elementor-screen-only\">Sayfa<\/span>5<\/a>\t\t<\/nav>\n\t\t\t\t\t\t<\/div>\n\t\t\t\t<\/div>\n\t\t\t\t\t<\/div>\n\t\t\t\t<\/div>\n\t\t\t\t<\/div>","protected":false},"excerpt":{"rendered":"<p>Kaynak Merkezi<\/p>","protected":false},"author":1,"featured_media":0,"parent":0,"menu_order":0,"comment_status":"closed","ping_status":"closed","template":"","meta":{"footnotes":""},"aioseo_notices":[],"_links":{"self":[{"href":"https:\/\/bagmanufacturer.net\/tr\/wp-json\/wp\/v2\/pages\/523"}],"collection":[{"href":"https:\/\/bagmanufacturer.net\/tr\/wp-json\/wp\/v2\/pages"}],"about":[{"href":"https:\/\/bagmanufacturer.net\/tr\/wp-json\/wp\/v2\/types\/page"}],"author":[{"embeddable":true,"href":"https:\/\/bagmanufacturer.net\/tr\/wp-json\/wp\/v2\/users\/1"}],"replies":[{"embeddable":true,"href":"https:\/\/bagmanufacturer.net\/tr\/wp-json\/wp\/v2\/comments?post=523"}],"version-history":[{"count":91,"href":"https:\/\/bagmanufacturer.net\/tr\/wp-json\/wp\/v2\/pages\/523\/revisions"}],"predecessor-version":[{"id":4816,"href":"https:\/\/bagmanufacturer.net\/tr\/wp-json\/wp\/v2\/pages\/523\/revisions\/4816"}],"wp:attachment":[{"href":"https:\/\/bagmanufacturer.net\/tr\/wp-json\/wp\/v2\/media?parent=523"}],"curies":[{"name":"wp","href":"https:\/\/api.w.org\/{rel}","templated":true}]}}